{"id":994,"date":"2015-10-16T15:19:50","date_gmt":"2015-10-16T15:19:50","guid":{"rendered":"http:\/\/fecomercio-pe.com.br\/site\/?page_id=994"},"modified":"2015-10-16T16:22:34","modified_gmt":"2015-10-16T16:22:34","slug":"pesquisas","status":"publish","type":"page","link":"https:\/\/fecomercio-pe.com.br\/site\/pesquisas\/","title":{"rendered":"Pesquisas"},"content":{"rendered":"<p>[vc_row type=&#8221;&#8221; parallax_background=&#8221;&#8221; parallax_type=&#8221;&#8221; video_background=&#8221;&#8221; video_link=&#8221;&#8221; overlay=&#8221;&#8221; overlay_color=&#8221;#ffffff&#8221; i_select=&#8221;&#8221; icon=&#8221;&#8221; i_bg_color=&#8221;#ffffff&#8221; i_color=&#8221;#21c2f8&#8243; a_select=&#8221;&#8221; a_bg_color=&#8221;#ffffff&#8221; full_width=&#8221;&#8221;][vc_column width=&#8221;1\/2&#8243; animation=&#8221;&#8221;][vc_column_text css_animation=&#8221;&#8221;]O Centro de Pesquisa (Cepesq) foi implantado pela Fecom\u00e9rcio-PE em 2000, quando iniciou o projeto da Pesquisa Conjuntural do Com\u00e9rcio da Regi\u00e3o Metropolitana do Recife (RMR). Liderada pela Confedera\u00e7\u00e3o Nacional do Com\u00e9rcio de Bens, Servi\u00e7os e Turismo (CNC), a pesquisa integra uma rede nacional de acompanhamento da conjuntura comercial, com metodologia pr\u00f3pria, que tem como objetivo mensurar as vari\u00e1veis Faturamento Real, Sal\u00e1rio e N\u00edvel de Emprego.<\/p>\n<p>Em junho de 2002, a Fecom\u00e9rcio-PE, atrav\u00e9s do Cepesq, publicou os primeiros resultados e, a partir desta data, o com\u00e9rcio da RMR passou a contar, mensalmente, com um instrumento de an\u00e1lise das flutua\u00e7\u00f5es do com\u00e9rcio de curto prazo, servindo de refer\u00eancia n\u00e3o s\u00f3 para os empres\u00e1rios, mas para institutos de pesquisas, meios de comunica\u00e7\u00e3o e da sociedade pernambucana em geral.<\/p>\n<p>Em 2004, o Cepesq deu in\u00edcio ao projeto de Pesquisa de Sondagem de Opini\u00e3o, com Consumidores e Empres\u00e1rios da RMR, nas principais datas comemorativas do com\u00e9rcio e, a partir de 2006, atrav\u00e9s da iniciativa do presidente da Fecom\u00e9rcio-PE, Josias Albuquerque, come\u00e7ou o processo de interioriza\u00e7\u00e3o das Pesquisas de Sondagem de Opini\u00e3o, para a cidade de Caruaru. Dois anos depois, em 2008, foi a vez de Garanhuns e, em 2010, houve a expans\u00e3o para as cidades de Petrolina e de Santa Cruz do Capibaribe.<\/p>\n<p>Al\u00e9m da Pesquisa Conjuntural do Com\u00e9rcio da RMR e das pesquisas de Sondagem de Opini\u00e3o da RMR e das cidades de Caruaru, Garanhuns, Petrolina e Santa Cruz do Capibaribe, o Cepesq desenvolve pesquisas de eventos especiais, tais como:[\/vc_column_text][\/vc_column][vc_column width=&#8221;1\/2&#8243; animation=&#8221;&#8221;][vc_single_image image=&#8221;1008&#8243; border_color=&#8221;grey&#8221; img_link_large=&#8221;&#8221; img_link_target=&#8221;_self&#8221; img_size=&#8221;350x&#8221;][\/vc_column][\/vc_row][vc_row type=&#8221;&#8221; parallax_background=&#8221;&#8221; parallax_type=&#8221;&#8221; video_background=&#8221;&#8221; video_link=&#8221;&#8221; overlay=&#8221;&#8221; overlay_color=&#8221;#ffffff&#8221; i_select=&#8221;&#8221; icon=&#8221;&#8221; i_bg_color=&#8221;#ffffff&#8221; i_color=&#8221;#21c2f8&#8243; a_select=&#8221;&#8221; a_bg_color=&#8221;#ffffff&#8221; full_width=&#8221;&#8221;][vc_column width=&#8221;1\/2&#8243; animation=&#8221;&#8221;][vc_column_text css_animation=&#8221;&#8221;]<\/p>\n<h3>1 &#8211; De iniciativa da pr\u00f3pria Fecom\u00e9rcio-PE:<\/h3>\n<ol>\n<li>Avalia\u00e7\u00e3o do uso da internet no com\u00e9rcio<\/li>\n<li>Avalia\u00e7\u00e3o do cr\u00e9dito dos consumidores<\/li>\n<li>Avalia\u00e7\u00e3o da situa\u00e7\u00e3o financeira do consumidor<\/li>\n<li>Avalia\u00e7\u00e3o da crise financeira internaciona<\/li>\n<li>Avalia\u00e7\u00e3o das expectativas dos empres\u00e1rios<\/li>\n<li>Avalia\u00e7\u00e3o da Copa do Mundo para o com\u00e9rcio<\/li>\n<li>Avalia\u00e7\u00e3o dos 100 primeiros dias dos governos estadual e federal<\/li>\n<li>Avalia\u00e7\u00e3o dos impactos da chuva no com\u00e9rcio e servi\u00e7os<\/li>\n<\/ol>\n<p>[\/vc_column_text][\/vc_column][vc_column width=&#8221;1\/2&#8243; animation=&#8221;&#8221;][vc_column_text css_animation=&#8221;&#8221;]<\/p>\n<h3>2 &#8211; De iniciativa de outras institui\u00e7\u00f5es:<\/h3>\n<ol>\n<li>CDL Brasil-Nordeste: Avalia\u00e7\u00e3o de bares e restaurantes do litoral norte de Pernambuco<\/li>\n<li>Instituto Shopping Recife: Censo das atividades econ\u00f4micas da comunidade Entra Apulso\/Perfil dos empreendimentos\/Perfil do jovem trabalhador da Entra Apulso<\/li>\n<li>Sindicatos filiados \u00e0 Fecom\u00e9rcio-PE: Substitui\u00e7\u00e3o tribut\u00e1ria2.4 &#8211; Secretaria da Fazenda Estadual: Uso do Programa de Aplicativo Fiscal (PAF) nas m\u00e1quinas de ECF<\/li>\n<\/ol>\n<p>[\/vc_column_text][\/vc_column][\/vc_row][vc_row parallax_background=&#8221;&#8221; video_background=&#8221;&#8221; overlay=&#8221;&#8221; overlay_color=&#8221;#ffffff&#8221; i_select=&#8221;&#8221; i_bg_color=&#8221;#ffffff&#8221; i_color=&#8221;#21c2f8&#8243; a_select=&#8221;&#8221; a_bg_color=&#8221;#ffffff&#8221; full_width=&#8221;&#8221; css=&#8221;.vc_custom_1445012515852{padding-top: 10px !important;padding-right: 10px !important;padding-bottom: 10px !important;padding-left: 10px !important;background-color: #f9f9f9 !important;}&#8221;][vc_column width=&#8221;1\/2&#8243; animation=&#8221;&#8221;][vc_column_text css_animation=&#8221;&#8221;]<\/p>\n<h3>PESQUISA CONJUNTURAL<\/h3>\n<p>Com periodicidade mensal e com foco nas informa\u00e7\u00f5es das varia\u00e7\u00f5es dos \u00edndices de Faturamento Real, Sal\u00e1rios e N\u00edvel de Emprego, a Pesquisa Conjuntural do Com\u00e9rcio da RMR j\u00e1 se tornou refer\u00eancia das flutua\u00e7\u00f5es do com\u00e9rcio da RMR. O acompanhamento que \u00e9 feito pela pesquisa permite \u00e0s empresas avaliarem seu desempenho em rela\u00e7\u00e3o aos padr\u00f5es estadual e nacional, favorecendo o delineamento de tend\u00eancias, abrindo espa\u00e7o, quando poss\u00edvel para uma interven\u00e7\u00e3o r\u00e1pida capaz de reverter uma dire\u00e7\u00e3o n\u00e3o pretendida ou refor\u00e7ar resultados julgados desej\u00e1veis.[\/vc_column_text][\/vc_column][vc_column width=&#8221;1\/2&#8243; animation=&#8221;&#8221;][vc_column_text css_animation=&#8221;&#8221;]<\/p>\n<p>A pesquisa \u00e9 de natureza explorat\u00f3ria-descritiva levando a Fecom\u00e9rcio-PE a fazer parte de um levantamento de n\u00edvel nacional, coordenado pela CNC. Os dados prim\u00e1rios que fazem parte da pesquisa s\u00e3o obtidos atrav\u00e9s de tr\u00eas meios eletr\u00f4nicos: e-mail, fax e telefone, junto a um painel b\u00e1sico de informantes formado por cerca de 300 empresas distribu\u00eddas em cinco segmentos e 13 ramos de atividades.<\/p>\n<p>[\/vc_column_text][vc_btn title=&#8221;Conhe\u00e7a as nossas pesquisas de opini\u00e3o&#8221; style=&#8221;flat&#8221; shape=&#8221;rounded&#8221; color=&#8221;blue&#8221; size=&#8221;md&#8221; align=&#8221;inline&#8221; i_align=&#8221;left&#8221; i_type=&#8221;fontawesome&#8221; i_icon_fontawesome=&#8221;fa fa-adjust&#8221; i_icon_openiconic=&#8221;vc-oi vc-oi-dial&#8221; i_icon_typicons=&#8221;typcn typcn-adjust-brightness&#8221; i_icon_entypo=&#8221;entypo-icon entypo-icon-note&#8221; i_icon_linecons=&#8221;vc_li vc_li-heart&#8221; css_animation=&#8221;&#8221; button_block=&#8221;&#8221; add_icon=&#8221;&#8221; i_icon_pixelicons=&#8221;vc_pixel_icon vc_pixel_icon-alert&#8221; link=&#8221;url:http%3A%2F%2Ffecomercio-pe.com.br%2Fsite%2Fpesquisas-de-opiniao%2F||&#8221;][\/vc_column][\/vc_row][vc_row parallax_background=&#8221;&#8221; video_background=&#8221;&#8221; overlay=&#8221;&#8221; overlay_color=&#8221;#ffffff&#8221; i_select=&#8221;&#8221; i_bg_color=&#8221;#ffffff&#8221; i_color=&#8221;#21c2f8&#8243; a_select=&#8221;&#8221; a_bg_color=&#8221;#ffffff&#8221; full_width=&#8221;&#8221; css=&#8221;.vc_custom_1445012548626{padding-top: 10px !important;padding-right: 10px !important;padding-bottom: 10px !important;padding-left: 10px !important;background-color: #f9f9f9 !important;}&#8221;][vc_column width=&#8221;1\/2&#8243; animation=&#8221;&#8221;][vc_column_text font_size=&#8221;&#8221; line_height=&#8221;&#8221; animation=&#8221;&#8221; css_animation=&#8221;&#8221;]<\/p>\n<h3>PESQUISA DE SONDAGEM DE OPINI\u00c3O<\/h3>\n<p>As pesquisas de Sondagem de Opini\u00e3o s\u00e3o realizadas pelo Cepesq com Consumidores e Empres\u00e1rios em per\u00edodos especiais para o com\u00e9rcio, nas datas comemorativas mais importantes, como Dia das M\u00e3es, Dia dos Namorados, S\u00e3o Jo\u00e3o, Festival de Inverno de Garanhuns (FIG), Dia dos Pais, Dia das Crian\u00e7as, festas de fim de ano (Natal\/Ano Novo) e avalia\u00e7\u00e3o p\u00f3s-fim de ano.<\/p>\n<p>Os trabalhos t\u00eam por finalidade identificar as principais expectativas de consumidores e empres\u00e1rios em per\u00edodos especiais de consumo e vendas e iniciaram primeiramente na RMR, em 2004, posteriormente em 2006 em Caruaru, 2008 em Garanhuns e 2010 em Petrolina e Santa Cruz do Capibaribe.[\/vc_column_text][\/vc_column][vc_column width=&#8221;1\/2&#8243; animation=&#8221;&#8221;][vc_column_text font_size=&#8221;&#8221; line_height=&#8221;&#8221; animation=&#8221;&#8221; css_animation=&#8221;&#8221;]Os principais resultados esperados com as pesquisas de Sondagem de Opini\u00e3o nos diversos locais onde s\u00e3o realizados os trabalhos s\u00e3o:<\/p>\n<ol>\n<li>Antecipar o comportamento dos consumidores e dos empres\u00e1rios de modo a permitir um melhor planejamento estrat\u00e9gico<\/li>\n<li>Dotar as entidades que comp\u00f5em e executam pol\u00edticas de apoio \u00e0s empresas de um instrumento de avalia\u00e7\u00e3o sistem\u00e1tica do comportamento dos consumidores e dos empres\u00e1rios em datas especiais para o com\u00e9rcio<\/li>\n<li>Aumentar a probabilidade de correta previs\u00e3o de mudan\u00e7a no comportamento dos consumidores e empres\u00e1rios e, conseq\u00fcentemente, permitir \u00e0s empresas e entidades ligadas ao com\u00e9rcio uma r\u00e1pida e eficaz adapta\u00e7\u00e3o a essas mudan\u00e7as<\/li>\n<li>Gerar uma base de dados que possibilite a tomada de decis\u00f5es operacionais e estrat\u00e9gicas.<\/li>\n<\/ol>\n<p>[\/vc_column_text][vc_btn title=&#8221;Conhe\u00e7a as nossas pesquisas de opini\u00e3o&#8221; style=&#8221;flat&#8221; shape=&#8221;rounded&#8221; color=&#8221;blue&#8221; size=&#8221;md&#8221; align=&#8221;inline&#8221; i_align=&#8221;left&#8221; i_type=&#8221;fontawesome&#8221; i_icon_fontawesome=&#8221;fa fa-adjust&#8221; i_icon_openiconic=&#8221;vc-oi vc-oi-dial&#8221; i_icon_typicons=&#8221;typcn typcn-adjust-brightness&#8221; i_icon_entypo=&#8221;entypo-icon entypo-icon-note&#8221; i_icon_linecons=&#8221;vc_li vc_li-heart&#8221; css_animation=&#8221;&#8221; button_block=&#8221;&#8221; add_icon=&#8221;&#8221; i_icon_pixelicons=&#8221;vc_pixel_icon vc_pixel_icon-alert&#8221; link=&#8221;url:http%3A%2F%2Ffecomercio-pe.com.br%2Fsite%2Fpesquisas-de-opiniao%2F||&#8221;][\/vc_column][\/vc_row]<\/p>\n","protected":false},"excerpt":{"rendered":"<p>[vc_row type=&#8221;&#8221; parallax_background=&#8221;&#8221; parallax_type=&#8221;&#8221; video_background=&#8221;&#8221; video_link=&#8221;&#8221; overlay=&#8221;&#8221; overlay_color=&#8221;#ffffff&#8221; i_select=&#8221;&#8221; icon=&#8221;&#8221; i_bg_color=&#8221;#ffffff&#8221; i_color=&#8221;#21c2f8&#8243; a_select=&#8221;&#8221; a_bg_color=&#8221;#ffffff&#8221; full_width=&#8221;&#8221;][vc_column width=&#8221;1\/2&#8243; animation=&#8221;&#8221;][vc_column_text css_animation=&#8221;&#8221;]O Centro de Pesquisa (Cepesq) foi implantado pela Fecom\u00e9rcio-PE em 2000, quando iniciou o projeto da Pesquisa Conjuntural do Com\u00e9rcio da Regi\u00e3o Metropolitana do Recife (RMR). Liderada pela Confedera\u00e7\u00e3o Nacional do Com\u00e9rcio de Bens, Servi\u00e7os e Turismo (CNC),<br \/><a href=\"https:\/\/fecomercio-pe.com.br\/site\/pesquisas\/\" class=\"more\">Read more<\/a><\/p>\n","protected":false},"author":1,"featured_media":0,"parent":0,"menu_order":0,"comment_status":"closed","ping_status":"closed","template":"","meta":{"footnotes":""},"_links":{"self":[{"href":"https:\/\/fecomercio-pe.com.br\/site\/wp-json\/wp\/v2\/pages\/994"}],"collection":[{"href":"https:\/\/fecomercio-pe.com.br\/site\/wp-json\/wp\/v2\/pages"}],"about":[{"href":"https:\/\/fecomercio-pe.com.br\/site\/wp-json\/wp\/v2\/types\/page"}],"author":[{"embeddable":true,"href":"https:\/\/fecomercio-pe.com.br\/site\/wp-json\/wp\/v2\/users\/1"}],"replies":[{"embeddable":true,"href":"https:\/\/fecomercio-pe.com.br\/site\/wp-json\/wp\/v2\/comments?post=994"}],"version-history":[{"count":9,"href":"https:\/\/fecomercio-pe.com.br\/site\/wp-json\/wp\/v2\/pages\/994\/revisions"}],"predecessor-version":[{"id":1022,"href":"https:\/\/fecomercio-pe.com.br\/site\/wp-json\/wp\/v2\/pages\/994\/revisions\/1022"}],"wp:attachment":[{"href":"https:\/\/fecomercio-pe.com.br\/site\/wp-json\/wp\/v2\/media?parent=994"}],"curies":[{"name":"wp","href":"https:\/\/api.w.org\/{rel}","templated":true}]}}