{"id":517,"date":"2015-09-30T00:32:51","date_gmt":"2015-09-30T00:32:51","guid":{"rendered":"http:\/\/fecomercio-pe.com.br\/site\/?page_id=517"},"modified":"2015-10-14T16:39:02","modified_gmt":"2015-10-14T16:39:02","slug":"sesc-unidades","status":"publish","type":"page","link":"https:\/\/fecomercio-pe.com.br\/site\/contato\/sesc-unidades\/","title":{"rendered":"SESC Unidades"},"content":{"rendered":"<p>[vc_row type=&#8221;full-width-content&#8221; parallax_background=&#8221;&#8221; video_background=&#8221;&#8221; overlay=&#8221;&#8221; overlay_color=&#8221;#ffffff&#8221; i_select=&#8221;&#8221; i_bg_color=&#8221;#ffffff&#8221; i_color=&#8221;#21c2f8&#8243; a_select=&#8221;&#8221; a_bg_color=&#8221;#ffffff&#8221;][vc_column width=&#8221;1\/1&#8243; animation=&#8221;&#8221;][rev_slider_vc alias=&#8221;sesc-unidades2&#8243;][\/vc_column][\/vc_row][vc_row type=&#8221;&#8221; parallax_background=&#8221;&#8221; parallax_type=&#8221;&#8221; video_background=&#8221;&#8221; video_link=&#8221;&#8221; overlay=&#8221;&#8221; overlay_color=&#8221;#ffffff&#8221; i_select=&#8221;&#8221; icon=&#8221;&#8221; i_bg_color=&#8221;#ffffff&#8221; i_color=&#8221;#21c2f8&#8243; a_select=&#8221;&#8221; a_bg_color=&#8221;#ffffff&#8221;][vc_column width=&#8221;1\/1&#8243; animation=&#8221;&#8221;][vc_empty_space height=&#8221;32px&#8221;][\/vc_column][\/vc_row][vc_row type=&#8221;full-width-section&#8221; parallax_background=&#8221;&#8221; video_background=&#8221;&#8221; overlay=&#8221;&#8221; overlay_color=&#8221;#ffffff&#8221; i_select=&#8221;&#8221; i_bg_color=&#8221;#ffffff&#8221; i_color=&#8221;#21c2f8&#8243; a_select=&#8221;&#8221; a_bg_color=&#8221;#ffffff&#8221; css=&#8221;.vc_custom_1444162822636{padding-top: 40px !important;padding-bottom: 40px !important;background-color: #f1f1f1 !important;}&#8221;][vc_column width=&#8221;1\/2&#8243; animation=&#8221;&#8221;][vc_custom_heading text=&#8221;RECIFE E REGI\u00c3O METROPOLITANA&#8221; font_container=&#8221;tag:h2|font_size:36px|text_align:left|color:%23003366&#8243; google_fonts=&#8221;font_family:Lato%3A100%2C100italic%2C300%2C300italic%2Cregular%2Citalic%2C700%2C700italic%2C900%2C900italic|font_style:300%20light%20regular%3A300%3Anormal&#8221;][vc_column_text]<\/p>\n<p>Na capital pernambucana, o Sesc tem quatro unidades que oferecem servi\u00e7os completos aos seus associados e a comunidade em geral.\u00a0Na capital pernambucana, o Sesc tem quatro unidades que oferecem servi\u00e7os completos aos seus associados e a comunidade em geral.<\/p>\n<p>[\/vc_column_text][\/vc_column][vc_column width=&#8221;1\/2&#8243; animation=&#8221;&#8221;][vc_single_image image=&#8221;529&#8243; alignment=&#8221;center&#8221; border_color=&#8221;grey&#8221; img_link_large=&#8221;&#8221; img_link_target=&#8221;_self&#8221; img_size=&#8221;full&#8221; animation=&#8221;rda_fadeInUp&#8221;][\/vc_column][\/vc_row][vc_row type=&#8221;&#8221; parallax_background=&#8221;&#8221; parallax_type=&#8221;&#8221; video_background=&#8221;&#8221; video_link=&#8221;&#8221; overlay=&#8221;&#8221; overlay_color=&#8221;#ffffff&#8221; i_select=&#8221;&#8221; icon=&#8221;&#8221; i_bg_color=&#8221;#ffffff&#8221; i_color=&#8221;#21c2f8&#8243; a_select=&#8221;&#8221; a_bg_color=&#8221;#ffffff&#8221;][vc_column width=&#8221;1\/1&#8243; animation=&#8221;&#8221;][vc_empty_space height=&#8221;32px&#8221;][\/vc_column][\/vc_row][vc_row parallax_background=&#8221;&#8221; video_background=&#8221;&#8221; overlay=&#8221;&#8221; overlay_color=&#8221;#ffffff&#8221; i_select=&#8221;&#8221; i_bg_color=&#8221;#ffffff&#8221; i_color=&#8221;#21c2f8&#8243; a_select=&#8221;&#8221; a_bg_color=&#8221;#ffffff&#8221;][vc_column width=&#8221;1\/4&#8243; css=&#8221;.vc_custom_1444164712992{padding-top: 10px !important;padding-right: 10px !important;padding-bottom: 10px !important;padding-left: 10px !important;background-color: #f1f1f1 !important;}&#8221;][vc_single_image image=&#8221;535&#8243; border_color=&#8221;grey&#8221; img_link_large=&#8221;&#8221; img_link_target=&#8221;_self&#8221; animation=&#8221;rda_fadeIn&#8221; img_size=&#8221;medium&#8221;][vc_column_text]<\/p>\n<h3><span style=\"color: #003366;\">CASA AMARELA<\/span><\/h3>\n<p><strong>Endere\u00e7o<\/strong>:\u00a0Av. Prof. Jos\u00e9 dos Anjos, 1190 &#8211; Casa Amarela \/ Recife &#8211; PE<br \/>\n<strong>Telefone<\/strong>: (81) 3267-4400<br \/>\n<strong>E-mail:<\/strong><a href=\"mailto=sesccasaamarela@sescpe.com.br\">sesccasaamarela@sescpe.com.br<\/a><br \/>\n<strong>Gerente:<\/strong> Ladjane Carvalho<\/p>\n<p><a href=\"#\">Conhe\u00e7a a Unidade<\/a>[\/vc_column_text][\/vc_column][vc_column width=&#8221;1\/4&#8243; css=&#8221;.vc_custom_1444164732977{padding-top: 10px !important;padding-right: 10px !important;padding-bottom: 10px !important;padding-left: 10px !important;background-color: #f1f1f1 !important;}&#8221;][vc_single_image image=&#8221;536&#8243; border_color=&#8221;grey&#8221; img_link_large=&#8221;&#8221; img_link_target=&#8221;_self&#8221; animation=&#8221;rda_fadeIn&#8221; img_size=&#8221;medium&#8221;][vc_column_text]<\/p>\n<h3><span style=\"color: #003366;\">PIEDADE<\/span><\/h3>\n<p><strong>Endere\u00e7o<\/strong>: Rua Goiana s\/n &#8211; Piedade \/ Jaboat\u00e3o dos Guararapes &#8211; PE<br \/>\n<strong>Telefone:<\/strong> (81) 3361-0097<br \/>\n<strong>E-mail:<\/strong><a href=\"sescpiedade@sescpe.com.br\">sescpiedade@sescpe.com.br<\/a><br \/>\n<strong>Gerente:<\/strong> Jos\u00e9 Rudimar C.\u00a0da Silva<\/p>\n<p><a href=\"#\">Conhe\u00e7a a Unidade<\/a>[\/vc_column_text][\/vc_column][vc_column width=&#8221;1\/4&#8243; css=&#8221;.vc_custom_1444164758232{padding-top: 10px !important;padding-right: 10px !important;padding-bottom: 10px !important;padding-left: 10px !important;background-color: #f1f1f1 !important;}&#8221;][vc_single_image image=&#8221;552&#8243; border_color=&#8221;grey&#8221; img_link_large=&#8221;&#8221; img_link_target=&#8221;_self&#8221; animation=&#8221;rda_fadeIn&#8221; img_size=&#8221;medium&#8221;][vc_column_text]<\/p>\n<h3><span style=\"color: #003366;\">SANTA RITA<\/span><\/h3>\n<p><strong>Endere\u00e7o:<\/strong> Rua Cais de Santa Rita,156 &#8211; S\u00e3o Jos\u00e9 \/ Recife &#8211; PE<br \/>\n<strong>Telefone:<\/strong> (81) 3224-7577<br \/>\n<strong>E-mail:<\/strong> <a href=\"mailto:sescsantarita@sescpe.com.br\">sescsantarita@sescpe.com.br<\/a><br \/>\n<strong>Gerente:<\/strong> M\u00f4nica Lucena<\/p>\n<p><a href=\"#\">Conhe\u00e7a a Unidade<\/a>[\/vc_column_text][\/vc_column][vc_column width=&#8221;1\/4&#8243; css=&#8221;.vc_custom_1444164776862{padding-top: 10px !important;padding-right: 10px !important;padding-bottom: 10px !important;padding-left: 10px !important;background-color: #f1f1f1 !important;}&#8221;][vc_single_image image=&#8221;551&#8243; border_color=&#8221;grey&#8221; img_link_large=&#8221;&#8221; img_link_target=&#8221;_self&#8221; animation=&#8221;rda_fadeIn&#8221; img_size=&#8221;medium&#8221;][vc_column_text]<\/p>\n<h3><span style=\"color: #003366;\">SANTO AMARO<\/span><\/h3>\n<p><strong>Endere\u00e7o<\/strong>: Rua do Pombal, s\/n\u00ba &#8211; Santo Amaro \/ Recife &#8211; PE<br \/>\n<strong>Telefone<\/strong>: (81) 3216-1713<br \/>\n<strong>E-mail<\/strong>: <a href=\"mailto:sescsantoamaro@sescpe.com.br\">sescsantoamaro@sescpe.com.br<\/a><br \/>\n<strong>Gerente:<\/strong> Ricardo F.\u00a0F. de Souza Melo<\/p>\n<p><a href=\"#\">Conhe\u00e7a a Unidade<\/a>[\/vc_column_text][\/vc_column][\/vc_row][vc_row type=&#8221;&#8221; parallax_background=&#8221;&#8221; parallax_type=&#8221;&#8221; video_background=&#8221;&#8221; video_link=&#8221;&#8221; overlay=&#8221;&#8221; overlay_color=&#8221;#ffffff&#8221; i_select=&#8221;&#8221; icon=&#8221;&#8221; i_bg_color=&#8221;#ffffff&#8221; i_color=&#8221;#21c2f8&#8243; a_select=&#8221;&#8221; a_bg_color=&#8221;#ffffff&#8221;][vc_column width=&#8221;1\/1&#8243; animation=&#8221;&#8221;][vc_empty_space height=&#8221;32px&#8221;][\/vc_column][\/vc_row][vc_row type=&#8221;full-width-section&#8221; parallax_background=&#8221;&#8221; video_background=&#8221;&#8221; overlay=&#8221;&#8221; overlay_color=&#8221;#ffffff&#8221; i_select=&#8221;&#8221; i_bg_color=&#8221;#ffffff&#8221; i_color=&#8221;#21c2f8&#8243; a_select=&#8221;&#8221; a_bg_color=&#8221;#ffffff&#8221; css=&#8221;.vc_custom_1444162850922{padding-top: 40px !important;padding-bottom: 40px !important;background-color: #f1f1f1 !important;}&#8221;][vc_column width=&#8221;1\/2&#8243; animation=&#8221;&#8221;][vc_custom_heading text=&#8221;INTERIOR DO ESTADO&#8221; font_container=&#8221;tag:h2|font_size:36px|text_align:left|color:%23003366&#8243; google_fonts=&#8221;font_family:Lato%3A100%2C100italic%2C300%2C300italic%2Cregular%2Citalic%2C700%2C700italic%2C900%2C900italic|font_style:300%20light%20regular%3A300%3Anormal&#8221;][vc_column_text]<\/p>\n<p>No interior do Estado, o Sesc oferece seus diversos servi\u00e7os em quatro cidades, al\u00e9m de outras unidades a seguir.\u00a0No interior do Estado, o Sesc oferece seus diversos servi\u00e7os em quatro cidades, al\u00e9m de outras unidades a seguir.<\/p>\n<p>[\/vc_column_text][\/vc_column][vc_column width=&#8221;1\/2&#8243; animation=&#8221;&#8221;][vc_single_image image=&#8221;533&#8243; alignment=&#8221;center&#8221; border_color=&#8221;grey&#8221; img_link_large=&#8221;&#8221; img_link_target=&#8221;_self&#8221; img_size=&#8221;full&#8221; animation=&#8221;rda_fadeInDown&#8221;][\/vc_column][\/vc_row][vc_row type=&#8221;&#8221; parallax_background=&#8221;&#8221; parallax_type=&#8221;&#8221; video_background=&#8221;&#8221; video_link=&#8221;&#8221; overlay=&#8221;&#8221; overlay_color=&#8221;#ffffff&#8221; i_select=&#8221;&#8221; icon=&#8221;&#8221; i_bg_color=&#8221;#ffffff&#8221; i_color=&#8221;#21c2f8&#8243; a_select=&#8221;&#8221; a_bg_color=&#8221;#ffffff&#8221;][vc_column width=&#8221;1\/1&#8243; animation=&#8221;&#8221;][vc_empty_space height=&#8221;32px&#8221;][\/vc_column][\/vc_row][vc_row type=&#8221;&#8221; parallax_background=&#8221;&#8221; parallax_type=&#8221;&#8221; video_background=&#8221;&#8221; video_link=&#8221;&#8221; overlay=&#8221;&#8221; overlay_color=&#8221;#ffffff&#8221; i_select=&#8221;&#8221; icon=&#8221;&#8221; i_bg_color=&#8221;#ffffff&#8221; i_color=&#8221;#21c2f8&#8243; a_select=&#8221;&#8221; a_bg_color=&#8221;#ffffff&#8221; el_id=&#8221;&#8221;][vc_column width=&#8221;1\/4&#8243; css=&#8221;.vc_custom_1444165139424{padding-top: 10px !important;padding-right: 10px !important;padding-bottom: 10px !important;padding-left: 10px !important;background-color: #f1f1f1 !important;}&#8221;][vc_single_image image=&#8221;559&#8243; border_color=&#8221;grey&#8221; img_link_large=&#8221;&#8221; img_link_target=&#8221;_self&#8221; animation=&#8221;rda_fadeIn&#8221; img_size=&#8221;medium&#8221;][vc_column_text]<\/p>\n<h3><span style=\"color: #003366;\">ARCOVERDE<\/span><\/h3>\n<p><strong>Endere\u00e7o<\/strong>:\u00a0Av. Prof. Jos\u00e9 dos Anjos, 1190 &#8211; Casa Amarela \/ Recife &#8211; PE<br \/>\n<strong>Telefone<\/strong>: (81) 3267-4400<br \/>\n<strong>E-mail<\/strong>:<a href=\"mailto:sesccasaamarela@sescpe.com.br\">sesccasaamarela@sescpe.com.br<\/a><br \/>\n<strong>Gerente:<\/strong> Ladjane Carvalho<\/p>\n<p><a href=\"#\">Conhe\u00e7a a Unidade<\/a>[\/vc_column_text][\/vc_column][vc_column width=&#8221;1\/4&#8243; css=&#8221;.vc_custom_1444165149496{padding-top: 10px !important;padding-right: 10px !important;padding-bottom: 10px !important;padding-left: 10px !important;background-color: #f1f1f1 !important;}&#8221;][vc_single_image image=&#8221;560&#8243; border_color=&#8221;grey&#8221; img_link_large=&#8221;&#8221; img_link_target=&#8221;_self&#8221; animation=&#8221;rda_fadeIn&#8221; img_size=&#8221;medium&#8221;][vc_column_text]<\/p>\n<h3><span style=\"color: #003366;\">CARUARU<\/span><\/h3>\n<p><strong>Endere\u00e7o<\/strong>: Rua Goiana s\/n &#8211; Piedade \/ Jaboat\u00e3o dos Guararapes &#8211; PE<br \/>\n<strong>Telefone:<\/strong> (81) 3361-0097<br \/>\n<strong>E-mail:<\/strong><a href=\"mailto:sescpiedade@sescpe.com.br\">sescpiedade@sescpe.com.br<\/a><br \/>\n<strong>Gerente:<\/strong> Jos\u00e9 Rudimar C.\u00a0da Silva<\/p>\n<p><a href=\"#\">Conhe\u00e7a a Unidade<\/a>[\/vc_column_text][\/vc_column][vc_column width=&#8221;1\/4&#8243; css=&#8221;.vc_custom_1444165162344{padding-top: 10px !important;padding-right: 10px !important;padding-bottom: 10px !important;padding-left: 10px !important;background-color: #f1f1f1 !important;}&#8221;][vc_single_image image=&#8221;561&#8243; border_color=&#8221;grey&#8221; img_link_large=&#8221;&#8221; img_link_target=&#8221;_self&#8221; animation=&#8221;rda_fadeIn&#8221; img_size=&#8221;medium&#8221;][vc_column_text]<\/p>\n<h3><span style=\"color: #003366;\">GARANHUNS<\/span><\/h3>\n<p><strong>Endere\u00e7o:<\/strong> Rua Cais de Santa Rita,156 &#8211; S\u00e3o Jos\u00e9 \/ Recife &#8211; PE<br \/>\n<strong>Telefone:<\/strong> <strong>E-mail:<\/strong> <a href=\"mailto:sescsantarita@sescpe.com.br\">sescsantarita@sescpe.com.br<\/a><br \/>\n<strong>Gerente:<\/strong><\/p>\n<p><a href=\"#\">Conhe\u00e7a a Unidade<\/a>[\/vc_column_text][\/vc_column][vc_column width=&#8221;1\/4&#8243; css=&#8221;.vc_custom_1444165174000{padding-top: 10px !important;padding-right: 10px !important;padding-bottom: 10px !important;padding-left: 10px !important;background-color: #f1f1f1 !important;}&#8221;][vc_single_image image=&#8221;562&#8243; border_color=&#8221;grey&#8221; img_link_large=&#8221;&#8221; img_link_target=&#8221;_self&#8221; animation=&#8221;rda_fadeIn&#8221; img_size=&#8221;medium&#8221;][vc_column_text]<\/p>\n<h3><span style=\"color: #003366;\">PETROLINA<\/span><\/h3>\n<p><strong>Endere\u00e7o<\/strong>: Rua do Pombal, s\/n\u00ba &#8211; Santo Amaro \/ Recife &#8211; PE<br \/>\n<strong>Telefone<\/strong><br \/>\n<strong>E-mail<\/strong>: <a href=\"mailto:sescsantoamaro@sescpe.com.br\">sescsantoamaro@sescpe.com.br<\/a><br \/>\n<strong>Gerente:<\/strong><\/p>\n<p><a href=\"#\">Conhe\u00e7a a Unidade<\/a>[\/vc_column_text][\/vc_column][\/vc_row][vc_row type=&#8221;&#8221; parallax_background=&#8221;&#8221; parallax_type=&#8221;&#8221; video_background=&#8221;&#8221; video_link=&#8221;&#8221; overlay=&#8221;&#8221; overlay_color=&#8221;#ffffff&#8221; i_select=&#8221;&#8221; icon=&#8221;&#8221; i_bg_color=&#8221;#ffffff&#8221; i_color=&#8221;#21c2f8&#8243; a_select=&#8221;&#8221; a_bg_color=&#8221;#ffffff&#8221;][vc_column width=&#8221;1\/1&#8243; animation=&#8221;&#8221;][vc_empty_space height=&#8221;32px&#8221;][\/vc_column][\/vc_row][vc_row type=&#8221;full-width-section&#8221; parallax_background=&#8221;&#8221; video_background=&#8221;&#8221; overlay=&#8221;&#8221; overlay_color=&#8221;#ffffff&#8221; i_select=&#8221;&#8221; i_bg_color=&#8221;#ffffff&#8221; i_color=&#8221;#21c2f8&#8243; a_select=&#8221;&#8221; a_bg_color=&#8221;#ffffff&#8221; css=&#8221;.vc_custom_1444163027276{padding-top: 40px !important;padding-bottom: 40px !important;background-color: #f1f1f1 !important;}&#8221;][vc_column width=&#8221;1\/2&#8243; animation=&#8221;&#8221;][vc_custom_heading text=&#8221;OUTRAS UNIDADES DO SESC&#8221; font_container=&#8221;tag:h2|font_size:36px|text_align:left|color:%23003366&#8243; google_fonts=&#8221;font_family:Lato%3A100%2C100italic%2C300%2C300italic%2Cregular%2Citalic%2C700%2C700italic%2C900%2C900italic|font_style:300%20light%20regular%3A300%3Anormal&#8221;][vc_column_text]<\/p>\n<p>Projetos que complementam a atua\u00e7\u00e3o do Sesc percorrem as cidades do Estado, envolvendo leitura, sa\u00fade, turismo e lazer.\u00a0Projetos que complementam a atua\u00e7\u00e3o do Sesc percorrem as cidades do Estado, envolvendo leitura, sa\u00fade, turismo e lazer.<\/p>\n<p>[\/vc_column_text][\/vc_column][vc_column width=&#8221;1\/2&#8243; animation=&#8221;&#8221;][vc_single_image image=&#8221;533&#8243; alignment=&#8221;center&#8221; border_color=&#8221;grey&#8221; img_link_large=&#8221;&#8221; img_link_target=&#8221;_self&#8221; animation=&#8221;rda_bounceInDown&#8221; img_size=&#8221;full&#8221;][vc_column_text font_size=&#8221;&#8221; line_height=&#8221;&#8221; animation=&#8221;&#8221;]<br \/>\n[\/vc_column_text][\/vc_column][\/vc_row][vc_row type=&#8221;&#8221; parallax_background=&#8221;&#8221; parallax_type=&#8221;&#8221; video_background=&#8221;&#8221; video_link=&#8221;&#8221; overlay=&#8221;&#8221; overlay_color=&#8221;#ffffff&#8221; i_select=&#8221;&#8221; icon=&#8221;&#8221; i_bg_color=&#8221;#ffffff&#8221; i_color=&#8221;#21c2f8&#8243; a_select=&#8221;&#8221; a_bg_color=&#8221;#ffffff&#8221;][vc_column width=&#8221;1\/1&#8243; animation=&#8221;&#8221;][vc_empty_space height=&#8221;32px&#8221;][\/vc_column][\/vc_row][vc_row type=&#8221;&#8221; parallax_background=&#8221;&#8221; parallax_type=&#8221;&#8221; video_background=&#8221;&#8221; video_link=&#8221;&#8221; overlay=&#8221;&#8221; overlay_color=&#8221;#ffffff&#8221; i_select=&#8221;&#8221; icon=&#8221;&#8221; i_bg_color=&#8221;#ffffff&#8221; i_color=&#8221;#21c2f8&#8243; a_select=&#8221;&#8221; a_bg_color=&#8221;#ffffff&#8221; el_id=&#8221;&#8221;][vc_column width=&#8221;1\/4&#8243; css=&#8221;.vc_custom_1444165478472{padding-top: 10px !important;padding-right: 10px !important;padding-bottom: 10px !important;padding-left: 10px !important;background-color: #f1f1f1 !important;}&#8221;][vc_single_image image=&#8221;583&#8243; border_color=&#8221;grey&#8221; img_link_large=&#8221;&#8221; img_link_target=&#8221;_self&#8221; animation=&#8221;rda_fadeIn&#8221; img_size=&#8221;medium&#8221;][vc_column_text]<\/p>\n<h3><span style=\"color: #003366;\">SESC LER<\/span><\/h3>\n<p>Instalados em munic\u00edpios com baixo IDH \u2013 \u00cdndice de Desenvolvimento Humano, o Sesc Ler contribui com o poder p\u00fablico para minimizar os n\u00fameros do analfabetismo no Brasil, servindo como refer\u00eancia para que outras institui\u00e7\u00f5es possam tamb\u00e9m abra\u00e7ar esta causa.<\/p>\n<p><a href=\"#\">Saiba tudo sobre o Sesc Ler<\/a>[\/vc_column_text][\/vc_column][vc_column width=&#8221;1\/4&#8243; css=&#8221;.vc_custom_1444165493957{padding-top: 10px !important;padding-right: 10px !important;padding-bottom: 10px !important;padding-left: 10px !important;background-color: #f1f1f1 !important;}&#8221;][vc_single_image image=&#8221;584&#8243; border_color=&#8221;grey&#8221; img_link_large=&#8221;&#8221; img_link_target=&#8221;_self&#8221; animation=&#8221;rda_fadeIn&#8221; img_size=&#8221;medium&#8221;][vc_column_text]<\/p>\n<h3><span style=\"color: #003366;\">CENTROS DE TURISMO E LAZER<\/span><\/h3>\n<p>O Sesc Pernambuco proporciona ainda descanso e lazer \u00e0 sua clientela, disponibilizando Centros de Turismo e Lazer nos munic\u00edpios de Garanhuns (Agreste) e Triunfo (Sert\u00e3o) para hospedagens individuais e em grupos, conven\u00e7\u00f5es e eventos.<\/p>\n<p><a href=\"#\">Conhe\u00e7a os Hoteis do Sesc<\/a>[\/vc_column_text][\/vc_column][vc_column width=&#8221;1\/4&#8243; css=&#8221;.vc_custom_1444165503617{padding-top: 10px !important;padding-right: 10px !important;padding-bottom: 10px !important;padding-left: 10px !important;background-color: #f1f1f1 !important;}&#8221;][vc_single_image image=&#8221;581&#8243; border_color=&#8221;grey&#8221; img_link_large=&#8221;&#8221; img_link_target=&#8221;_self&#8221; animation=&#8221;rda_fadeIn&#8221; img_size=&#8221;medium&#8221;][vc_column_text]<\/p>\n<h3><span style=\"color: #003366;\">UNIDADES M\u00d3VEIS<\/span><\/h3>\n<p>O Sesc anda por todo o Estado com seus projetos para atender cada vez mais pessoas em busca de seus servi\u00e7os. OdontoSesc, BiblioSesc e TeatroSesc s\u00e3o provas de um trabalho feito para todos.<\/p>\n<p><a href=\"#\">Conhe\u00e7a as unidaes m\u00f3veis do Sesc<\/a>[\/vc_column_text][\/vc_column][vc_column width=&#8221;1\/4&#8243; css=&#8221;.vc_custom_1444165516491{padding-top: 10px !important;padding-right: 10px !important;padding-bottom: 10px !important;padding-left: 10px !important;background-color: #f1f1f1 !important;}&#8221;][vc_single_image image=&#8221;582&#8243; border_color=&#8221;grey&#8221; img_link_large=&#8221;&#8221; img_link_target=&#8221;_self&#8221; animation=&#8221;rda_fadeIn&#8221; img_size=&#8221;medium&#8221;][vc_column_text]<\/p>\n<h3><span style=\"color: #003366;\">BANCO DE ALIMENTOS<\/span><\/h3>\n<p>Fazer a ponte entre quem quer e pode doar e quem precisa receber. Essa \u00e9 a fun\u00e7\u00e3o maior do Banco de Alimentos, uma not\u00e1vel a\u00e7\u00e3o de combate \u00e0 fome ao desperd\u00edcio alimentar comandada pelo Sesc Pernambuco, desde setembro de 2002.<\/p>\n<p><a href=\"#\">Conhe\u00e7a o projeto<\/a>[\/vc_column_text][\/vc_column][\/vc_row]<\/p>\n","protected":false},"excerpt":{"rendered":"<p>[vc_row type=&#8221;full-width-content&#8221; parallax_background=&#8221;&#8221; video_background=&#8221;&#8221; overlay=&#8221;&#8221; overlay_color=&#8221;#ffffff&#8221; i_select=&#8221;&#8221; i_bg_color=&#8221;#ffffff&#8221; i_color=&#8221;#21c2f8&#8243; a_select=&#8221;&#8221; a_bg_color=&#8221;#ffffff&#8221;][vc_column width=&#8221;1\/1&#8243; animation=&#8221;&#8221;][rev_slider_vc alias=&#8221;sesc-unidades2&#8243;][\/vc_column][\/vc_row][vc_row type=&#8221;&#8221; parallax_background=&#8221;&#8221; parallax_type=&#8221;&#8221; video_background=&#8221;&#8221; video_link=&#8221;&#8221; overlay=&#8221;&#8221; overlay_color=&#8221;#ffffff&#8221; i_select=&#8221;&#8221; icon=&#8221;&#8221; i_bg_color=&#8221;#ffffff&#8221; i_color=&#8221;#21c2f8&#8243; a_select=&#8221;&#8221; a_bg_color=&#8221;#ffffff&#8221;][vc_column width=&#8221;1\/1&#8243; animation=&#8221;&#8221;][vc_empty_space height=&#8221;32px&#8221;][\/vc_column][\/vc_row][vc_row type=&#8221;full-width-section&#8221; parallax_background=&#8221;&#8221; video_background=&#8221;&#8221; overlay=&#8221;&#8221; overlay_color=&#8221;#ffffff&#8221; i_select=&#8221;&#8221; i_bg_color=&#8221;#ffffff&#8221; i_color=&#8221;#21c2f8&#8243; a_select=&#8221;&#8221; a_bg_color=&#8221;#ffffff&#8221; css=&#8221;.vc_custom_1444162822636{padding-top: 40px !important;padding-bottom: 40px !important;background-color: #f1f1f1 !important;}&#8221;][vc_column width=&#8221;1\/2&#8243; animation=&#8221;&#8221;][vc_custom_heading text=&#8221;RECIFE E REGI\u00c3O METROPOLITANA&#8221; font_container=&#8221;tag:h2|font_size:36px|text_align:left|color:%23003366&#8243; google_fonts=&#8221;font_family:Lato%3A100%2C100italic%2C300%2C300italic%2Cregular%2Citalic%2C700%2C700italic%2C900%2C900italic|font_style:300%20light%20regular%3A300%3Anormal&#8221;][vc_column_text]<br \/><a href=\"https:\/\/fecomercio-pe.com.br\/site\/contato\/sesc-unidades\/\" class=\"more\">Read more<\/a><\/p>\n","protected":false},"author":1,"featured_media":0,"parent":55,"menu_order":0,"comment_status":"closed","ping_status":"closed","template":"","meta":{"footnotes":""},"_links":{"self":[{"href":"https:\/\/fecomercio-pe.com.br\/site\/wp-json\/wp\/v2\/pages\/517"}],"collection":[{"href":"https:\/\/fecomercio-pe.com.br\/site\/wp-json\/wp\/v2\/pages"}],"about":[{"href":"https:\/\/fecomercio-pe.com.br\/site\/wp-json\/wp\/v2\/types\/page"}],"author":[{"embeddable":true,"href":"https:\/\/fecomercio-pe.com.br\/site\/wp-json\/wp\/v2\/users\/1"}],"replies":[{"embeddable":true,"href":"https:\/\/fecomercio-pe.com.br\/site\/wp-json\/wp\/v2\/comments?post=517"}],"version-history":[{"count":1,"href":"https:\/\/fecomercio-pe.com.br\/site\/wp-json\/wp\/v2\/pages\/517\/revisions"}],"predecessor-version":[{"id":950,"href":"https:\/\/fecomercio-pe.com.br\/site\/wp-json\/wp\/v2\/pages\/517\/revisions\/950"}],"up":[{"embeddable":true,"href":"https:\/\/fecomercio-pe.com.br\/site\/wp-json\/wp\/v2\/pages\/55"}],"wp:attachment":[{"href":"https:\/\/fecomercio-pe.com.br\/site\/wp-json\/wp\/v2\/media?parent=517"}],"curies":[{"name":"wp","href":"https:\/\/api.w.org\/{rel}","templated":true}]}}