{"id":38,"date":"2015-08-20T00:58:52","date_gmt":"2015-08-20T00:58:52","guid":{"rendered":"http:\/\/fecomercio-pe.com.br\/site\/?page_id=38"},"modified":"2016-09-13T11:15:31","modified_gmt":"2016-09-13T11:15:31","slug":"certificacao-digital","status":"publish","type":"page","link":"https:\/\/fecomercio-pe.com.br\/site\/servicos\/certificacao-digital\/","title":{"rendered":"Certifica\u00e7\u00e3o Digital"},"content":{"rendered":"<p>[vc_row type=&#8221;full-width-section&#8221; parallax_background=&#8221;&#8221; video_background=&#8221;&#8221; overlay=&#8221;&#8221; overlay_color=&#8221;#ffffff&#8221; i_select=&#8221;&#8221; i_bg_color=&#8221;#ffffff&#8221; i_color=&#8221;#21c2f8&#8243; a_select=&#8221;&#8221; a_bg_color=&#8221;#ffffff&#8221; css=&#8221;.vc_custom_1432393713637{margin-bottom: 0px !important;border-top-width: 1px !important;border-bottom-width: 1px !important;padding-top: 95px !important;padding-bottom: 40px !important;background-color: #f9fafb !important;border-top-color: #ecf0f1 !important;border-top-style: solid !important;border-bottom-color: #ecf0f1 !important;border-bottom-style: solid !important;}&#8221;][vc_column width=&#8221;1\/1&#8243; animation=&#8221;&#8221;][vc_custom_heading text=&#8221;Conhe\u00e7a os Certificados Digitais&#8221; font_container=&#8221;tag:h2|font_size:30|text_align:center|color:%232f2933|line_height:32px&#8221; google_fonts=&#8221;font_family:Raleway%3A100%2C200%2C300%2Cregular%2C500%2C600%2C700%2C800%2C900|font_style:900%20bold%20regular%3A900%3Anormal&#8221; css=&#8221;.vc_custom_1445343333028{margin-bottom: 10px !important;}&#8221; el_class=&#8221;text_uppercase letterspacing-2-5&#8243;]<style type=\"text\/css\" >#l_zsa89z3gyuzqzgea0d45{width:50px;}#l_zsa89z3gyuzqzgea0d45.sc_line ,#l_zsa89z3gyuzqzgea0d45 .sc_line {border-top:3px solid #a1b1bc;}#l_zsa89z3gyuzqzgea0d45.sc_line ,#l_zsa89z3gyuzqzgea0d45 .sc_line{margin-left:auto!important; margin-right:auto!important;}#l_zsa89z3gyuzqzgea0d45 {margin:3px 0 67px 0; padding:0;}<\/style><div class=\"clearfix\"><\/div><div id=\"l_zsa89z3gyuzqzgea0d45\"  class=\"sc_line rd_line_bold\" ><\/div>[vc_row_inner css=&#8221;.vc_custom_1432389220326{margin-bottom: 0px !important;}&#8221;][vc_column_inner el_class=&#8221;&#8221; width=&#8221;1\/4&#8243; animation=&#8221;&#8221;]<style type=\"text\/css\" >#rand_no5z8pkpdcu9i44j04f1 {margin-top:0px; margin-bottom:0px; }<\/style><style type='text\/css'> @font-face{font-family: 'ws'; src:url('https:\/\/fecomercio-pe.com.br\/site\/wp-content\/themes\/thefox\/includes\/4k-icons\/icons\/4k-icons-pack05\/icons\/fonts\/ws.eot'); src:url('https:\/\/fecomercio-pe.com.br\/site\/wp-content\/themes\/thefox\/includes\/4k-icons\/icons\/4k-icons-pack05\/icons\/fonts\/ws.eot?#iefix') format('embedded-opentype'), url('https:\/\/fecomercio-pe.com.br\/site\/wp-content\/themes\/thefox\/includes\/4k-icons\/icons\/4k-icons-pack05\/icons\/fonts\/ws.woff') format('woff'), url('https:\/\/fecomercio-pe.com.br\/site\/wp-content\/themes\/thefox\/includes\/4k-icons\/icons\/4k-icons-pack05\/icons\/fonts\/ws.ttf') format('truetype'), url('https:\/\/fecomercio-pe.com.br\/site\/wp-content\/themes\/thefox\/includes\/4k-icons\/icons\/4k-icons-pack05\/icons\/fonts\/ws.svg#oi') format('svg'); font-weight: normal; font-style: normal;}#rand_no5z8pkpdcu9i44j04f1 .ws-lock:before{font-family: 'ws'; font-weight: normal; font-style: normal;}#rand_no5z8pkpdcu9i44j04f1 .ws-lock:before{content: \"\\e813\";}<\/style>\n<style type=\"text\/css\" >#rand_no5z8pkpdcu9i44j04f1:hover i{background:#04bfbf!important; border-color:#04bfbf!important; color:#fff!important;}#rand_no5z8pkpdcu9i44j04f1:hover h3{color:#3d404b!important;}#rand_no5z8pkpdcu9i44j04f1:hover p{color:!important;}#rand_no5z8pkpdcu9i44j04f1:hover .icon_box_button{color:#2d3e50!important;}<\/style><div id=\"rand_no5z8pkpdcu9i44j04f1\" class=\"icon_box_rounded_trend rda_bounceInLeft\"><i class=\"ws-lock\" style=\"background:#ffffff; color:#04bfbf; border:1px solid #eceeef;\"><\/i><h3 style=\"color:#3d404b;\">CT-e<\/h3><p style=\"color:#2c3e50\">Certificado digital direcionado para empresas que possuem frotas para transporte de cargas. Todos os modais devem utilizar.<\/p>\n<p><\/p><\/div><style type=\"text\/css\" >#b_a4rqj94ez1lnxbmhlq26 a{color:; background:; margin-top:0px; margin-bottom:0px;  margin-left:0px; margin-right:0px; font-weight:900; border-radius:0px;}#b_a4rqj94ez1lnxbmhlq26 a:hover{color: ; background: ;}<\/style><div class=\"ta_center tf_btn_pos\" id=\"b_a4rqj94ez1lnxbmhlq26\" ><a class=\"rd_normal_bt small_rd_bt bt_icon_right   \" href=\"http:\/\/fecomercio-pe.com.br\/site\/certificacao-digital\/ct-e\/\" target=\"\"   ><span><\/p>\n<p>Saiba + Compre<\/p>\n<p><\/span><i class=\"\" ><\/i><\/a><\/div><style type='text\/css'> @font-face{font-family: ''; src:url('https:\/\/fecomercio-pe.com.br\/site\/wp-content\/themes\/thefox\/includes\/4k-icons\/icons\/fonts\/.eot'); src:url('https:\/\/fecomercio-pe.com.br\/site\/wp-content\/themes\/thefox\/includes\/4k-icons\/icons\/fonts\/.eot?#iefix') format('embedded-opentype'), url('https:\/\/fecomercio-pe.com.br\/site\/wp-content\/themes\/thefox\/includes\/4k-icons\/icons\/fonts\/.woff') format('woff'), url('https:\/\/fecomercio-pe.com.br\/site\/wp-content\/themes\/thefox\/includes\/4k-icons\/icons\/fonts\/.ttf') format('truetype'), url('https:\/\/fecomercio-pe.com.br\/site\/wp-content\/themes\/thefox\/includes\/4k-icons\/icons\/fonts\/.svg#oi') format('svg'); font-weight: normal; font-style: normal;}#b_a4rqj94ez1lnxbmhlq26 .:before{font-family: ''; font-weight: normal; font-style: normal;}#b_a4rqj94ez1lnxbmhlq26 .:before{content: \"\";}<\/style>\n[\/vc_column_inner][vc_column_inner el_class=&#8221;&#8221; width=&#8221;1\/4&#8243; animation=&#8221;&#8221;]<style type=\"text\/css\" >#rand_ya16tzs7i33ulww33ye7 {margin-top:0px; margin-bottom:0px; }<\/style><style type='text\/css'> @font-face{font-family: 'ws'; src:url('https:\/\/fecomercio-pe.com.br\/site\/wp-content\/themes\/thefox\/includes\/4k-icons\/icons\/4k-icons-pack05\/icons\/fonts\/ws.eot'); src:url('https:\/\/fecomercio-pe.com.br\/site\/wp-content\/themes\/thefox\/includes\/4k-icons\/icons\/4k-icons-pack05\/icons\/fonts\/ws.eot?#iefix') format('embedded-opentype'), url('https:\/\/fecomercio-pe.com.br\/site\/wp-content\/themes\/thefox\/includes\/4k-icons\/icons\/4k-icons-pack05\/icons\/fonts\/ws.woff') format('woff'), url('https:\/\/fecomercio-pe.com.br\/site\/wp-content\/themes\/thefox\/includes\/4k-icons\/icons\/4k-icons-pack05\/icons\/fonts\/ws.ttf') format('truetype'), url('https:\/\/fecomercio-pe.com.br\/site\/wp-content\/themes\/thefox\/includes\/4k-icons\/icons\/4k-icons-pack05\/icons\/fonts\/ws.svg#oi') format('svg'); font-weight: normal; font-style: normal;}#rand_ya16tzs7i33ulww33ye7 .ws-lock:before{font-family: 'ws'; font-weight: normal; font-style: normal;}#rand_ya16tzs7i33ulww33ye7 .ws-lock:before{content: \"\\e813\";}<\/style>\n<style type=\"text\/css\" >#rand_ya16tzs7i33ulww33ye7:hover i{background:#04bfbf!important; border-color:#04bfbf!important; color:#fff!important;}#rand_ya16tzs7i33ulww33ye7:hover h3{color:#3d404b!important;}#rand_ya16tzs7i33ulww33ye7:hover p{color:!important;}#rand_ya16tzs7i33ulww33ye7:hover .icon_box_button{color:#2d3e50!important;}<\/style><div id=\"rand_ya16tzs7i33ulww33ye7\" class=\"icon_box_rounded_trend rda_bounceInLeft\"><i class=\"ws-lock\" style=\"background:#ffffff; color:#04bfbf; border:1px solid #eceeef;\"><\/i><h3 style=\"color:#3d404b;\">e-CNPJ<\/h3><p style=\"color:#2c3e50\">e-CNPJ \u00e9 a vers\u00e3o eletr\u00f4nica do CNPJ, que garante a autenticidade e a integridade nas transa\u00e7\u00f5es eletr\u00f4nicas de pessoas jur\u00eddicas.<\/p>\n<p><\/p><\/div><style type=\"text\/css\" >#b_pvvjo10pzj54ixxvwlbv a{color:; background:; margin-top:-20px; margin-bottom:0px;  margin-left:0px; margin-right:0px; font-weight:900; border-radius:0px;}#b_pvvjo10pzj54ixxvwlbv a:hover{color: ; background: ;}<\/style><div class=\"ta_center tf_btn_pos\" id=\"b_pvvjo10pzj54ixxvwlbv\" ><a class=\"rd_normal_bt small_rd_bt  \" href=\"http:\/\/fecomercio-pe.com.br\/site\/certificacao-digital\/e-cnpj\/\" target=\"\"   ><\/p>\n<p>Saiba + Compre<\/p>\n<p><\/a><\/div>[\/vc_column_inner][vc_column_inner el_class=&#8221;&#8221; width=&#8221;1\/4&#8243; animation=&#8221;&#8221;]<style type=\"text\/css\" >#rand_ndsdbotww8n5pclkorw7 {margin-top:0px; margin-bottom:0px; }<\/style><style type='text\/css'> @font-face{font-family: 'ws'; src:url('https:\/\/fecomercio-pe.com.br\/site\/wp-content\/themes\/thefox\/includes\/4k-icons\/icons\/4k-icons-pack05\/icons\/fonts\/ws.eot'); src:url('https:\/\/fecomercio-pe.com.br\/site\/wp-content\/themes\/thefox\/includes\/4k-icons\/icons\/4k-icons-pack05\/icons\/fonts\/ws.eot?#iefix') format('embedded-opentype'), url('https:\/\/fecomercio-pe.com.br\/site\/wp-content\/themes\/thefox\/includes\/4k-icons\/icons\/4k-icons-pack05\/icons\/fonts\/ws.woff') format('woff'), url('https:\/\/fecomercio-pe.com.br\/site\/wp-content\/themes\/thefox\/includes\/4k-icons\/icons\/4k-icons-pack05\/icons\/fonts\/ws.ttf') format('truetype'), url('https:\/\/fecomercio-pe.com.br\/site\/wp-content\/themes\/thefox\/includes\/4k-icons\/icons\/4k-icons-pack05\/icons\/fonts\/ws.svg#oi') format('svg'); font-weight: normal; font-style: normal;}#rand_ndsdbotww8n5pclkorw7 .ws-lock:before{font-family: 'ws'; font-weight: normal; font-style: normal;}#rand_ndsdbotww8n5pclkorw7 .ws-lock:before{content: \"\\e813\";}<\/style>\n<style type=\"text\/css\" >#rand_ndsdbotww8n5pclkorw7:hover i{background:#04bfbf!important; border-color:#04bfbf!important; color:#fff!important;}#rand_ndsdbotww8n5pclkorw7:hover h3{color:#3d404b!important;}#rand_ndsdbotww8n5pclkorw7:hover p{color:!important;}#rand_ndsdbotww8n5pclkorw7:hover .icon_box_button{color:#2d3e50!important;}<\/style><div id=\"rand_ndsdbotww8n5pclkorw7\" class=\"icon_box_rounded_trend rda_bounceInLeft\"><i class=\"ws-lock\" style=\"background:#ffffff; color:#04bfbf; border:1px solid #eceeef;\"><\/i><h3 style=\"color:#3d404b;\">NF-e<\/h3><p style=\"color:#2c3e50\">Emite notas fiscais eletr\u00f4nicas e atribui ao seu funcion\u00e1rio respons\u00e1vel a al\u00e7ada necess\u00e1ria e restrita para emiss\u00e3o e gerenciamento.<\/p>\n<p><\/p><\/div><style type=\"text\/css\" >#b_yzz2a2hws5updh77ictc a{color:; background:; margin-top:0px; margin-bottom:0px;  margin-left:0px; margin-right:0px; font-weight:900; border-radius:0px;}#b_yzz2a2hws5updh77ictc a:hover{color: ; background: ;}<\/style><div class=\"ta_center tf_btn_pos\" id=\"b_yzz2a2hws5updh77ictc\" ><a class=\"rd_normal_bt small_rd_bt  \" href=\"http:\/\/fecomercio-pe.com.br\/site\/certificacao-digital\/nf-e\/\" target=\"\"   ><\/p>\n<p>Saiba + Compre<\/p>\n<p><\/a><\/div>[\/vc_column_inner][vc_column_inner el_class=&#8221;&#8221; width=&#8221;1\/4&#8243; animation=&#8221;&#8221;]<style type=\"text\/css\" >#rand_5kv5vbx6pt93be2qld4y {margin-top:0px; margin-bottom:0px; }<\/style><style type='text\/css'> @font-face{font-family: 'ws'; src:url('https:\/\/fecomercio-pe.com.br\/site\/wp-content\/themes\/thefox\/includes\/4k-icons\/icons\/4k-icons-pack05\/icons\/fonts\/ws.eot'); src:url('https:\/\/fecomercio-pe.com.br\/site\/wp-content\/themes\/thefox\/includes\/4k-icons\/icons\/4k-icons-pack05\/icons\/fonts\/ws.eot?#iefix') format('embedded-opentype'), url('https:\/\/fecomercio-pe.com.br\/site\/wp-content\/themes\/thefox\/includes\/4k-icons\/icons\/4k-icons-pack05\/icons\/fonts\/ws.woff') format('woff'), url('https:\/\/fecomercio-pe.com.br\/site\/wp-content\/themes\/thefox\/includes\/4k-icons\/icons\/4k-icons-pack05\/icons\/fonts\/ws.ttf') format('truetype'), url('https:\/\/fecomercio-pe.com.br\/site\/wp-content\/themes\/thefox\/includes\/4k-icons\/icons\/4k-icons-pack05\/icons\/fonts\/ws.svg#oi') format('svg'); font-weight: normal; font-style: normal;}#rand_5kv5vbx6pt93be2qld4y .ws-lock:before{font-family: 'ws'; font-weight: normal; font-style: normal;}#rand_5kv5vbx6pt93be2qld4y .ws-lock:before{content: \"\\e813\";}<\/style>\n<style type=\"text\/css\" >#rand_5kv5vbx6pt93be2qld4y:hover i{background:#04bfbf!important; border-color:#04bfbf!important; color:#fff!important;}#rand_5kv5vbx6pt93be2qld4y:hover h3{color:#3d404b!important;}#rand_5kv5vbx6pt93be2qld4y:hover p{color:!important;}#rand_5kv5vbx6pt93be2qld4y:hover .icon_box_button{color:#2d3e50!important;}<\/style><div id=\"rand_5kv5vbx6pt93be2qld4y\" class=\"icon_box_rounded_trend rda_bounceInLeft\"><i class=\"ws-lock\" style=\"background:#ffffff; color:#04bfbf; border:1px solid #eceeef;\"><\/i><h3 style=\"color:#3d404b;\">e-CPF<\/h3><p style=\"color:#2c3e50\">O e-CPF \u00e9 a vers\u00e3o eletr\u00f4nica do CPF, que garante a autenticidade e a integridade nas transa\u00e7\u00f5es eletr\u00f4nicas de pessoas f\u00edsicas.<\/p>\n<p><\/p><\/div><style type=\"text\/css\" >#b_jwqj7j02otpf94a0x5ay a{color:; background:; margin-top:0px; margin-bottom:0px;  margin-left:0px; margin-right:0px; font-weight:900; border-radius:0px;}#b_jwqj7j02otpf94a0x5ay a:hover{color: ; background: ;}<\/style><div class=\"ta_center tf_btn_pos\" id=\"b_jwqj7j02otpf94a0x5ay\" ><a class=\"rd_normal_bt small_rd_bt  \" href=\"http:\/\/fecomercio-pe.com.br\/site\/certificacao-digital\/e-cpf\/\" target=\"\"   ><\/p>\n<p>Saiba + Compre<\/p>\n<p><\/a><\/div>[\/vc_column_inner][\/vc_row_inner][\/vc_column][\/vc_row]<\/p>\n","protected":false},"excerpt":{"rendered":"<p>[vc_row type=&#8221;full-width-section&#8221; parallax_background=&#8221;&#8221; video_background=&#8221;&#8221; overlay=&#8221;&#8221; overlay_color=&#8221;#ffffff&#8221; i_select=&#8221;&#8221; i_bg_color=&#8221;#ffffff&#8221; i_color=&#8221;#21c2f8&#8243; a_select=&#8221;&#8221; a_bg_color=&#8221;#ffffff&#8221; css=&#8221;.vc_custom_1432393713637{margin-bottom: 0px !important;border-top-width: 1px !important;border-bottom-width: 1px !important;padding-top: 95px !important;padding-bottom: 40px !important;background-color: #f9fafb !important;border-top-color: #ecf0f1 !important;border-top-style: solid !important;border-bottom-color: #ecf0f1 !important;border-bottom-style: solid !important;}&#8221;][vc_column width=&#8221;1\/1&#8243; animation=&#8221;&#8221;][vc_custom_heading text=&#8221;Conhe\u00e7a os Certificados Digitais&#8221; font_container=&#8221;tag:h2|font_size:30|text_align:center|color:%232f2933|line_height:32px&#8221; google_fonts=&#8221;font_family:Raleway%3A100%2C200%2C300%2Cregular%2C500%2C600%2C700%2C800%2C900|font_style:900%20bold%20regular%3A900%3Anormal&#8221; css=&#8221;.vc_custom_1445343333028{margin-bottom: 10px !important;}&#8221; el_class=&#8221;text_uppercase letterspacing-2-5&#8243;][vc_row_inner css=&#8221;.vc_custom_1432389220326{margin-bottom: 0px !important;}&#8221;][vc_column_inner el_class=&#8221;&#8221; width=&#8221;1\/4&#8243; animation=&#8221;&#8221;] CT-eCertificado digital direcionado para<br \/><a href=\"https:\/\/fecomercio-pe.com.br\/site\/servicos\/certificacao-digital\/\" class=\"more\">Read more<\/a><\/p>\n","protected":false},"author":1,"featured_media":0,"parent":28,"menu_order":40,"comment_status":"open","ping_status":"closed","template":"","meta":{"footnotes":""},"_links":{"self":[{"href":"https:\/\/fecomercio-pe.com.br\/site\/wp-json\/wp\/v2\/pages\/38"}],"collection":[{"href":"https:\/\/fecomercio-pe.com.br\/site\/wp-json\/wp\/v2\/pages"}],"about":[{"href":"https:\/\/fecomercio-pe.com.br\/site\/wp-json\/wp\/v2\/types\/page"}],"author":[{"embeddable":true,"href":"https:\/\/fecomercio-pe.com.br\/site\/wp-json\/wp\/v2\/users\/1"}],"replies":[{"embeddable":true,"href":"https:\/\/fecomercio-pe.com.br\/site\/wp-json\/wp\/v2\/comments?post=38"}],"version-history":[{"count":19,"href":"https:\/\/fecomercio-pe.com.br\/site\/wp-json\/wp\/v2\/pages\/38\/revisions"}],"predecessor-version":[{"id":1115,"href":"https:\/\/fecomercio-pe.com.br\/site\/wp-json\/wp\/v2\/pages\/38\/revisions\/1115"}],"up":[{"embeddable":true,"href":"https:\/\/fecomercio-pe.com.br\/site\/wp-json\/wp\/v2\/pages\/28"}],"wp:attachment":[{"href":"https:\/\/fecomercio-pe.com.br\/site\/wp-json\/wp\/v2\/media?parent=38"}],"curies":[{"name":"wp","href":"https:\/\/api.w.org\/{rel}","templated":true}]}}