{"id":36,"date":"2015-08-20T00:54:43","date_gmt":"2015-08-20T00:54:43","guid":{"rendered":"http:\/\/fecomercio-pe.com.br\/site\/?page_id=36"},"modified":"2020-01-23T11:55:38","modified_gmt":"2020-01-23T14:55:38","slug":"guia-de-recolhimento-da-contribuicao-sindical","status":"publish","type":"page","link":"https:\/\/fecomercio-pe.com.br\/site\/servicos\/guia-de-recolhimento-da-contribuicao-sindical\/","title":{"rendered":"Guia de Recolhimento da Contribui\u00e7\u00e3o Sindical"},"content":{"rendered":"<p>[vc_row][vc_column width=&#8221;1\/2&#8243;][vc_column_text]<span style=\"color: #000000;\">A\u00a0Contribui\u00e7\u00e3o Sindical Patronal, devida aos sindicatos e Federa\u00e7\u00e3o por todas as empresas integrantes do segmento do com\u00e9rcio de bens, servi\u00e7os e turismo estabelecidas no Estado de Pernambuco, dever\u00e1 ser recolhida at\u00e9 o dia 31 de janeiro e \u00e9 proporcional ao capital social da firma ou empresa, registrado nas respectivas juntas comerciais ou \u00f3rg\u00e3os equivalentes, como previsto no artigo 580 da Consolida\u00e7\u00e3o das Leis do Trabalho (CLT).<\/span><\/p>\n<p><span style=\"color: #000000;\">A Contribui\u00e7\u00e3o Sindical Patronal \u00e9 imprescind\u00edvel e de extrema import\u00e2ncia para o fortalecimento da representatividade do setor. Pagando em dia, o empres\u00e1rio colabora tamb\u00e9m para a sustentabilidade das entidades sindicais: sindicatos, Federa\u00e7\u00f5es e Confedera\u00e7\u00e3o ligada ao seu segmento.<\/span><\/p>\n<p>A partir do dia 11 de novembro de 2017 entrou em vigor a Lei n. 13.467, de 13 de julho de 2017, que disp\u00f5e sobre a Reforma Trabalhista, modernizando in\u00fameras altera\u00e7\u00f5es das normas previstas na Consolida\u00e7\u00e3o das Leis do Trabalho, inclusive estabelecendo a preval\u00eancia do negociado sobre o legislado.<\/p>\n<p>SERVI\u00c7OS OFERECIDOS AO CONTRIBUINTE:<\/p>\n<ul>\n<li>Orienta\u00e7\u00e3o jur\u00eddica<\/li>\n<li>Assessoria sindical<\/li>\n<li>Assessoria legislativa<\/li>\n<li>Assessoria econ\u00f4mica &#8211; pesquisas conjunturais, pesquisas de sondagem de opini\u00e3o, an\u00e1lises de \u00edndices econ\u00f4micos do IBGE<\/li>\n<li>Conven\u00e7\u00f5es coletivas de trabalho<\/li>\n<li>Certifica\u00e7\u00e3o digital<\/li>\n<li>Cursos de forma\u00e7\u00e3o empreendedora<\/li>\n<li>F\u00f3runs e ciclos de debates<\/li>\n<li>Miss\u00f5es empresariais.<\/li>\n<\/ul>\n<h6><\/h6>\n<p>[\/vc_column_text][\/vc_column][vc_column width=&#8221;1\/2&#8243;][vc_raw_html]<\/p>\n<p>JTNDSUZSQU1FJTIwc3JjJTNEJTIyaHR0cCUzQSUyRiUyRnd3dy5taXJhaC5jb20uYnIlMkZsb2NhbGl6YWNucGouYXNweCUzRmNvZGlnb2VudGlkYWRlJTNEMjA2NTAwMDAwMSUyMiUyMHdpZHRoJTNEJTIyMTAwJTI1JTIyJTIwaGVpZ2h0JTNEJTIyNDAwcHglMjIlMjBmcmFtZWJvcmRlciUzRCUyMm5vJTIyJTIwc2Nyb2xsaW5nJTNEJTIybm8lMjIlM0UlM0MlMkZJRlJBTUUlM0U=<\/p>\n<p>[\/vc_raw_html][\/vc_column][\/vc_row]<\/p>\n","protected":false},"excerpt":{"rendered":"<p>[vc_row][vc_column width=&#8221;1\/2&#8243;][vc_column_text]A\u00a0Contribui\u00e7\u00e3o Sindical Patronal, devida aos sindicatos e Federa\u00e7\u00e3o por todas as empresas integrantes do segmento do com\u00e9rcio de bens, servi\u00e7os e turismo estabelecidas no Estado de Pernambuco, dever\u00e1 ser recolhida at\u00e9 o dia 31 de janeiro e \u00e9 proporcional ao capital social da firma ou empresa, registrado nas respectivas juntas comerciais ou \u00f3rg\u00e3os equivalentes,<br \/><a href=\"https:\/\/fecomercio-pe.com.br\/site\/servicos\/guia-de-recolhimento-da-contribuicao-sindical\/\" class=\"more\">Read more<\/a><\/p>\n","protected":false},"author":1,"featured_media":0,"parent":28,"menu_order":0,"comment_status":"open","ping_status":"open","template":"","meta":{"footnotes":""},"_links":{"self":[{"href":"https:\/\/fecomercio-pe.com.br\/site\/wp-json\/wp\/v2\/pages\/36"}],"collection":[{"href":"https:\/\/fecomercio-pe.com.br\/site\/wp-json\/wp\/v2\/pages"}],"about":[{"href":"https:\/\/fecomercio-pe.com.br\/site\/wp-json\/wp\/v2\/types\/page"}],"author":[{"embeddable":true,"href":"https:\/\/fecomercio-pe.com.br\/site\/wp-json\/wp\/v2\/users\/1"}],"replies":[{"embeddable":true,"href":"https:\/\/fecomercio-pe.com.br\/site\/wp-json\/wp\/v2\/comments?post=36"}],"version-history":[{"count":18,"href":"https:\/\/fecomercio-pe.com.br\/site\/wp-json\/wp\/v2\/pages\/36\/revisions"}],"predecessor-version":[{"id":6874,"href":"https:\/\/fecomercio-pe.com.br\/site\/wp-json\/wp\/v2\/pages\/36\/revisions\/6874"}],"up":[{"embeddable":true,"href":"https:\/\/fecomercio-pe.com.br\/site\/wp-json\/wp\/v2\/pages\/28"}],"wp:attachment":[{"href":"https:\/\/fecomercio-pe.com.br\/site\/wp-json\/wp\/v2\/media?parent=36"}],"curies":[{"name":"wp","href":"https:\/\/api.w.org\/{rel}","templated":true}]}}