{"id":11,"date":"2015-08-19T20:59:34","date_gmt":"2015-08-19T20:59:34","guid":{"rendered":"http:\/\/fecomercio-pe.com.br\/site\/?page_id=11"},"modified":"2025-10-27T15:07:58","modified_gmt":"2025-10-27T18:07:58","slug":"sindicatos-filiados","status":"publish","type":"page","link":"https:\/\/fecomercio-pe.com.br\/site\/a-fecomercio-pe\/sindicatos-filiados\/","title":{"rendered":"Sindicatos Filiados"},"content":{"rendered":"<p>[vc_row][vc_column][vc_column_text]<span style=\"color: #000000;\"><span style=\"line-height: 107%; font-family: 'Arial',sans-serif; font-size: 9.5pt;\">Os sindicatos exercem um papel de extrema import\u00e2ncia para o Sistema Fecom\u00e9rcio-PE. S\u00e3o eles os respons\u00e1veis pela representa\u00e7\u00e3o direta nas empresas ligadas ao setor do com\u00e9rcio de bens, servi\u00e7os e turismo de Pernambuco. Eles s\u00e3o a base da Fecom\u00e9rcio-PE pois lutam para defender os empres\u00e1rios na efetiva\u00e7\u00e3o de seus direitos e desenvolvimento dos seus neg\u00f3cios. Ao todo, 22 sindicatos patronais s\u00e3o filiados \u00e0 Fecom\u00e9rcio-PE. <\/span><\/span><\/p>\n<p><span style=\"color: #000000;\"><span style=\"line-height: 107%; font-family: 'Arial',sans-serif; font-size: 9.5pt;\">Conhe\u00e7a nossos sindicatos filiados:<\/span><\/span>[\/vc_column_text][\/vc_column][\/vc_row][vc_row][vc_column][vc_column_text]<\/p>\n<p>[\/vc_column_text][\/vc_column][\/vc_row][vc_row][vc_column width=&#8221;1\/3&#8243; css=&#8221;.vc_custom_1444830129633{padding-top: 10px !important;padding-right: 10px !important;padding-bottom: 10px !important;padding-left: 10px !important;background-color: #f9f9f9 !important;}&#8221;][vc_single_image image=&#8221;11361&#8243; img_size=&#8221;full&#8221;][vc_column_text]<\/p>\n<h3>SINDICATO DO COM\u00c9RCIO DE VENDEDORES AMBULANTES DO RECIFE, OLINDA E JABOAT\u00c3O<\/h3>\n<p><strong>Presidente Roberto Jos\u00e9 de Fran\u00e7a<\/strong><\/p>\n<ul>\n<li><strong>Endere\u00e7o provis\u00f3rio<\/strong>: Pra\u00e7a da Independ\u00eancia, 29, 5\u00ba andar, Edf. Brasilar<\/li>\n<li><strong>Tel.<\/strong>: (81) 9 8811 6050<\/li>\n<li>E-mail: sindambulantepe@gmail.com<\/li>\n<\/ul>\n<p>[\/vc_column_text][\/vc_column][vc_column width=&#8221;1\/3&#8243; css=&#8221;.vc_custom_1444830058695{padding-top: 10px !important;padding-right: 10px !important;padding-bottom: 10px !important;padding-left: 10px !important;background-color: #f9f9f9 !important;}&#8221;][vc_single_image image=&#8221;11363&#8243; img_size=&#8221;full&#8221;][vc_column_text]<\/p>\n<h3>SINDICATO DO COM\u00c9RCIO VAREJISTA DE CATENDE, PALMARES E \u00c1GUA PRETA<\/h3>\n<p><strong>Presidente Jos\u00e9 Jorge<\/strong><\/p>\n<ul>\n<li><strong>Endere\u00e7o<\/strong>: Av. Frei Caneca, 70, Sala II, Centro, Palmares-PE. CEP: 55.540-000<\/li>\n<li><strong>Fone<\/strong>: (81) 9 9756-3634<\/li>\n<li><strong>E-mail<\/strong>:\u00a0 <a href=\"mailto:sincomatapalmares2014@gmail.com\">sincomatapalmares2014@gmail.com<\/a><\/li>\n<\/ul>\n<p>[\/vc_column_text][\/vc_column][vc_column width=&#8221;1\/3&#8243; css=&#8221;.vc_custom_1444830146517{padding-top: 10px !important;padding-right: 10px !important;padding-bottom: 10px !important;padding-left: 10px !important;background-color: #f9f9f9 !important;}&#8221;][vc_single_image image=&#8221;11364&#8243; img_size=&#8221;full&#8221;][vc_column_text]<\/p>\n<h3>SINDICATO DO COM\u00c9RCIO DE VENDEDORES AMBULANTES DE CARUARU<\/h3>\n<p><strong>Presidente Jos\u00e9 Carlos da Silva<\/strong><\/p>\n<ul>\n<li><strong>Endere\u00e7o<\/strong>: Avenida Lourival Jos\u00e9 da Silva, 592, 1\u00ba Andar, Petr\u00f3polis, Caruaru-PE. CEP: 55.030-201<\/li>\n<li><strong>Fone<\/strong>: (81)\u00a09 9801-0408<\/li>\n<li><strong>E-mail<\/strong>:\u00a0 <a href=\"mailto:jocasilva47@gmail.com\">jocasilva47@gmail.com<\/a><\/li>\n<\/ul>\n<p>[\/vc_column_text][\/vc_column][\/vc_row][vc_row][vc_column width=&#8221;1\/3&#8243; css=&#8221;.vc_custom_1444830471614{padding-top: 10px !important;padding-right: 10px !important;padding-bottom: 10px !important;padding-left: 10px !important;background-color: #f9f9f9 !important;}&#8221;][vc_single_image image=&#8221;11366&#8243; img_size=&#8221;full&#8221;][vc_column_text]<\/p>\n<h3>SINDICATO DOS LOJISTAS DO COM\u00c9RCIO DO RECIFE<\/h3>\n<p><strong>Presidente Frederico Leal<\/strong><\/p>\n<ul>\n<li><strong>Endere\u00e7o<\/strong>: Rua do Riachuelo, 105, Edf. C\u00edrculo Cat\u00f3lico, 1\u00ba andar, sala 102, Boa Vista. Recife-PE. CEP: 50.050-400<\/li>\n<li><strong>Fone\/Fax<\/strong>: (81) 3222.2416<\/li>\n<li><strong>E-mail<\/strong>: <a href=\"mailto:secretaria@sindilojasrecife.com.br\">secretaria@sindilojasrecife.com.br<\/a><\/li>\n<li><strong>Site<\/strong>:\u00a0<a href=\"http:\/\/www.sindilojasrecife.com.br\" target=\"_blank\" rel=\"noopener\">www.sindilojasrecife.com.br<\/a><\/li>\n<\/ul>\n<p>[\/vc_column_text][\/vc_column][vc_column width=&#8221;1\/3&#8243; css=&#8221;.vc_custom_1444830503872{padding-top: 10px !important;padding-right: 10px !important;padding-bottom: 10px !important;padding-left: 10px !important;background-color: #f9f9f9 !important;}&#8221;][vc_single_image image=&#8221;11367&#8243; img_size=&#8221;full&#8221;][vc_column_text]<\/p>\n<h3>SINDICATO DO COM\u00c9RCIO VAREJISTA DE G\u00caNEROS ALIMENT\u00cdCIOS DO RECIFE<\/h3>\n<p><strong>Presidente Edivaldo Guilherme dos Santos<\/strong><\/p>\n<ul>\n<li><strong>Endere\u00e7o<\/strong>: Rua Sete de Setembro, 318, 1\u00ba andar, Sala 104, Edf. Amaraji. Recife-PE. CEP: 50.050-003<\/li>\n<li><strong>Fone\/Fax<\/strong>: (81) 3221.8538<\/li>\n<li>E-mail:\u00a0 <a href=\"mailto:sindpatronal@sindvarejista.com.br\">sindpatronal@sindvarejista.com.br<\/a><\/li>\n<li><strong>Site<\/strong>:\u00a0<a href=\"http:\/\/www.sindvarejista.com.br\" target=\"_blank\" rel=\"noopener\">www.sindvarejista.com.br<\/a><\/li>\n<\/ul>\n<p>[\/vc_column_text][\/vc_column][vc_column width=&#8221;1\/3&#8243; css=&#8221;.vc_custom_1444830523688{padding-top: 10px !important;padding-right: 10px !important;padding-bottom: 10px !important;padding-left: 10px !important;background-color: #f9f9f9 !important;}&#8221;][vc_single_image image=&#8221;11368&#8243; img_size=&#8221;full&#8221;][vc_column_text]<\/p>\n<h3>SINDICATO DO COM\u00c9RCIO VAREJISTA DE PRODUTOS FARMAC\u00caUTICOS DO ESTADO DE PERNAMBUCO<\/h3>\n<p><strong>Presidente\u00a0Ozeas Gomes da Silva<\/strong><\/p>\n<ul>\n<li><strong>Endere\u00e7o<\/strong>: Rua do Riachuelo, 105, Edf. C\u00edrculo Cat\u00f3lico, 5\u00ba andar, sala 508\/509, Boa Vista, Recife-PE. CEP: 50.050-400<\/li>\n<li><strong>Fone\/Fax<\/strong>: (81) 3231.5673<\/li>\n<li><strong>E-mail<\/strong>:\u00a0 <a href=\"mailto:sincofarmape@sincofarmape.com.br\">sincofarmape@sincofarmape.com.br<\/a><\/li>\n<li><strong>Site<\/strong>:\u00a0<a href=\"http:\/\/www.sincofarmape.com.br\" target=\"_blank\" rel=\"noopener\">www.sincofarmape.com.br<\/a><\/li>\n<\/ul>\n<p>[\/vc_column_text][\/vc_column][\/vc_row][vc_row][vc_column width=&#8221;1\/3&#8243; css=&#8221;.vc_custom_1444830260560{padding-top: 10px !important;padding-right: 10px !important;padding-bottom: 10px !important;padding-left: 10px !important;background-color: #f9f9f9 !important;}&#8221;][vc_single_image image=&#8221;11375&#8243; img_size=&#8221;full&#8221;][vc_column_text]<\/p>\n<h3>SINDICATO DO COM\u00c9RCIO VAREJISTA DOS FEIRANTES DO ESTADO DE PERNAMBUCO<\/h3>\n<ul>\n<li><strong>Endere\u00e7o<\/strong>: Rua Maria Quit\u00e9ria, 552, Cordeiro, Recife, Pernambuco, Brasil, CEP: 50.731-040<\/li>\n<li><strong>Fone<\/strong>: (81) 3446.3662 \/ Fax: (81) 3446.2115<\/li>\n<li><strong>E-mail<\/strong>: <a href=\"mailto:hvtm@ig.com.br\">hvtm@ig.com.br<\/a><\/li>\n<\/ul>\n<p>[\/vc_column_text][\/vc_column][vc_column width=&#8221;1\/3&#8243; css=&#8221;.vc_custom_1444830290221{padding-top: 10px !important;padding-right: 10px !important;padding-bottom: 10px !important;padding-left: 10px !important;background-color: #f9f9f9 !important;}&#8221;][vc_single_image image=&#8221;11376&#8243; img_size=&#8221;full&#8221;][vc_column_text]<\/p>\n<h3>SINDICATO DO COM\u00c9RCIO VAREJISTA DE MATERIAIS EL\u00c9TRICOS E APARELHOS ELETRODOM\u00c9STICOS DO RECIFE<\/h3>\n<p><strong>Presidente Carlos Pereira<\/strong><\/p>\n<ul>\n<li><strong>Endere\u00e7o<\/strong>: Rua do Riachuelo, 105, Edf. C\u00edrculo Cat\u00f3lico, 1\u00ba andar, Sala 102, Boa Vista, Recife-PE. CEP: 50.050-400<\/li>\n<li><strong>Fone\/Fax<\/strong>: (81) 3221.6167 \/ 3222.2416<\/li>\n<li><strong>E-mail<\/strong>: <a href=\"mailto:secretaria@sindilojasrecife.com.br\">secretaria@sindilojasrecife.com.br<\/a><\/li>\n<\/ul>\n<p>[\/vc_column_text][\/vc_column][vc_column width=&#8221;1\/3&#8243; css=&#8221;.vc_custom_1444830392819{padding-top: 10px !important;padding-right: 10px !important;padding-bottom: 10px !important;padding-left: 10px !important;background-color: #f9f9f9 !important;}&#8221;][vc_single_image image=&#8221;11377&#8243; img_size=&#8221;full&#8221; css=&#8221;.vc_custom_1750254098696{padding-top: 10px !important;padding-right: 10px !important;padding-bottom: 10px !important;padding-left: 10px !important;background-color: #f9f9f9 !important;}&#8221;][vc_column_text]<\/p>\n<h3>SINDICATO DO COM\u00c9RCIO VAREJISTA DE GARANHUNS<\/h3>\n<p><strong>Presidente Ivan Gomes<\/strong><\/p>\n<ul>\n<li><strong>Endere\u00e7o<\/strong>: Avenida Quinze de Novembro, 69, Sala 03, Centro, Garanhuns, PE, 55.293-025<\/li>\n<li><strong>Fone\/Fax<\/strong>: (81) 3761.2908 \/ 9 8121-3002<\/li>\n<li><strong>E-mail<\/strong>: scvgaranhuns@gmail.com<\/li>\n<\/ul>\n<p>[\/vc_column_text][\/vc_column][\/vc_row][vc_row][vc_column width=&#8221;1\/3&#8243;][vc_single_image image=&#8221;11379&#8243; img_size=&#8221;full&#8221;][vc_column_text]<\/p>\n<h3>SINDICATO DO COM\u00c9RCIO DE HORTIFRUTIGRANJEIROS, FLORES E PLANTAS DO ESTADO DE PERNAMBUCO<\/h3>\n<p><strong>Presidente Alex Costa<\/strong><\/p>\n<ul>\n<li>Endere\u00e7o: Rodovia BR 101 Sul, Km 70, S\/N, sala 110\/120, Curado, Ceagepe, Cia. de Abastecimento e Armaz\u00e9ns Gerais do Estado de Pernambuco, Recife, Brasil, CEP: 50.790-900<\/li>\n<li>Tel.\/Fax: (81) 3252.6464<\/li>\n<li>E-mail: <a href=\"mailto:ong@ongpedradagua.com.br\">ong@ongpedradagua.com.br<\/a><\/li>\n<li>Website:\u00a0www.sindfrutas.com.br<\/li>\n<\/ul>\n<p>[\/vc_column_text][\/vc_column][vc_column width=&#8221;1\/3&#8243;][vc_single_image image=&#8221;11380&#8243; img_size=&#8221;full&#8221;][vc_column_text]<\/p>\n<h3>SINDICATO DO COM\u00c9RCIO DO JABOAT\u00c3O DOS GUARARAPES<\/h3>\n<p><strong>Presidente Felipe Freire<\/strong><\/p>\n<ul>\n<li>Endere\u00e7o: Rua Santo Elias, 36 A, 1\u00ba andar, Prazeres, Jaboat\u00e3o dos Guararapes-PE. CEP: 54.330-230<\/li>\n<li>Tel.\/Fax: (81) 3481.0631<\/li>\n<li>E-mail: <a href=\"mailto:sindical@sindicomjaboatao.com.br\">sindical@sindicomjaboatao.com.br<\/a><\/li>\n<li>Website: www.sindicomjaboatao.com.br<\/li>\n<\/ul>\n<p>[\/vc_column_text][\/vc_column][vc_column width=&#8221;1\/3&#8243;][vc_single_image image=&#8221;11381&#8243; img_size=&#8221;full&#8221;][vc_column_text]<\/p>\n<h3>SINDICATO DO COM\u00c9RCIO DE BENS E SERVI\u00c7OS DE MAQUINISMOS, FERRAGENS, TINTAS, M\u00c1QUINAS, BOMBAS, FERRAMENTAS, EQUIPAMENTOS E MATERIAIS DE CONSTRU\u00c7\u00c3O, MATERIAIS DE PROTE\u00c7\u00c3O, MATERIAL HIDR\u00c1ULICO, VIDROS E ARTEFATO, MADEIRAS E ARTEFATOS, REVESTIMENTOS E PEDRAS DECORATIVAS, CAL, AREIA, BRITA, TIJOLOS, CIMENTO, ARGAMASSAS, PR\u00c9-MOLDADOS E PRODUTOS METAL<\/h3>\n<p><strong>Presidente Manoel Santos<\/strong><\/p>\n<ul>\n<li>Endere\u00e7o: Rua do Riachuelo, 105, Edf. Circulo Cat\u00f3lico, 1\u00ba andar, sala 101, Boa Vista, Recife, Pernambuco, Brasil CEP: 50.050-400<\/li>\n<li>Tel.\/Fax: (81) 9 9161 8003<\/li>\n<li>E-mail: Atendimento@sincomferpe.com.br<\/li>\n<\/ul>\n<p>[\/vc_column_text][\/vc_column][\/vc_row][vc_row][vc_column width=&#8221;1\/3&#8243;][vc_single_image image=&#8221;11383&#8243; img_size=&#8221;full&#8221;][vc_column_text]<\/p>\n<h3>SINDICATO DO COM\u00c9RCIO VAREJISTA DE PETROLINA<\/h3>\n<p><strong>Presidente Joaquim de Castro<\/strong><\/p>\n<ul>\n<li>Endere\u00e7o: Rua Souza J\u00fanior, 330, sala 02, Centro, Petrolina-PE. CEP: 56.302-360<\/li>\n<li>Tel.: (87) 3861.5800 \/ Fax: (87) 3861.2333<\/li>\n<li>E-mail: <a href=\"mailto:sindilojaspetrolina@ig.com.br\">sindilojaspetrolina@ig.com.br<\/a><\/li>\n<li>Website:\u00a0www.sindilojaspetrolina.com.br<\/li>\n<\/ul>\n<p>[\/vc_column_text][\/vc_column][vc_column width=&#8221;1\/3&#8243;][vc_single_image image=&#8221;11384&#8243; img_size=&#8221;full&#8221;][vc_column_text]<\/p>\n<h3>SINDICATO DOS LOJISTAS DO COM\u00c9RCIO DE CARUARU<\/h3>\n<p><strong>Presidente Augusto Costa<\/strong><\/p>\n<ul>\n<li>Endere\u00e7o: Rua Le\u00e3o Dourado, 51-A, S\u00e3o Francisco, Caruaru-PE. CEP: 55.008-010<\/li>\n<li>Tel.\/Fax: (81) 2103.1313 \/ 3722.4070<br \/>\nE-mail: presidente@sindloja.com.br\u00a0| Website: www.sindloja.com.br<\/li>\n<\/ul>\n<p>[\/vc_column_text][\/vc_column][vc_column width=&#8221;1\/3&#8243;][vc_single_image image=&#8221;11385&#8243; img_size=&#8221;full&#8221;][vc_column_text]<\/p>\n<h3>SINDICATO DO COM\u00c9RCIO DE AUTO PE\u00c7AS DO ESTADO DE PERNAMBUCO<\/h3>\n<p><strong>Presidente\u00a0Jos\u00e9 Carlos de Santana<\/strong><\/p>\n<ul>\n<li>Rua Guarani, n\u00ba 33 &#8211; Afogados &#8211; Recife-PE, CEP 50750-120<\/li>\n<li>Tel (81) 3422.0601<\/li>\n<li>E-mail:\u00a0<b><a href=\"mailto:contato@sincopecas-pe.com.br\" target=\"_blank\" rel=\"noopener\">contato@sincopecas-pe.com.br<\/a>\u00a0<\/b><\/li>\n<li>Website: www.sincopecas-pe.com.br<\/li>\n<\/ul>\n<p>[\/vc_column_text][\/vc_column][\/vc_row][vc_row][vc_column width=&#8221;1\/3&#8243;][vc_single_image image=&#8221;11387&#8243; img_size=&#8221;full&#8221;][vc_column_text]<\/p>\n<h3>SINDICATO DOS REPRESENTANTES COMERCIAIS E EMPRESAS DE REPRESENTA\u00c7\u00d5ES COMERCIAIS DE PERNAMBUCO<\/h3>\n<p><strong>Presidente\u00a0Archimedes Cavalcanti J\u00fanior<\/strong><\/p>\n<ul>\n<li>Endere\u00e7o: Rua Padre Roma, 120, Empresarial Padre Roma, 9\u00ba andar, salas 905-906, Tamarineira, Recife-PE. CEP: 52050-150<\/li>\n<li>Tel.\/Fax: (81) 3226.1839 \/ 3236.4799<\/li>\n<li>E-mail: sircope@sircope.org.br<\/li>\n<li>Website: www.sircope.org.br<\/li>\n<\/ul>\n<p>[\/vc_column_text][\/vc_column][vc_column width=&#8221;1\/3&#8243;][vc_single_image image=&#8221;11388&#8243; img_size=&#8221;full&#8221;][vc_column_text]<\/p>\n<h3>SINDICATO DAS EMPRESAS DO COM\u00c9RCIO E SERVI\u00c7OS DO EIXO NORTE<\/h3>\n<p><strong>Presidente Milton Tavares<\/strong><\/p>\n<ul>\n<li>Endere\u00e7o: Rua Epit\u00e1cio Pessoa, 04, Centro, Paulista-PE. CEP: 53.401-220<\/li>\n<li>Tel.\/Fax: (81) 3371.8119<\/li>\n<li>E-mail: <a href=\"mailto:sindnorte@sindnorte.com.br\">sindnorte@sindnorte.com.br<\/a><\/li>\n<li>Website: www.sindnorte.com.br<\/li>\n<\/ul>\n<p>[\/vc_column_text][\/vc_column][vc_column width=&#8221;1\/3&#8243;][vc_single_image image=&#8221;11389&#8243; img_size=&#8221;full&#8221;][vc_column_text]<\/p>\n<h3>SINDICATO DO COMERCIO VAREJISTA DE CAL\u00c7ADOS DE PERNAMBUCO<\/h3>\n<p><strong>Presidente Jo\u00e3o Maciel<\/strong><\/p>\n<ul>\n<li>Endere\u00e7o: Rua do Riachuelo, 105, Edf. C\u00edrculo Cat\u00f3lico, 1\u00ba andar, sala 425, Boa Vista. Recife-PE. CEP: 50.050-400<\/li>\n<li>Tel.\/Fax: (81) 9 9161 8003<\/li>\n<li>E-mail: atendimento@sincomcape.com.br<\/li>\n<\/ul>\n<p>[\/vc_column_text][\/vc_column][\/vc_row][vc_row][vc_column width=&#8221;1\/3&#8243;][vc_single_image image=&#8221;11390&#8243; img_size=&#8221;full&#8221;][vc_column_text el_id=&#8221;https:\/\/sindagape.com\/&#8221;]<\/p>\n<h3>SINDICATO DO COM\u00c9RCIO ATACADISTA DE G\u00caNEROS ALIMENT\u00cdCIOS DE PERNAMBUCO<\/h3>\n<p><strong>Presidente\u00a0Ademilson de Menezes\u00a0 <\/strong><\/p>\n<ul>\n<li>Endere\u00e7o: Rua Silvino Macedo, n\u00ba 90, sala 104 A, Cavaleiro, Jaboat\u00e3o dos Guararapes, PE, CEP: 54.250-370<\/li>\n<li>Tel.: (81) 9 9972 6360 | 9 8813 4884 (WhatsApp)<\/li>\n<li>E-mail: ademilson_de@uol.com.br<\/li>\n<li>Site: www.sindagape.com<\/li>\n<\/ul>\n<p>[\/vc_column_text][\/vc_column][vc_column width=&#8221;1\/3&#8243;][vc_single_image image=&#8221;11391&#8243; img_size=&#8221;full&#8221;][vc_column_text]<\/p>\n<h3>SINDICATO\u00a0DO COM\u00c9RCIO ATACADISTA DE DROGAS E MEDICAMENTOS DE PERNAMBUCO<\/h3>\n<p><strong>Presidente Jorge Alexandre<\/strong><\/p>\n<ul>\n<li>Endere\u00e7o: Rua Silvino Macedo, n\u00ba 90, sala 104, Cavaleiro, Jaboat\u00e3o dos Guararapes, PE, CEP: 54250-370<\/li>\n<li>Tel.: (81) 9 9972 6360 | 9 8813 4884 (WhatsApp)<\/li>\n<li>E-mail: ademilson_de@uol.com.br<\/li>\n<li>Site: www.sindcamepe.com.br<\/li>\n<\/ul>\n<p>[\/vc_column_text][\/vc_column][vc_column width=&#8221;1\/3&#8243;][vc_single_image image=&#8221;11392&#8243; img_size=&#8221;full&#8221;][vc_column_text]<\/p>\n<div class=\"gmail_default\"><b>SINDICATO DOS PROPRIET\u00c1RIOS DE CENTROS DE FORMA\u00c7\u00c3O DE CONDUTORES A, B E AB DO ESTADO DE PERNAMBUCO<\/b><\/div>\n<p><strong>Presidente Ygor Valen\u00e7a<\/strong><\/p>\n<ul>\n<li>Endere\u00e7o:\n<p style=\"font-weight: 400;\">Rua Lind\u00f3ia do Norte, 130, Iputinga, Recife, Pernambuco, Brasil, 50.690-140<\/p>\n<\/li>\n<li>Tel.: \u00a0(81) 3224 6501<\/li>\n<li>E-mail: sindcfcpe@outlook.com<\/li>\n<\/ul>\n<h3><\/h3>\n<p>[\/vc_column_text][\/vc_column][\/vc_row][vc_row][vc_column width=&#8221;1\/3&#8243; css=&#8221;.vc_custom_1444830129633{padding-top: 10px !important;padding-right: 10px !important;padding-bottom: 10px !important;padding-left: 10px !important;background-color: #f9f9f9 !important;}&#8221;][vc_single_image image=&#8221;11393&#8243; img_size=&#8221;full&#8221;][vc_column_text]<\/p>\n<p style=\"font-weight: 400;\"><strong>SINDICATO DAS EMPRESAS DO COM\u00c9RCIO VAREJISTA DE SERRA TALHADA E REGI\u00c3O DO SERT\u00c3O<\/strong><\/p>\n<p><strong>Presidente\u00a0 Francisco Mourato\u00a0<\/strong><\/p>\n<ul>\n<li>Endere\u00e7o: Rua Cirilo Xavier de Morais, 503, Nossa Senhora da Penha, Serra Talhada, Pernambuco, Brasil, 56.903-370.<\/li>\n<li>Tel.\/Fax: \u00a0(87) 3831 2367<\/li>\n<li>E-mail: dinamica.mourato@gmail.com<\/li>\n<\/ul>\n<p>[\/vc_column_text][\/vc_column][\/vc_row][vc_row][vc_column][vc_column_text]<\/p>\n<h3><\/h3>\n<p>[\/vc_column_text][\/vc_column][\/vc_row]<\/p>\n","protected":false},"excerpt":{"rendered":"<p>[vc_row][vc_column][vc_column_text]Os sindicatos exercem um papel de extrema import\u00e2ncia para o Sistema Fecom\u00e9rcio-PE. S\u00e3o eles os respons\u00e1veis pela representa\u00e7\u00e3o direta nas empresas ligadas ao setor do com\u00e9rcio de bens, servi\u00e7os e turismo de Pernambuco. Eles s\u00e3o a base da Fecom\u00e9rcio-PE pois lutam para defender os empres\u00e1rios na efetiva\u00e7\u00e3o de seus direitos e desenvolvimento dos seus neg\u00f3cios.<br \/><a href=\"https:\/\/fecomercio-pe.com.br\/site\/a-fecomercio-pe\/sindicatos-filiados\/\" class=\"more\">Read more<\/a><\/p>\n","protected":false},"author":1,"featured_media":0,"parent":398,"menu_order":0,"comment_status":"open","ping_status":"closed","template":"","meta":{"footnotes":""},"_links":{"self":[{"href":"https:\/\/fecomercio-pe.com.br\/site\/wp-json\/wp\/v2\/pages\/11"}],"collection":[{"href":"https:\/\/fecomercio-pe.com.br\/site\/wp-json\/wp\/v2\/pages"}],"about":[{"href":"https:\/\/fecomercio-pe.com.br\/site\/wp-json\/wp\/v2\/types\/page"}],"author":[{"embeddable":true,"href":"https:\/\/fecomercio-pe.com.br\/site\/wp-json\/wp\/v2\/users\/1"}],"replies":[{"embeddable":true,"href":"https:\/\/fecomercio-pe.com.br\/site\/wp-json\/wp\/v2\/comments?post=11"}],"version-history":[{"count":90,"href":"https:\/\/fecomercio-pe.com.br\/site\/wp-json\/wp\/v2\/pages\/11\/revisions"}],"predecessor-version":[{"id":11394,"href":"https:\/\/fecomercio-pe.com.br\/site\/wp-json\/wp\/v2\/pages\/11\/revisions\/11394"}],"up":[{"embeddable":true,"href":"https:\/\/fecomercio-pe.com.br\/site\/wp-json\/wp\/v2\/pages\/398"}],"wp:attachment":[{"href":"https:\/\/fecomercio-pe.com.br\/site\/wp-json\/wp\/v2\/media?parent=11"}],"curies":[{"name":"wp","href":"https:\/\/api.w.org\/{rel}","templated":true}]}}