{"id":9,"date":"2015-08-19T20:59:05","date_gmt":"2015-08-19T20:59:05","guid":{"rendered":"http:\/\/fecomercio-pe.com.br\/site\/?page_id=9"},"modified":"2023-12-07T09:06:56","modified_gmt":"2023-12-07T12:06:56","slug":"diretoria","status":"publish","type":"page","link":"http:\/\/fecomercio-pe.com.br\/site\/a-fecomercio-pe\/diretoria\/","title":{"rendered":"Diretoria"},"content":{"rendered":"<p>[vc_row][vc_column width=&#8221;1\/3&#8243;][vc_column_text]<\/p>\n<h2><span style=\"color: #000000;\">BERNARDO PEIXOTO DOS SANTOS OLIVEIRA SOBRINHO<\/span><\/h2>\n<p><span style=\"color: #000000;\">Presidente\u00a0<\/span><\/p>\n<p><span style=\"color: #000000;\"><strong>E-mail:<\/strong> <a style=\"color: #000000;\" href=\"mailto:presidencia@fecomercio-pe.com\">presidencia@fecomercio-pe.com<br \/>\n<\/a><strong>Data de Nascimento:<\/strong> 10\/1<\/span>[\/vc_column_text][\/vc_column][vc_column width=&#8221;1\/3&#8243;][vc_single_image image=&#8221;5579&#8243; img_size=&#8221;230X300&#8243;][\/vc_column][vc_column width=&#8221;1\/3&#8243;][vc_column_text]<br \/>\n[\/vc_column_text][\/vc_column][\/vc_row][vc_row][vc_column width=&#8221;1\/3&#8243;][vc_single_image image=&#8221;5584&#8243; img_size=&#8221;230X300&#8243;][vc_column_text]<\/p>\n<h3><span style=\"color: #000000;\">JOAQUIM DE CASTRO FILHO<\/span><\/h3>\n<p>1\u00ba Vice-presidente<\/p>\n<p><span style=\"color: #000000;\"><strong>E-mail: <\/strong>joaquimcastro56@hotmail.com<\/span><\/p>\n<p><span style=\"color: #000000;\"><strong>Data de Nascimento:<\/strong> 20\/4<\/span>[\/vc_column_text][\/vc_column][vc_column width=&#8221;1\/3&#8243;][vc_single_image image=&#8221;5606&#8243; img_size=&#8221;230X300&#8243;][vc_column_text]<\/p>\n<h3><span style=\"color: #000000;\">MILTON TAVARES DE MELO J\u00daNIOR <\/span><\/h3>\n<p>2\u00ba Vice-presidente<\/p>\n<p><span style=\"color: #000000;\"><strong>E-mail:\u00a0<\/strong>miltontmeloj@gmail.com<\/span><\/p>\n<p><span style=\"color: #000000;\"><strong>Data de Nascimento:<\/strong> 9\/11<\/span>[\/vc_column_text][\/vc_column][vc_column width=&#8221;1\/3&#8243;][vc_single_image image=&#8221;5586&#8243; img_size=&#8221;230X300&#8243;][vc_column_text]<\/p>\n<h3><span style=\"color: #000000;\">ARCHIMEDES CAVALCANTI J\u00daNIOR <\/span><\/h3>\n<p>3\u00ba Vice-presidente<\/p>\n<p><span style=\"color: #000000;\"><strong>E-mail: <\/strong>esatacado@gmail.com<\/span><\/p>\n<p><span style=\"color: #000000;\"><strong>Data de Nascimento:<\/strong> 6\/12<\/span>[\/vc_column_text][\/vc_column][\/vc_row][vc_row][vc_column width=&#8221;1\/3&#8243;][vc_single_image img_size=&#8221;230X300&#8243;][vc_column_text]<\/p>\n<h3><span style=\"color: #000000;\">DOUGLAS ALEXANDRE SENA LIMA<\/span><\/h3>\n<p><span style=\"color: #000000;\">Vice-presidente para Assuntos do Com\u00e9rcio de Agentes Aut\u00f4nomos<\/span><\/p>\n<p><span style=\"color: #000000;\"><strong>E-mail: <\/strong>douglasaslima@gmail.com<\/span><\/p>\n<p><span style=\"color: #000000;\"><strong>Data de Nascimento:<\/strong> 27\/10<\/span>[\/vc_column_text][\/vc_column][vc_column width=&#8221;1\/3&#8243;][vc_single_image image=&#8221;5575&#8243; img_size=&#8221;230X300&#8243;][vc_column_text]<\/p>\n<h3><span style=\"color: #000000;\">EDIVALDO GUILHERME DOS SANTOS <\/span><\/h3>\n<p><span style=\"color: #000000;\">Vice-presidente para Assuntos do Com\u00e9rcio Atacadista\u00a0<\/span><\/p>\n<p><span style=\"color: #000000;\"><strong>E-mail: <\/strong>presidencia@apes.com.br<\/span><\/p>\n<p><span style=\"color: #000000;\"><strong>Data de Nascimento:<\/strong> 10\/12<\/span>[\/vc_column_text][\/vc_column][vc_column width=&#8221;1\/3&#8243;][vc_single_image img_size=&#8221;230&#215;300&#8243;][vc_column_text]<\/p>\n<h3><span style=\"color: #000000;\">FELIPE FREIRE DE OLIVEIRA<\/span><\/h3>\n<p><span style=\"color: #000000;\">Vice-presidente para Assuntos do Com\u00e9rcio Armazenador\u00a0<\/span><\/p>\n<p><strong style=\"color: #000000;\">E-mail: <\/strong>felipefreire@sindicomjaboatao.com.br<\/p>\n<p><span style=\"color: #000000;\"><strong>Data de Nascimento: <\/strong>15\/12<\/span>[\/vc_column_text][\/vc_column][\/vc_row][vc_row][vc_column width=&#8221;1\/3&#8243;][vc_single_image img_size=&#8221;230X300&#8243;][vc_column_text]<\/p>\n<h3><span style=\"color: #000000;\">IVAN DE OLIVEIRA GOMES J\u00daNIOR <\/span><\/h3>\n<p><span style=\"color: #000000;\">Vice-presidente para Assuntos do Com\u00e9rcio de Turismo e Hospitalidade\u00a0<\/span><\/p>\n<p><span style=\"color: #000000;\"><strong>E-mail: <\/strong>gomesjr.ivan@gmail.com<\/span><\/p>\n<p><span style=\"color: #000000;\"><strong>Data de Nascimento: <\/strong>15\/7<\/span>[\/vc_column_text][\/vc_column][vc_column width=&#8221;1\/3&#8243;][vc_single_image image=&#8221;5600&#8243; img_size=&#8221;230X300&#8243;][vc_column_text]<\/p>\n<h3><span style=\"color: #000000;\">JOS\u00c9 CARLOS DE SANTANA <\/span><\/h3>\n<p><span style=\"color: #000000;\">Vice-presidente para Assuntos do Com\u00e9rcio Varejista\u00a0<\/span><\/p>\n<p><span style=\"color: #000000;\"><strong>E-mail: <\/strong>jose.carlos@grupojhm.com.br<\/span><\/p>\n<p><span style=\"color: #000000;\"><strong>Data de Nascimento:<\/strong> 17\/9<\/span>[\/vc_column_text][\/vc_column][vc_column width=&#8221;1\/3&#8243;][vc_single_image image=&#8221;5592&#8243; img_size=&#8221;230X300&#8243;][vc_column_text]<\/p>\n<h3><span style=\"color: #000000;\">OZEAS GOMES DA SILVA<\/span><\/h3>\n<p><span style=\"color: #000000;\">Vice-presidente para Assuntos do Com\u00e9rcio de Servi\u00e7os de Sa\u00fade<\/span><\/p>\n<p><span style=\"color: #000000;\"><strong>E-mail: <\/strong>gomesozeas@hotmail.com\u00a0<\/span><\/p>\n<p><span style=\"color: #000000;\"><strong>Data de Nascimento:<\/strong> 10\/4<\/span>[\/vc_column_text][\/vc_column][\/vc_row][vc_row][vc_column width=&#8221;1\/3&#8243;][vc_single_image image=&#8221;5593&#8243; img_size=&#8221;230X300&#8243;][vc_column_text]<\/p>\n<h3><span style=\"color: #000000;\">JOS\u00c9 CARLOS DA SILVA<\/span><\/h3>\n<p><span style=\"color: #000000;\">1\u00ba Diretor Secret\u00e1rio<\/span><\/p>\n<p><span style=\"color: #000000;\"><strong>E-mail:<\/strong> jocarsilva47@gmail.com\u00a0<\/span><\/p>\n<p><span style=\"color: #000000;\"><strong>Data de Nascimento:<\/strong> 4\/9<\/span>[\/vc_column_text][\/vc_column][vc_column width=&#8221;1\/3&#8243;][vc_single_image image=&#8221;5595&#8243; img_size=&#8221;230X300&#8243;][vc_column_text]<\/p>\n<h3><span style=\"color: #000000;\">JO\u00c3O MACIEL LIMA NETO<\/span><\/h3>\n<p><span style=\"color: #000000;\">2\u00ba Diretor Secret\u00e1rio<\/span><\/p>\n<p><strong style=\"color: #000000;\">E-mail: <\/strong>joaorubens10@hotmail.com<\/p>\n<p><span style=\"color: #000000;\"><strong>Data de Nascimento:<\/strong> 24\/6<\/span>[\/vc_column_text][\/vc_column][vc_column width=&#8221;1\/3&#8243;][vc_single_image img_size=&#8221;230X300&#8243;][vc_column_text]<\/p>\n<h3>GUSTAVO MACHADO DIAS FROTA<\/h3>\n<p><span style=\"color: #000000;\">3\u00ba Diretor Secret\u00e1rio<\/span><\/p>\n<p><strong style=\"color: #000000;\">E-mail: <\/strong>gustavomdf@msn.com<\/p>\n<p><span style=\"color: #000000;\"><strong>Data de Nascimento:<\/strong> 21\/12<\/span>[\/vc_column_text][\/vc_column][\/vc_row][vc_row][vc_column width=&#8221;1\/3&#8243;][vc_single_image img_size=&#8221;230X300&#8243;][vc_single_image img_size=&#8221;230X300&#8243;][vc_column_text]<\/p>\n<h3><span style=\"color: #000000;\">VALDEMAR ALVES DA SILVA\u00a0<\/span><\/h3>\n<p><span style=\"color: #000000;\">1\u00ba Diretor Tesoureiro<\/span><\/p>\n<p><strong style=\"color: #000000;\">E-mail: <\/strong>vgmultiservicevice@yahoo.com.br<\/p>\n<p><span style=\"color: #000000;\"><strong>Data de Nascimento:<\/strong> 3\/1<\/span>[\/vc_column_text][\/vc_column][vc_column width=&#8221;1\/3&#8243;][vc_single_image img_size=&#8221;230X300&#8243;][vc_column_text]<\/p>\n<h3><span style=\"color: #000000;\">ANA MARIA CALDAS BARROS E SILVA<\/span><\/h3>\n<p><span style=\"color: #000000;\">2\u00aa Diretora Tesoureira<\/span><\/p>\n<p><strong style=\"color: #000000;\">E-mail: <\/strong>joao_de_bolinha@yahoo.com.br<\/p>\n<p><span style=\"color: #000000;\"><strong>Data de Nascimento:<\/strong> 28\/8<\/span>[\/vc_column_text][\/vc_column][vc_column width=&#8221;1\/3&#8243;][vc_single_image image=&#8221;5552&#8243; img_size=&#8221;230X300&#8243;][vc_column_text]<\/p>\n<h3><span style=\"color: #000000;\">ROBERTO JOS\u00c9 DE FRAN\u00c7A FONSECA\u00a0<\/span><\/h3>\n<p><span style=\"color: #000000;\">3\u00ba Diretor Tesoureiro<\/span><\/p>\n<p><strong style=\"color: #000000;\">E-mail: <\/strong>julianamariafonseca2016@gmail.com<\/p>\n<p><span style=\"color: #000000;\"><strong>Data de Nascimento:<\/strong> 1\/10<\/span>[\/vc_column_text][\/vc_column][\/vc_row][vc_row][vc_column width=&#8221;1\/3&#8243;][vc_single_image img_size=&#8221;230X300&#8243;][vc_column_text]<\/p>\n<h3><span style=\"color: #000000;\">AD\u00c9LIA CRISTINA DA SILVA<\/span><\/h3>\n<p><span style=\"color: #000000;\">Diretora para Assuntos Sindicais\u00a0<\/span><\/p>\n<p><strong style=\"color: #000000;\">E-mail: <\/strong>adeliacristina33@hotmail.com<\/p>\n<p><span style=\"color: #000000;\"><strong>Data de Nascimento:<\/strong> 31\/3<\/span>[\/vc_column_text][\/vc_column][vc_column width=&#8221;1\/3&#8243;][vc_single_image image=&#8221;5573&#8243; img_size=&#8221;230X300&#8243;][vc_column_text]<\/p>\n<h3><span style=\"color: #000000;\">ALBERES HANIERY PATR\u00cdCIO LOPES\u00a0<\/span><\/h3>\n<p><span style=\"color: #000000;\">Diretor para Assuntos de Cr\u00e9dito\u00a0<\/span><\/p>\n<p><strong style=\"color: #000000;\">E-mail: <\/strong>alberes_lopes@hotmail.com<\/p>\n<p><strong>Data de Nascimento<\/strong>: 20\/9[\/vc_column_text][\/vc_column][vc_column width=&#8221;1\/3&#8243;][vc_single_image img_size=&#8221;230X300&#8243;][vc_column_text]<\/p>\n<h3><span style=\"color: #000000;\">ELIAS ALVES SALOM\u00c3O\u00a0<\/span><\/h3>\n<p><span style=\"color: #000000;\">Diretor para Assuntos de Desenvolvimento Comercial\u00a0<\/span><\/p>\n<p><strong style=\"color: #000000;\">E-mail: <\/strong>mada@uol.com.br<\/p>\n<p><span style=\"color: #000000;\"><strong>Data de Nascimento:<\/strong> 19\/5<\/span>[\/vc_column_text][\/vc_column][\/vc_row][vc_row][vc_column width=&#8221;1\/3&#8243;][vc_single_image img_size=&#8221;230X300&#8243;][vc_column_text]<\/p>\n<h3><span style=\"color: #000000;\">F\u00c1BIO LISANDRO DE LIMA BARROS\u00a0<\/span><\/h3>\n<p><span style=\"color: #000000;\">Diretor para Assuntos do Setor P\u00fablico\u00a0<\/span><\/p>\n<p><strong style=\"color: #000000;\">E-mail: <\/strong>fabiolisandro@premiercontadores.com.br<\/p>\n<p><span style=\"color: #000000;\"><strong>Data de Nascimento:<\/strong> 8\/12<\/span>[\/vc_column_text][\/vc_column][vc_column width=&#8221;1\/3&#8243;][vc_single_image image=&#8221;5574&#8243; img_size=&#8221;230X300&#8243;][vc_column_text]<\/p>\n<h3><span style=\"color: #000000;\">JOS\u00c9 JORGE DA SILVA <\/span><\/h3>\n<p><span style=\"color: #000000;\">Diretor para Assuntos de Consumo\u00a0<\/span><\/p>\n<p><strong>E-mail: <\/strong>sindlojamatasul@gmail.com<\/p>\n<p><strong>Data de Nascimento:\u00a0<\/strong>6\/11[\/vc_column_text][\/vc_column][vc_column width=&#8221;1\/3&#8243;][vc_single_image img_size=&#8221;230X300&#8243;][vc_column_text]<\/p>\n<h3><span style=\"color: #000000;\">MARCOS JO\u00c3O DE SANTANA <\/span><\/h3>\n<p><span style=\"color: #000000;\">Diretor para Assuntos de Rela\u00e7\u00f5es do Trabalho\u00a0<\/span><\/p>\n<p><strong style=\"color: #000000;\">E-mail: <\/strong>marcos.santana@grupojhm.com.br<\/p>\n<p><span style=\"color: #000000;\"><strong>Data de Nascimento: <\/strong>7\/11<\/span>[\/vc_column_text][\/vc_column][\/vc_row][vc_row][vc_column width=&#8221;1\/3&#8243;][vc_single_image image=&#8221;5572&#8243; img_size=&#8221;230X300&#8243;][vc_column_text]<\/p>\n<h3><span style=\"color: #000000;\">MICHEL JEAN PINHEIRO WANDERLEY\u00a0<\/span><\/h3>\n<p><span style=\"color: #000000;\">Diretor para Assuntos Tribut\u00e1rios\u00a0<\/span><\/p>\n<p><strong style=\"color: #000000;\">E-mail:<\/strong> bcnemichel@hotmail.com<\/p>\n<p><span style=\"color: #000000;\"><strong>Data de Nascimento:<\/strong> 8\/11<\/span>[\/vc_column_text][\/vc_column][vc_column width=&#8221;1\/3&#8243;][vc_single_image img_size=&#8221;230X300&#8243;][vc_column_text]<\/p>\n<h3><span style=\"color: #000000;\">PAULA CAVALCANTI DE LUCENA ROCHA\u00a0<\/span><\/h3>\n<p><span style=\"color: #000000;\">Diretora para Assuntos de Turismo\u00a0<\/span><\/p>\n<p><strong style=\"color: #000000;\">E-mail: <\/strong>paulaclucenarocha@hotmail.com<\/p>\n<p><span style=\"color: #000000;\"><strong>Data de Nascimento:<\/strong> 28\/11<\/span>[\/vc_column_text][\/vc_column][vc_column width=&#8221;1\/3&#8243;][vc_single_image img_size=&#8221;230X300&#8243;][vc_column_text]<\/p>\n<h3><span style=\"color: #000000;\">ROBERTO WAGNER CAVALCANTI DE SIQUEIRA\u00a0<\/span><\/h3>\n<p><span style=\"color: #000000;\">Diretor para Assuntos de Com\u00e9rcio Exterior\u00a0<\/span><\/p>\n<p><strong style=\"color: #000000;\">E-mail: <\/strong>rwsiqueira@hotmail.com<\/p>\n<p><span style=\"color: #000000;\"><strong>Data de Nascimento:<\/strong> 21\/5<\/span>[\/vc_column_text][\/vc_column][\/vc_row][vc_row][vc_column width=&#8221;1\/3&#8243;][vc_column_text]<\/p>\n<h4>CONSELHO FISCAL EFETIVO<\/h4>\n<p>[\/vc_column_text][\/vc_column][vc_column width=&#8221;1\/3&#8243;][vc_column_text]<br \/>\n[\/vc_column_text][\/vc_column][vc_column width=&#8221;1\/3&#8243;][vc_column_text]<br \/>\n[\/vc_column_text][\/vc_column][\/vc_row][vc_row][vc_column width=&#8221;1\/3&#8243;][vc_single_image img_size=&#8221;230X300&#8243;][vc_column_text]<\/p>\n<h3><span style=\"color: #000000;\">EVANDRO ALVES DE LIMA\u00a0<\/span><\/h3>\n<p>1\u00ba Conselheiro Fiscal Efetivo<\/p>\n<p><span style=\"color: #000000;\"><strong>E-mail: <\/strong>evandrolima@bol.com.br<\/span><\/p>\n<p><span style=\"color: #000000;\"><strong>Data de Nascimento: <\/strong>3\/7<\/span>[\/vc_column_text][\/vc_column][vc_column width=&#8221;1\/3&#8243;][vc_single_image img_size=&#8221;230&#215;300&#8243;][vc_column_text]<\/p>\n<h3><span style=\"color: #000000;\">JAILSON JOS\u00c9 DELFINO DO NASCIMENTO\u00a0<\/span><\/h3>\n<p>2\u00ba Conselheiro Fiscal Efetivo<\/p>\n<p><strong>E-mail:<\/strong> landirauze@gmail.com<\/p>\n<p><span style=\"color: #000000;\"><strong>Data de Nascimento: <\/strong>18\/12<\/span>[\/vc_column_text][\/vc_column][vc_column width=&#8221;1\/3&#8243;][vc_single_image img_size=&#8221;230&#215;300&#8243;][vc_column_text]<\/p>\n<h3>RAMON COSMO CAMPOS<\/h3>\n<p>3\u00ba Conselheiro Fiscal Efetivo<\/p>\n<p><strong>E-mail:<\/strong> ramoncosmo25@gmail.com<\/p>\n<p><span style=\"color: #000000;\"><strong>Data de Nascimento: <\/strong>25\/10<\/span>[\/vc_column_text][\/vc_column][\/vc_row]<\/p>\n","protected":false},"excerpt":{"rendered":"<p>[vc_row][vc_column width=&#8221;1\/3&#8243;][vc_column_text] BERNARDO PEIXOTO DOS SANTOS OLIVEIRA SOBRINHO Presidente\u00a0 E-mail: presidencia@fecomercio-pe.com Data de Nascimento: 10\/1[\/vc_column_text][\/vc_column][vc_column width=&#8221;1\/3&#8243;][vc_single_image image=&#8221;5579&#8243; img_size=&#8221;230X300&#8243;][\/vc_column][vc_column width=&#8221;1\/3&#8243;][vc_column_text] [\/vc_column_text][\/vc_column][\/vc_row][vc_row][vc_column width=&#8221;1\/3&#8243;][vc_single_image image=&#8221;5584&#8243; img_size=&#8221;230X300&#8243;][vc_column_text] JOAQUIM DE CASTRO FILHO 1\u00ba Vice-presidente E-mail: joaquimcastro56@hotmail.com Data de Nascimento: 20\/4[\/vc_column_text][\/vc_column][vc_column width=&#8221;1\/3&#8243;][vc_single_image image=&#8221;5606&#8243; img_size=&#8221;230X300&#8243;][vc_column_text] MILTON TAVARES DE MELO J\u00daNIOR 2\u00ba Vice-presidente E-mail:\u00a0miltontmeloj@gmail.com Data de Nascimento: 9\/11[\/vc_column_text][\/vc_column][vc_column width=&#8221;1\/3&#8243;][vc_single_image image=&#8221;5586&#8243; img_size=&#8221;230X300&#8243;][vc_column_text] ARCHIMEDES CAVALCANTI<br \/><a href=\"http:\/\/fecomercio-pe.com.br\/site\/a-fecomercio-pe\/diretoria\/\" class=\"more\">Read more<\/a><\/p>\n","protected":false},"author":1,"featured_media":0,"parent":398,"menu_order":0,"comment_status":"open","ping_status":"closed","template":"","meta":{"footnotes":""},"_links":{"self":[{"href":"http:\/\/fecomercio-pe.com.br\/site\/wp-json\/wp\/v2\/pages\/9"}],"collection":[{"href":"http:\/\/fecomercio-pe.com.br\/site\/wp-json\/wp\/v2\/pages"}],"about":[{"href":"http:\/\/fecomercio-pe.com.br\/site\/wp-json\/wp\/v2\/types\/page"}],"author":[{"embeddable":true,"href":"http:\/\/fecomercio-pe.com.br\/site\/wp-json\/wp\/v2\/users\/1"}],"replies":[{"embeddable":true,"href":"http:\/\/fecomercio-pe.com.br\/site\/wp-json\/wp\/v2\/comments?post=9"}],"version-history":[{"count":132,"href":"http:\/\/fecomercio-pe.com.br\/site\/wp-json\/wp\/v2\/pages\/9\/revisions"}],"predecessor-version":[{"id":9832,"href":"http:\/\/fecomercio-pe.com.br\/site\/wp-json\/wp\/v2\/pages\/9\/revisions\/9832"}],"up":[{"embeddable":true,"href":"http:\/\/fecomercio-pe.com.br\/site\/wp-json\/wp\/v2\/pages\/398"}],"wp:attachment":[{"href":"http:\/\/fecomercio-pe.com.br\/site\/wp-json\/wp\/v2\/media?parent=9"}],"curies":[{"name":"wp","href":"https:\/\/api.w.org\/{rel}","templated":true}]}}