{"id":8945,"date":"2022-07-12T10:51:42","date_gmt":"2022-07-12T13:51:42","guid":{"rendered":"http:\/\/fecomercio-pe.com.br\/site\/?page_id=8945"},"modified":"2025-05-22T16:19:19","modified_gmt":"2025-05-22T19:19:19","slug":"instituto-fecomercio","status":"publish","type":"page","link":"http:\/\/fecomercio-pe.com.br\/site\/transparencia-na-gestao\/instituto-fecomercio\/","title":{"rendered":"Instituto Fecom\u00e9rcio"},"content":{"rendered":"<p>[vc_row][vc_column][vc_custom_heading text=&#8221;O instituto Fecom\u00e9rcio-PE apresenta seus balan\u00e7os financeiros.&#8221; font_container=&#8221;tag:h2|text_align:center&#8221; google_fonts=&#8221;font_family:Montserrat%3Aregular%2C700|font_style:400%20regular%3A400%3Anormal&#8221;][vc_column_text]<\/p>\n<p style=\"text-align: center;\">Selecione o ano e clique sobre o link para abrir o documento em PDF.<\/p>\n<p>[\/vc_column_text][\/vc_column][\/vc_row]<br \/>\n[vc_row][vc_column width=&#8221;1\/4&#8243;][vc_column_text]<\/p>\n<p>&nbsp;<\/p>\n<h2 class=\"art-postheader\">Desempenho Financeiro 2025<\/h2>\n<p>[\/vc_column_text][vc_column_text]<\/p>\n<ul>\n<li><a href=\"http:\/\/fecomercio-pe.com.br\/site\/wp-content\/uploads\/2025\/05\/BALANCO-CONTABIL-01-2025-1.pdf\" target=\"_blank\" rel=\"noopener\">Janeiro<\/a><\/li>\n<li>Fevereiro<\/li>\n<li>Mar\u00e7o<\/li>\n<li>Abril<\/li>\n<li>Maio<\/li>\n<li>Junho<\/li>\n<li>Julho<\/li>\n<li>Agosto<\/li>\n<li>Setembro<\/li>\n<li>Outubro<\/li>\n<li>Novembro<\/li>\n<li>Dezembro<\/li>\n<\/ul>\n<p>[\/vc_column_text][\/vc_column][vc_column width=&#8221;1\/4&#8243;][vc_column_text]<\/p>\n<p>&nbsp;<\/p>\n<h2 class=\"art-postheader\">Desempenho Financeiro 2024<\/h2>\n<p>[\/vc_column_text][vc_column_text]<\/p>\n<ul>\n<li><a href=\"http:\/\/fecomercio-pe.com.br\/site\/wp-content\/uploads\/2025\/02\/BALANCETE-01.2024-INSTITUTO-FECOMERCIO.pdf\" target=\"_blank\" rel=\"noopener\">Janeiro<\/a><\/li>\n<li><a href=\"http:\/\/fecomercio-pe.com.br\/site\/wp-content\/uploads\/2025\/02\/BALANCETE-02.2024-INSTITUTO-FECOMERCIO.pdf\" target=\"_blank\" rel=\"noopener\">Fevereiro<\/a><\/li>\n<li><a href=\"http:\/\/fecomercio-pe.com.br\/site\/wp-content\/uploads\/2025\/02\/BALANCETE-03.2024-INSTITUTO-FECOMERCIO.pdf\" target=\"_blank\" rel=\"noopener\">Mar\u00e7o<\/a><\/li>\n<li><a href=\"http:\/\/fecomercio-pe.com.br\/site\/wp-content\/uploads\/2025\/02\/BALANCETE-04.2024-INSTITUTO-FECOMERCIO.pdf\" target=\"_blank\" rel=\"noopener\">Abril<\/a><\/li>\n<li><a href=\"http:\/\/fecomercio-pe.com.br\/site\/wp-content\/uploads\/2025\/02\/BALANCETE-05.2024-INSTITUTO-FECOMERCIO.pdf\" target=\"_blank\" rel=\"noopener\">Maio<\/a><\/li>\n<li><a href=\"http:\/\/fecomercio-pe.com.br\/site\/wp-content\/uploads\/2025\/02\/BALANCETE-06.2024-INSTITUTO-FECOMERCIO.pdf\" target=\"_blank\" rel=\"noopener\">Junho<\/a><\/li>\n<li><a href=\"http:\/\/fecomercio-pe.com.br\/site\/wp-content\/uploads\/2025\/02\/BALANCETE-07.2024-INSTITUTO-FECOMERCIO.pdf\" target=\"_blank\" rel=\"noopener\">Julho<\/a><\/li>\n<li><a href=\"http:\/\/fecomercio-pe.com.br\/site\/wp-content\/uploads\/2025\/02\/BALANCETE-08.2024-INSTITUTO-FECOMERCIO.pdf\" target=\"_blank\" rel=\"noopener\">Agosto<\/a><\/li>\n<li><a href=\"http:\/\/fecomercio-pe.com.br\/site\/wp-content\/uploads\/2025\/02\/BALANCETE-09.2024-INSTITUTO-FECOMERCIO.pdf\" target=\"_blank\" rel=\"noopener\">Setembro<\/a><\/li>\n<li><a href=\"http:\/\/fecomercio-pe.com.br\/site\/wp-content\/uploads\/2025\/02\/BALANCETE-10.2024-INSTITUTO-FECOMERCIO.pdf\" target=\"_blank\" rel=\"noopener\">Outubro<\/a><\/li>\n<li><a href=\"http:\/\/fecomercio-pe.com.br\/site\/wp-content\/uploads\/2025\/02\/BALANCETE-11.2024-INSTITUTO-FECOMERCIO.pdf\" target=\"_blank\" rel=\"noopener\">Novembro<\/a><\/li>\n<li><a href=\"http:\/\/fecomercio-pe.com.br\/site\/wp-content\/uploads\/2025\/05\/BALANCO-12-2024-1.pdf\" target=\"_blank\" rel=\"noopener\">Dezembro<\/a><\/li>\n<\/ul>\n<p>[\/vc_column_text][\/vc_column][vc_column width=&#8221;1\/4&#8243;][vc_column_text]<\/p>\n<h2 class=\"art-postheader\">Desempenho Financeiro 2023<\/h2>\n<p>[\/vc_column_text][vc_column_text]<\/p>\n<ul>\n<li><a href=\"http:\/\/fecomercio-pe.com.br\/site\/wp-content\/uploads\/2023\/12\/Balancete-Contabil-INST-012023.pdf\" target=\"_blank\" rel=\"noopener\">Janeiro<\/a><\/li>\n<li><a href=\"http:\/\/fecomercio-pe.com.br\/site\/wp-content\/uploads\/2023\/12\/Balancete-Contabil-INST-022023.pdf\" target=\"_blank\" rel=\"noopener\">Fevereiro<\/a><\/li>\n<li><a href=\"http:\/\/fecomercio-pe.com.br\/site\/wp-content\/uploads\/2023\/12\/Balancete-Contabil-INST-032023.pdf\" target=\"_blank\" rel=\"noopener\">Mar\u00e7o<\/a><\/li>\n<li><a href=\"http:\/\/fecomercio-pe.com.br\/site\/wp-content\/uploads\/2023\/12\/Balancete-Contabil-INST-042023.pdf\" target=\"_blank\" rel=\"noopener\">Abril<\/a><\/li>\n<li><a href=\"http:\/\/fecomercio-pe.com.br\/site\/wp-content\/uploads\/2024\/02\/Balancete-Contabil-05.2023.pdf\" target=\"_blank\" rel=\"noopener\">Maio<\/a><\/li>\n<li><a href=\"http:\/\/fecomercio-pe.com.br\/site\/wp-content\/uploads\/2023\/12\/Balancete-Contabil-INST-062023.pdf\" target=\"_blank\" rel=\"noopener\">Junho<\/a><\/li>\n<li><a href=\"http:\/\/fecomercio-pe.com.br\/site\/wp-content\/uploads\/2023\/12\/Balancete-Contabil-INST-072023.pdf\" target=\"_blank\" rel=\"noopener\">Julho<\/a><\/li>\n<li><a href=\"http:\/\/fecomercio-pe.com.br\/site\/wp-content\/uploads\/2023\/12\/Balancete-Contabil-INST-082023.pdf\" target=\"_blank\" rel=\"noopener\">Agosto<\/a><\/li>\n<li><a href=\"http:\/\/fecomercio-pe.com.br\/site\/wp-content\/uploads\/2024\/02\/Balancete-Contabil-09.2023.pdf\" target=\"_blank\" rel=\"noopener\">Setembro<\/a><\/li>\n<li><a href=\"http:\/\/fecomercio-pe.com.br\/site\/wp-content\/uploads\/2024\/02\/Balancete-Contabil-10.2023.pdf\" target=\"_blank\" rel=\"noopener\">Outubro<\/a><\/li>\n<li><a href=\"http:\/\/fecomercio-pe.com.br\/site\/wp-content\/uploads\/2024\/02\/Balancete-Contabil-11.2023.pdf\" target=\"_blank\" rel=\"noopener\">Novembro<\/a><\/li>\n<li><a href=\"http:\/\/fecomercio-pe.com.br\/site\/wp-content\/uploads\/2024\/02\/Balancete-Contabil-12.2023.pdf\" target=\"_blank\" rel=\"noopener\">Dezembro<\/a><\/li>\n<\/ul>\n<p>[\/vc_column_text][\/vc_column][vc_column width=&#8221;1\/4&#8243;][vc_column_text]<\/p>\n<h2 class=\"art-postheader\">Desempenho Financeiro 2022<\/h2>\n<p>[\/vc_column_text][vc_column_text]<\/p>\n<ul>\n<li><a href=\"http:\/\/fecomercio-pe.com.br\/site\/wp-content\/uploads\/2023\/04\/Balancete-Contabil-01.2022-inst-1.pdf\" target=\"_blank\" rel=\"noopener\">Janeiro<\/a><\/li>\n<li><a href=\"http:\/\/fecomercio-pe.com.br\/site\/wp-content\/uploads\/2023\/04\/Balancete-Contabil-02.2022-inst-1.pdf\" target=\"_blank\" rel=\"noopener\">Fevereiro<\/a><\/li>\n<li><a href=\"http:\/\/fecomercio-pe.com.br\/site\/wp-content\/uploads\/2023\/04\/Balancete-Contabil-03.2022-inst-1.pdf\" target=\"_blank\" rel=\"noopener\">Mar\u00e7o<\/a><\/li>\n<li><a href=\"http:\/\/fecomercio-pe.com.br\/site\/wp-content\/uploads\/2023\/04\/Balancete-Contabil-04.2022-inst-1.pdf\" target=\"_blank\" rel=\"noopener\">Abril<\/a><\/li>\n<li><a href=\"http:\/\/fecomercio-pe.com.br\/site\/wp-content\/uploads\/2023\/04\/Balancete-Contabil-05.2022-inst-1.pdf\" target=\"_blank\" rel=\"noopener\">Maio<\/a><\/li>\n<li><a href=\"http:\/\/fecomercio-pe.com.br\/site\/wp-content\/uploads\/2023\/04\/Balancete-Contabil-06.2022-inst-1.pdf\" target=\"_blank\" rel=\"noopener\">Junho<\/a><\/li>\n<li><a href=\"http:\/\/fecomercio-pe.com.br\/site\/wp-content\/uploads\/2023\/04\/Balancete-Contabil-07.2022-inst-1.pdf\" target=\"_blank\" rel=\"noopener\">Julho<\/a><\/li>\n<li><a href=\"http:\/\/fecomercio-pe.com.br\/site\/wp-content\/uploads\/2023\/04\/Balancete-Contabil-08.2022-inst-1.pdf\" target=\"_blank\" rel=\"noopener\">Agosto<\/a><\/li>\n<li><a href=\"http:\/\/fecomercio-pe.com.br\/site\/wp-content\/uploads\/2023\/04\/Balancete-Contabil-09.2022-inst-1.pdf\" target=\"_blank\" rel=\"noopener\">Setembro<\/a><\/li>\n<li><a href=\"http:\/\/fecomercio-pe.com.br\/site\/wp-content\/uploads\/2023\/04\/Balancete-Contabil-10.2022-inst-1.pdf\" target=\"_blank\" rel=\"noopener\">Outubro<\/a><\/li>\n<li><a href=\"http:\/\/fecomercio-pe.com.br\/site\/wp-content\/uploads\/2023\/04\/Balancete-Contabil-11.2022-inst-1.pdf\" target=\"_blank\" rel=\"noopener\">Novembro<\/a><\/li>\n<li><a href=\"http:\/\/fecomercio-pe.com.br\/site\/wp-content\/uploads\/2023\/04\/DRE-Contabil-12.2022-inst.pdf\" target=\"_blank\" rel=\"noopener\">Dezembro<\/a><\/li>\n<\/ul>\n<p>[\/vc_column_text][\/vc_column][\/vc_row]<\/p>\n<p>[vc_column width=&#8221;1\/4&#8243;][vc_column_text]<\/p>\n<h2 class=\"art-postheader\">Anos anteriores<\/h2>\n<p>[\/vc_column_text][vc_column_text]<\/p>\n<ul>\n<li><a href=\"https:\/\/issuu.com\/fecomerciope\/docs\/balancete-if-2021\" target=\"_blank\" rel=\"noopener\">2021<\/a><\/li>\n<li><a href=\"https:\/\/issuu.com\/fecomerciope\/docs\/balancete-if-2020\" target=\"_blank\" rel=\"noopener\">2020<\/a><\/li>\n<li><a href=\"https:\/\/issuu.com\/fecomerciope\/docs\/balancete-if-2019\" target=\"_blank\" rel=\"noopener\">2019<\/a><\/li>\n<li><a href=\"https:\/\/issuu.com\/fecomerciope\/docs\/balancete-if-2018\" target=\"_blank\" rel=\"noopener\">2018<\/a><\/li>\n<\/ul>\n<p>[\/vc_column_text][\/vc_column][vc_column width=&#8221;1\/4&#8243;][vc_column_text]<\/p>\n<p>&nbsp;<\/p>\n","protected":false},"excerpt":{"rendered":"<p>[vc_row][vc_column][vc_custom_heading text=&#8221;O instituto Fecom\u00e9rcio-PE apresenta seus balan\u00e7os financeiros.&#8221; font_container=&#8221;tag:h2|text_align:center&#8221; google_fonts=&#8221;font_family:Montserrat%3Aregular%2C700|font_style:400%20regular%3A400%3Anormal&#8221;][vc_column_text] Selecione o ano e clique sobre o link para abrir o documento em PDF. [\/vc_column_text][\/vc_column][\/vc_row] [vc_row][vc_column width=&#8221;1\/4&#8243;][vc_column_text] &nbsp; Desempenho Financeiro 2025 [\/vc_column_text][vc_column_text] Janeiro Fevereiro Mar\u00e7o Abril Maio Junho Julho Agosto Setembro Outubro Novembro Dezembro [\/vc_column_text][\/vc_column][vc_column width=&#8221;1\/4&#8243;][vc_column_text] &nbsp; Desempenho Financeiro 2024 [\/vc_column_text][vc_column_text] Janeiro Fevereiro Mar\u00e7o Abril<br \/><a href=\"http:\/\/fecomercio-pe.com.br\/site\/transparencia-na-gestao\/instituto-fecomercio\/\" class=\"more\">Read more<\/a><\/p>\n","protected":false},"author":8,"featured_media":0,"parent":1710,"menu_order":0,"comment_status":"closed","ping_status":"closed","template":"","meta":{"footnotes":""},"_links":{"self":[{"href":"http:\/\/fecomercio-pe.com.br\/site\/wp-json\/wp\/v2\/pages\/8945"}],"collection":[{"href":"http:\/\/fecomercio-pe.com.br\/site\/wp-json\/wp\/v2\/pages"}],"about":[{"href":"http:\/\/fecomercio-pe.com.br\/site\/wp-json\/wp\/v2\/types\/page"}],"author":[{"embeddable":true,"href":"http:\/\/fecomercio-pe.com.br\/site\/wp-json\/wp\/v2\/users\/8"}],"replies":[{"embeddable":true,"href":"http:\/\/fecomercio-pe.com.br\/site\/wp-json\/wp\/v2\/comments?post=8945"}],"version-history":[{"count":23,"href":"http:\/\/fecomercio-pe.com.br\/site\/wp-json\/wp\/v2\/pages\/8945\/revisions"}],"predecessor-version":[{"id":11283,"href":"http:\/\/fecomercio-pe.com.br\/site\/wp-json\/wp\/v2\/pages\/8945\/revisions\/11283"}],"up":[{"embeddable":true,"href":"http:\/\/fecomercio-pe.com.br\/site\/wp-json\/wp\/v2\/pages\/1710"}],"wp:attachment":[{"href":"http:\/\/fecomercio-pe.com.br\/site\/wp-json\/wp\/v2\/media?parent=8945"}],"curies":[{"name":"wp","href":"https:\/\/api.w.org\/{rel}","templated":true}]}}