{"id":8374,"date":"2021-08-09T18:31:31","date_gmt":"2021-08-09T21:31:31","guid":{"rendered":"http:\/\/fecomercio-pe.com.br\/site\/?page_id=8374"},"modified":"2025-06-26T14:56:08","modified_gmt":"2025-06-26T17:56:08","slug":"licitacoes","status":"publish","type":"page","link":"http:\/\/fecomercio-pe.com.br\/site\/a-fecomercio-pe\/instituto-fecomercio-pe\/licitacoes\/","title":{"rendered":"Licita\u00e7\u00f5es"},"content":{"rendered":"<p>[vc_row][vc_column][vc_column_text]<strong>Preg\u00e3o Presencial 001\/2025<\/strong><\/p>\n<p>A Federa\u00e7\u00e3o do Com\u00e9rcio de Bens, Servi\u00e7os e Turismo do Estado de Pernambuco &#8211; Fecom\u00e9rcio\/PE, com sede na Av. Visconde de Suassuna, n\u00ba 265, 2\u00ba andar, Sala de Reuni\u00e3o, Santo Amaro, CEP 50.050-540, Recife\/PE, por interm\u00e9dio da Comiss\u00e3o de Licita\u00e7\u00e3o, torna p\u00fablico que realizar\u00e1 licita\u00e7\u00e3o na modalidade PREG\u00c3O PRESENCIAL, tipo MENOR PRE\u00c7O GLOBAL, para a contrata\u00e7\u00e3o de empresa especializada na presta\u00e7\u00e3o de servi\u00e7os de agenciamento de viagens corporativas em \u00e2mbito estadual, nacional e\/ou internacional, incluindo o gerenciamento e intermedia\u00e7\u00e3o de servi\u00e7os correlatos, em conformidade com as disposi\u00e7\u00f5es do Edital e seus anexos, no dia 26\/06\/2025, \u00e0s 10 horas, no local acima informado.<\/p>\n<p>Os interessados poder\u00e3o adquirir o edital atrav\u00e9s da Comiss\u00e3o Especial de Licita\u00e7\u00e3o, apresentando pen drive, no endere\u00e7o do Instituto Fecom\u00e9rcio, no 2\u00ba andar da Av. Visconde de Suassuna, n\u00ba 265, Santo Amaro, Recife\/PE, ou atrav\u00e9s do site oficial da Fecomercio.<\/p>\n<p><a href=\"http:\/\/fecomercio-pe.com.br\/site\/wp-content\/uploads\/2025\/06\/Edital-Pregao-presencial-no-001.2025-Agencia-de-Turismo-16.06.pdf\" target=\"_blank\" rel=\"noopener\">Acesse o arquivo aqui!<\/a><\/p>\n<p><a href=\"http:\/\/fecomercio-pe.com.br\/site\/wp-content\/uploads\/2025\/06\/Ata-da-Sessao-Publica-para-Abertura-do-Pregao-Presencial-No-001.2025.pdf\" target=\"_blank\" rel=\"noopener\">Ata da Sess\u00e3o P\u00fablica<\/a><\/p>\n<p>&nbsp;<\/p>\n<p>&nbsp;<\/p>\n<p><strong>AVISO DE LICITA\u00c7\u00c3O \u2013 FECOM\u00c9RCIO\/PE<\/strong><\/p>\n<p>CONVITE N\u00ba 001\/2024<\/p>\n<p>A ABERTURA DA LICITA\u00c7\u00c3O SER\u00c1 REALIZADA NO DIA 19\/12\/2024, \u00c0S 10:00 HORAS, no pr\u00e9dio da FECOM\u00c9RCIO, 2\u00ba ANDAR, SALA DE REUNI\u00c3O, LOCALIZADA NA AV. VISCONDE DE SUASSUNA, 265, SANTO AMARO, RECIFE\/PE, CEP 50.050-540.<\/p>\n<p>Constitui objeto da presente licita\u00e7\u00e3o a contrata\u00e7\u00e3o de empresa especializada na presta\u00e7\u00e3o de servi\u00e7os de agenciamento de viagens corporativas em \u00e2mbito estadual, nacional e\/ou internacional, incluindo o gerenciamento e intermedia\u00e7\u00e3o de servi\u00e7os continuados de reservas, emiss\u00f5es, remarca\u00e7\u00f5es, reembolsos, adiantamentos e cancelamentos de passagens a\u00e9reas, hospedagem, loca\u00e7\u00e3o de espa\u00e7o para eventos e reuni\u00f5es, seguro-viagem, transfer, inscri\u00e7\u00e3o em eventos e outros servi\u00e7os correlatos, para suprir as necessidades da FECOM\u00c9RCIO\/PE pelo per\u00edodo de 12 (doze) meses, podendo o contrato ser prorrogado por at\u00e9 48 (quarenta e oito) meses, nos termos do Regulamento de Licita\u00e7\u00f5es e Contratos do Sistema Sebrae \u2013 Resolu\u00e7\u00e3o CDN n\u00ba 493\/2024, observadas as condi\u00e7\u00f5es e exig\u00eancias constantes no edital.<\/p>\n<p>O EDITAL e seus anexos poder\u00e3o ser obtidos na unidade da Fecom\u00e9rcio &#8211; PE, no endere\u00e7o acima, de segunda a sexta-feira, no hor\u00e1rio das 09h00 \u00e0s 13h00 e das 14h \u00e0s 17h, atrav\u00e9s de pen drive ou atrav\u00e9s do site oficial da Fecom\u00e9rcio\/PE, no link abaixo. Outras informa\u00e7\u00f5es poder\u00e3o ser obtidas atrav\u00e9s dos e-mails vitoria.carvalho@fecomercio-pe.com e alyne.carvalho@fecomercio-pe.com.<\/p>\n<p><a href=\"http:\/\/fecomercio-pe.com.br\/site\/wp-content\/uploads\/2024\/12\/Edital-de-Convite-n.001.2024-Fecomercio-assinado.pdf\" target=\"_blank\" rel=\"noopener\">Acesse o arquivo aqui!<\/a><\/p>\n<p><a href=\"http:\/\/fecomercio-pe.com.br\/site\/wp-content\/uploads\/2024\/12\/ATA-CARTA-CONVITE-01-2024_compressed.pdf\" target=\"_blank\" rel=\"noopener\">Ata Carta Convite<\/a><\/p>\n<p><strong>Preg\u00e3o Presencial PP001CEL2024<\/strong><\/p>\n<p>ATA DE REUNI\u00c3O PARA HABILITA\u00c7\u00c3O, AN\u00c1LISE DE AMOSTRAS E DECLARA\u00c7\u00c3O DE<br \/>\nVENCEDOR DO PREG\u00c3O PRESENCIAL N\u00ba PP001CEL2024, PARA \u201cREGISTRO DE PRE\u00c7O<br \/>\n\u2013 RP\u201d PARA FUTURA E EVENTUAL CONTRATA\u00c7\u00c3O DE EMPRESA ESPECIALIZADA NA<br \/>\nPRESTA\u00c7\u00c3O DE SERVI\u00c7OS GR\u00c1FICOS, PARA ATENDER OS EVENTOS PROMOVIDOS<br \/>\nPELO INSTITUTO EMPRES\u00c1RIO OSCAR AMORIM DE DESENVOLVIMENTO ECON\u00d4MICO E<br \/>\nSOCIAL \u2013 INSTITUTO FECOM\u00c9RCIO, COM ENTREGA PARCELADAS POR UM PER\u00cdODO DE<br \/>\n12 (DOZE) MESES, PODENDO SER PRORROGADO NOS TERMOS DO REGULAMENTO DE<br \/>\nLICITA\u00c7\u00d5ES E CONTRATOS DO SISTEMA SEBRAE \u2013 RESOLU\u00c7\u00c3O CDN N\u00ba 439\/2023<br \/>\nCONFORME ESPECIFICA\u00c7\u00d5ES T\u00c9CNICAS E CONDI\u00c7\u00d5ES CONSTANTES NO ANEXO I, DO<br \/>\nEDITAL.<\/p>\n<p><a href=\"http:\/\/fecomercio-pe.com.br\/site\/wp-content\/uploads\/2024\/09\/Ata-de-Reuniao-Declara-Vencedor-PP001.pdf\" target=\"_blank\" rel=\"noopener\">Ata de Reuniao &#8211; Declara Vencedor PP001<\/a><\/p>\n<p>&nbsp;<\/p>\n<p><strong>Preg\u00e3o Presencial 002CEL2024<\/strong><\/p>\n<p>&nbsp;<\/p>\n<p>Segue em anexo o edital do Preg\u00e3o Presencial n. 002CEL2024, para \u201cRegistro de Pre\u00e7o \u2013 RP\u201d para futura e eventual contrata\u00e7\u00e3o de empresa especializada em loca\u00e7\u00e3o e instala\u00e7\u00e3o de EQUIPAMENTOS PARA REALIZA\u00c7\u00c3O DE EVENTOS \u2013 TIPO: PAINEL DE LED, SONORIZA\u00c7\u00c3O, ILUMINA\u00c7\u00c3O E ESTRUTURA DE PALCO, COM SUPORTE T\u00c9CNICO, que ser\u00e3o utilizados em eventos promovidos pelo Instituto Empres\u00e1rio Oscar Amorim de Desenvolvimento Econ\u00f4mico e Social \u2013 INSTITUTO FECOM\u00c9RCIO, por um per\u00edodo de 12 (doze) meses, podendo ser prorrogado nos termos do Regulamento de Licita\u00e7\u00f5es e Contratos do Sistema Sebrae \u2013 Resolu\u00e7\u00e3o CDN n\u00ba 439\/2023 conforme especifica\u00e7\u00f5es t\u00e9cnicas e condi\u00e7\u00f5es constantes no Anexo I do edital.<\/p>\n<p><a href=\"http:\/\/fecomercio-pe.com.br\/site\/wp-content\/uploads\/2024\/09\/PP002_Equipamento-para-Evento.pdf\" target=\"_blank\" rel=\"noopener\">Acesse o arquivo aqui!<\/a><\/p>\n<p>&nbsp;<\/p>\n<p style=\"font-weight: 400;\"><strong>Preg\u00e3o Presencial 001CEL2024<\/strong><\/p>\n<p>&nbsp;<\/p>\n<p style=\"font-weight: 400;\">A ABERTURA DA LICITA\u00c7\u00c3O SER\u00c1 REALIZADA NO DIA 15\/08\/2024, \u00c0S 09H HORAS, NO INSTITUTO FECOM\u00c9RCIO, 2\u00ba ANDAR, LOCALIZADO NA AV. VISCONDE DE SUASSUNA, 265, SANTO AMARO, RECIFE\/PE, CEP 50.050-540.<br \/>\nO OBJETIVO:<\/p>\n<p style=\"font-weight: 400;\">Constitui objeto do presente Termo de Refer\u00eancia o \u201cRegistro de Pre\u00e7o \u2013 RP\u201d para futura e eventual contrata\u00e7\u00e3o de empresa especializada na presta\u00e7\u00e3o de Servi\u00e7os Gr\u00e1ficos, para atender os eventos promovidos pelo Instituto Empres\u00e1rio Oscar Amorim de Desenvolvimento Econ\u00f4mico e Social \u2013 INSTITUTO FECOM\u00c9RCIO, com entrega<br \/>\nparceladas por um per\u00edodo de 12 (doze) meses, podendo ser prorrogado nos termos do Regulamento de Licita\u00e7\u00f5es e Contratos do Sistema Sebrae \u2013 Resolu\u00e7\u00e3o CDN no 439\/2023 conforme especifica\u00e7\u00f5es t\u00e9cnicas e condi\u00e7\u00f5es constantes no anexo I, deste Edital.<\/p>\n<p style=\"font-weight: 400;\">O EDITAL e seus anexos poder\u00e3o ser obtidos na unidade de pesquisa do Instituto Fecom\u00e9rcio \u2013 PE, no endere\u00e7o acima, de segunda a sexta-feira, no hor\u00e1rio das 09h00 \u00e0s 13h00 e das 14h \u00e0s 17h, atrav\u00e9s de pen drive, ou atrav\u00e9s de solicita\u00e7\u00e3o enviada para os e-mails\u00a0<a href=\"mailto:wilma.fonseca@fecomercio-pe.com\">wilma.fonseca@fecomercio-pe.com<\/a>\u00a0ou\u00a0<a href=\"mailto:ricardo.santos@fecomercio-pe.com\">ricardo.santos@fecomercio-pe.com<\/a>. Outras informa\u00e7\u00f5es poder\u00e3o ser obtidas pelo telefone n\u00ba (81) 3231-5393 ou atrav\u00e9s dos referidos endere\u00e7os de correio eletr\u00f4nico.<\/p>\n<p>&nbsp;<\/p>\n<p><strong>PREG\u00c3O PRESENCIAL N\u00ba. 001\/CEL\/2024<\/strong><\/p>\n<p>&nbsp;<\/p>\n<p><strong>COMUNICADO<\/strong><\/p>\n<p>A Comiss\u00e3o Especial de Licita\u00e7\u00e3o comunica que a sess\u00e3o p\u00fablica de abertura do Preg\u00e3o<br \/>\nPresencial n\u00ba 001\/CEL\/2024, ser\u00e1 no dia 16 de agosto de 2024, \u00e0s 09 horas, no 2\u00ba Andar,<br \/>\nno Centro Administrativo do Senac, situado \u00e0 Avenida Visconde de Suassuna, n\u00ba 500, Santo<br \/>\nAmaro, Recife\/PE.<\/p>\n<p>Acesse o documento <a href=\"http:\/\/fecomercio-pe.com.br\/site\/wp-content\/uploads\/2024\/08\/Comunicado-2.pdf\" target=\"_blank\" rel=\"noopener\">aqui<\/a>!<\/p>\n<p>&nbsp;<\/p>\n<p><strong>PREG\u00c3O PRESENCIAL N\u00ba. 001\/CEL\/2024<\/strong><\/p>\n<p>&nbsp;<\/p>\n<p><strong>COMUNICADO<\/strong><\/p>\n<p>&nbsp;<\/p>\n<p>ATA DA SESS\u00c3O P\u00daBLICA PARA ABERTURA DA PREG\u00c3O PRESENCIAL N\u00ba PP011CPL2021, PARA \u201cREGISTRO DE PRE\u00c7O \u2013 RP\u201d PARA FUTURA E EVENTUAL CONTRATA\u00c7\u00c3O DE EMPRESA ESPECIALIZADA NA PRESTA\u00c7\u00c3O DE SERVI\u00c7OS GR\u00c1FICOS, PARA ATENDER OS EVENTOS PROMOVIDOS PELO INSTITUTO EMPRES\u00c1RIO OSCAR AMORIM DE DESENVOLVIMENTO ECON\u00d4MICO E SOCIAL \u2013 INSTITUTO FECOM\u00c9RCIO, COM ENTREGA PARCELADAS POR UM PER\u00cdODO DE 12 (DOZE) MESES, PODENDO SER PRORROGADO NOS TERMOS DO REGULAMENTO DE LICITA\u00c7\u00d5ES E CONTRATOS DO SISTEMA SEBRAE \u2013 RESOLU\u00c7\u00c3O CDN N\u00ba 439\/2023 CONFORME ESPECIFICA\u00c7\u00d5ES T\u00c9CNICAS E CONDI\u00c7\u00d5ES CONSTANTES NO ANEXO I, DO EDITAL.<\/p>\n<p>Aos dezesseis dias do m\u00eas de agosto do ano de dois mil e vinte e quatro, \u00e0s 09:00h, reuniu-se a Comiss\u00e3o Permanente de Licita\u00e7\u00e3o para proceder ao recebimento dos envelopes de propostas e documentos de habilita\u00e7\u00e3o deste certame. Presentes os componentes da Comiss\u00e3o, designados pela Portaria n\u00ba 001, de 02 de maio de 2023, tendo como Pregoeiro Eduardo Nunes de Barros, que dispensou os componentes Tatiana Maria Ara\u00fajo do Nascimento, Rosely de Oliveira Silva e Kalina Aureliano de Ara\u00fajo Tavares, por ter atingido o n\u00famero m\u00ednimo de membros para realiza\u00e7\u00e3o da sess\u00e3o. Apesar da ampla publicidade do ato atrav\u00e9s do Instituto Fecom\u00e9rcio \/PE, tendo apenas a empresa R MELO GR\u00c1FICA EIRELI EPP enviando seus envelopes contendo a proposta comercial e documentos de habilita\u00e7\u00e3o. Desse modo, a Comiss\u00e3o de Licita\u00e7\u00e3o, com a finalidade de ampliar a competitividade do certame, resolveu republicar o aviso de licita\u00e7\u00e3o. Nesse momento, o Sr. Pregoeiro encerrou a reuni\u00e3o, e, por nada mais haver a constar, eu, Eduardo Nunes de Barros, lavrei a presente ata que vai assinada por todos os presentes.<\/p>\n<p><a href=\"http:\/\/fecomercio-pe.com.br\/site\/wp-content\/uploads\/2024\/08\/Ata-de-abertura-da-sessao-pregao-1.pdf\" target=\"_blank\" rel=\"noopener\">Acesse o arquivo aqui!<\/a><\/p>\n<p>&nbsp;<\/p>\n<p><strong>AVISO DE LICITA\u00c7\u00c3O<\/strong><\/p>\n<p>CONVITE N\u00ba 001\/2024<\/p>\n<p>A ABERTURA DA LICITA\u00c7\u00c3O SER\u00c1 REALIZADA NO DIA 18\/03\/2024, \u00c0S 09:30 HORAS, NO INSTITUTO FECOM\u00c9RCIO, 2\u00ba ANDAR, LOCALIZADO NA AV. VISCONDE DE SUASSUNA, 265, SANTO AMARO, RECIFE\/PE, CEP 50.050-540.<br \/>\nO OBJETIVO:<\/p>\n<p>Constitui objeto da presente licita\u00e7\u00e3o a contrata\u00e7\u00e3o de empresa especializada para realizar estudos e pesquisas para conhecer e acompanhar a din\u00e2mica das atividades dos setores do com\u00e9rcio de bens, servi\u00e7os e turismo de Pernambuco, visando subsidiar as pol\u00edticas de desenvolvimento. Pelo per\u00edodo de 12 meses, podendo ser prorrogado at\u00e9 60 meses.<\/p>\n<p>O EDITAL e seus anexos poder\u00e3o ser obtidos na unidade de pesquisa do Instituto Fecom\u00e9rcio &#8211; PE, no endere\u00e7o acima, de segunda a sexta-feira, no hor\u00e1rio das 09h00 \u00e0s 13h00 e das 14h \u00e0s 17h, atrav\u00e9s de pen drive, ou atrav\u00e9s de solicita\u00e7\u00e3o enviada para os e-mails wilma.fonseca@fecomercio-pe.com ou ricardo.santos@fecomercio-pe.com. Outras informa\u00e7\u00f5es poder\u00e3o ser obtidas pelo telefone n\u00ba (81) 3231-5393 ou atrav\u00e9s dos referidos endere\u00e7os de correio eletr\u00f4nico.<\/p>\n<p>&nbsp;<\/p>\n<p>COMUNICADO<\/p>\n<p>Segue em anexo o edital do Preg\u00e3o Presencial n. 001CEL2024, para a contrata\u00e7\u00e3o de empresa especializada na entrega imediata e total de Produtos Impressos Gr\u00e1ficos, que ser\u00e3o fornecidos para a Federa\u00e7\u00e3o do Com\u00e9rcio de Bens, Servi\u00e7os e Turismo do Estado de Pernambuco (Fecomercio-PE), pelo per\u00edodo de 12 meses, at\u00e9 o limite m\u00e1ximo de 60 meses, conforme especifica\u00e7\u00f5es constantes no Anexo I do edital.<\/p>\n<p><a href=\"http:\/\/fecomercio-pe.com.br\/site\/wp-content\/uploads\/2024\/08\/PP001_Imp-Graficos-REP.pdf\" target=\"_blank\" rel=\"noopener\">Acesse o arquivo aqui!<\/a><\/p>\n<p>&nbsp;<\/p>\n<p><strong>Ata de Abertura II PP001<\/strong><\/p>\n<p><a href=\"http:\/\/fecomercio-pe.com.br\/site\/wp-content\/uploads\/2024\/08\/PP001_Imp-Graficos-REP.pdf\" target=\"_blank\" rel=\"noopener\">Acesse o arquivo aqui!<\/a><\/p>\n<p>&nbsp;<\/p>\n<p><strong>AVISO DE LICITA\u00c7\u00c3O<\/strong><\/p>\n<p>&nbsp;<\/p>\n<p>CONVITE N\u00ba 001\/2023<\/p>\n<p>O Instituto FECOM\u00c9RCIO-PE, situado na Avenida Visconde de Suassuna, n\u00ba 265, Boa Vista, Recife\/PE, CEP 50.050-540, torna p\u00fablico que, \u00e0s 9h (hor\u00e1rio local), do dia 12 de janeiro de 2023, realizar\u00e1, de forma remota, atrav\u00e9s da plataforma Microsoft Teams, a abertura do CONVITE N\u00ba 001\/2023, objetivando a contrata\u00e7\u00e3o de empresa especializada para realizar estudos e pesquisas para conhecer e acompanhar a din\u00e2mica das atividades dos setores do com\u00e9rcio de bens, servi\u00e7os de turismo de Pernambuco, pelo per\u00edodo de 12 (doze) meses, podendo ser prorrogado at\u00e9 o limite de 60 (sessenta) meses, visando subsidiar as pol\u00edticas de desenvolvimento, envolvendo as atividades constantes no Anexo I do Edital. Os interessados poder\u00e3o adquirir o edital e enviar solicita\u00e7\u00f5es de esclarecimento atrav\u00e9s do endere\u00e7o eletr\u00f4nico wilma.fonseca@fecomercio-pe.com, ou da Comiss\u00e3o Especial de Licita\u00e7\u00e3o, apresentando pen drive, no endere\u00e7o do Instituto Fecom\u00e9rcio, 2\u00ba andar.<\/p>\n<p>Telefone para contato (81) 3231-5393 \u2013 Wilma Fons\u00eaca.<\/p>\n<p>&nbsp;<\/p>\n<p><strong>AVISO DE LICITA\u00c7\u00c3O<\/strong><\/p>\n<p>CONVITE N\u00ba 001\/2021<\/p>\n<p>O Instituto Fecom\u00e9rcio-PE, situado na Avenida Visconde de Suassuna, n\u00ba 265, Boa Vista, Recife\/PE, CEP 50.050-540, torna p\u00fablico que, \u00e0s 9h (hor\u00e1rio local) do dia 19 de agosto de 2021, realizar\u00e1, de forma remota, por meio da plataforma Microsoft Teams, a abertura do CONVITE N\u00ba 001\/2021, objetivando a contrata\u00e7\u00e3o de empresa especializada para realizar estudos e pesquisas para conhecer e acompanhar a din\u00e2mica das atividades dos setores do com\u00e9rcio de bens, servi\u00e7os de turismo de Pernambuco, pelo per\u00edodo de 12 (doze) meses, podendo ser prorrogado at\u00e9 o limite de 60 (sessenta) meses, visando subsidiar as pol\u00edticas de desenvolvimento, envolvendo as atividades constantes no Anexo I do Edital.<\/p>\n<p>Os interessados poder\u00e3o adquirir o edital e enviar solicita\u00e7\u00f5es de esclarecimento atrav\u00e9s do endere\u00e7o eletr\u00f4nico <a href=\"mailto:wilma.fonseca@fecomercio-pe.com\">wilma.fonseca@fecomercio-pe.com<\/a> ou da Comiss\u00e3o Especial de Licita\u00e7\u00e3o, apresentando pen drive, no endere\u00e7o do Instituto Fecom\u00e9rcio, no 2\u00ba andar da Av. Visconde de Suassuna, n\u00ba 265, Santo Amaro, Recife\/PE.<\/p>\n<p>Telefone para contato (81) 3231-5393 \u2013 Wilma Fons\u00eaca.[\/vc_column_text][\/vc_column][\/vc_row]<\/p>\n","protected":false},"excerpt":{"rendered":"<p>[vc_row][vc_column][vc_column_text]Preg\u00e3o Presencial 001\/2025 A Federa\u00e7\u00e3o do Com\u00e9rcio de Bens, Servi\u00e7os e Turismo do Estado de Pernambuco &#8211; Fecom\u00e9rcio\/PE, com sede na Av. Visconde de Suassuna, n\u00ba 265, 2\u00ba andar, Sala de Reuni\u00e3o, Santo Amaro, CEP 50.050-540, Recife\/PE, por interm\u00e9dio da Comiss\u00e3o de Licita\u00e7\u00e3o, torna p\u00fablico que realizar\u00e1 licita\u00e7\u00e3o na modalidade PREG\u00c3O PRESENCIAL, tipo MENOR PRE\u00c7O<br \/><a href=\"http:\/\/fecomercio-pe.com.br\/site\/a-fecomercio-pe\/instituto-fecomercio-pe\/licitacoes\/\" class=\"more\">Read more<\/a><\/p>\n","protected":false},"author":8,"featured_media":0,"parent":7,"menu_order":0,"comment_status":"closed","ping_status":"closed","template":"","meta":{"footnotes":""},"_links":{"self":[{"href":"http:\/\/fecomercio-pe.com.br\/site\/wp-json\/wp\/v2\/pages\/8374"}],"collection":[{"href":"http:\/\/fecomercio-pe.com.br\/site\/wp-json\/wp\/v2\/pages"}],"about":[{"href":"http:\/\/fecomercio-pe.com.br\/site\/wp-json\/wp\/v2\/types\/page"}],"author":[{"embeddable":true,"href":"http:\/\/fecomercio-pe.com.br\/site\/wp-json\/wp\/v2\/users\/8"}],"replies":[{"embeddable":true,"href":"http:\/\/fecomercio-pe.com.br\/site\/wp-json\/wp\/v2\/comments?post=8374"}],"version-history":[{"count":35,"href":"http:\/\/fecomercio-pe.com.br\/site\/wp-json\/wp\/v2\/pages\/8374\/revisions"}],"predecessor-version":[{"id":11404,"href":"http:\/\/fecomercio-pe.com.br\/site\/wp-json\/wp\/v2\/pages\/8374\/revisions\/11404"}],"up":[{"embeddable":true,"href":"http:\/\/fecomercio-pe.com.br\/site\/wp-json\/wp\/v2\/pages\/7"}],"wp:attachment":[{"href":"http:\/\/fecomercio-pe.com.br\/site\/wp-json\/wp\/v2\/media?parent=8374"}],"curies":[{"name":"wp","href":"https:\/\/api.w.org\/{rel}","templated":true}]}}