{"id":5,"date":"2015-08-19T20:58:16","date_gmt":"2015-08-19T20:58:16","guid":{"rendered":"http:\/\/fecomercio-pe.com.br\/site\/?page_id=5"},"modified":"2015-09-10T12:04:41","modified_gmt":"2015-09-10T12:04:41","slug":"representacoes","status":"publish","type":"page","link":"http:\/\/fecomercio-pe.com.br\/site\/a-fecomercio-pe\/representacoes\/","title":{"rendered":"Representa\u00e7\u00f5es"},"content":{"rendered":"<p>[vc_row type=&#8221;&#8221; parallax_background=&#8221;&#8221; parallax_type=&#8221;&#8221; video_background=&#8221;&#8221; video_link=&#8221;&#8221; overlay=&#8221;&#8221; overlay_color=&#8221;#ffffff&#8221; i_select=&#8221;&#8221; icon=&#8221;&#8221; i_bg_color=&#8221;#ffffff&#8221; i_color=&#8221;#21c2f8&#8243; a_select=&#8221;&#8221; a_bg_color=&#8221;#ffffff&#8221;][vc_column width=&#8221;1\/2&#8243; animation=&#8221;&#8221;]<div class=\"rd_img_gallery_ctn clearfix\" style=\"margin:0px auto 0px;\"><a class=\"ig_col_2 \" href=\"http:\/\/fecomercio-pe.com.br\/site\/wp-content\/uploads\/2015\/08\/fecomercio-cedes_logo.png\"  rel=\"prettyPhoto[rel-120179145]\" ><img loading=\"lazy\" decoding=\"async\" width=\"250\" height=\"150\" src=\"http:\/\/fecomercio-pe.com.br\/site\/wp-content\/uploads\/2015\/08\/fecomercio-cedes_logo.png\" class=\"attachment-full\" alt=\"\" srcset=\"http:\/\/fecomercio-pe.com.br\/site\/wp-content\/uploads\/2015\/08\/fecomercio-cedes_logo.png 250w, http:\/\/fecomercio-pe.com.br\/site\/wp-content\/uploads\/2015\/08\/fecomercio-cedes_logo-24x14.png 24w, http:\/\/fecomercio-pe.com.br\/site\/wp-content\/uploads\/2015\/08\/fecomercio-cedes_logo-36x22.png 36w, http:\/\/fecomercio-pe.com.br\/site\/wp-content\/uploads\/2015\/08\/fecomercio-cedes_logo-48x29.png 48w\" sizes=\"(max-width: 250px) 100vw, 250px\" \/><\/a><a class=\"ig_col_2 \" href=\"http:\/\/fecomercio-pe.com.br\/site\/wp-content\/uploads\/2015\/08\/femep-logo.png\"  rel=\"prettyPhoto[rel-120179145]\" ><img loading=\"lazy\" decoding=\"async\" width=\"250\" height=\"150\" src=\"http:\/\/fecomercio-pe.com.br\/site\/wp-content\/uploads\/2015\/08\/femep-logo.png\" class=\"attachment-full\" alt=\"\" srcset=\"http:\/\/fecomercio-pe.com.br\/site\/wp-content\/uploads\/2015\/08\/femep-logo.png 250w, http:\/\/fecomercio-pe.com.br\/site\/wp-content\/uploads\/2015\/08\/femep-logo-24x14.png 24w, http:\/\/fecomercio-pe.com.br\/site\/wp-content\/uploads\/2015\/08\/femep-logo-36x22.png 36w, http:\/\/fecomercio-pe.com.br\/site\/wp-content\/uploads\/2015\/08\/femep-logo-48x29.png 48w\" sizes=\"(max-width: 250px) 100vw, 250px\" \/><\/a><\/div>[\/vc_column][vc_column width=&#8221;1\/2&#8243; animation=&#8221;&#8221;][vc_column_text]<\/p>\n<p style=\"text-align: justify;\">Ampliando os espa\u00e7os de sua representatividade, na defesa permanente dos interesses do com\u00e9rcio de bens, servi\u00e7os e turismo de Pernambuco, a Fecom\u00e9rcio-PE integra diversos \u00f3rg\u00e3os colegiados, tanto na esfera p\u00fablica quanto na privada, tanto nacionais quanto internacionais. Dentre estes, destacam-se o <a href=\"http:\/\/www.smpe.gov.br\/assuntos\/forum-permanente\" target=\"_blank\">Conselho Estadual de Desenvolvimento Econ\u00f4mico e Social de Pernambuco<\/a>, respons\u00e1vel pela defini\u00e7\u00e3o das pol\u00edticas de desenvolvimento estadual e o <a href=\"http:\/\/www.smpe.gov.br\/assuntos\/forum-permanente\" target=\"_blank\">F\u00f3rum Estadual das Microempresas e Empresas de Pequeno Porte<\/a>, incumbido de promover o desenvolvimento desse segmento, que responde por mais da metade dos empregos no Estado.<\/p>\n<p>[\/vc_column_text][\/vc_column][\/vc_row]<\/p>\n","protected":false},"excerpt":{"rendered":"<p>[vc_row type=&#8221;&#8221; parallax_background=&#8221;&#8221; parallax_type=&#8221;&#8221; video_background=&#8221;&#8221; video_link=&#8221;&#8221; overlay=&#8221;&#8221; overlay_color=&#8221;#ffffff&#8221; i_select=&#8221;&#8221; icon=&#8221;&#8221; i_bg_color=&#8221;#ffffff&#8221; i_color=&#8221;#21c2f8&#8243; a_select=&#8221;&#8221; a_bg_color=&#8221;#ffffff&#8221;][vc_column width=&#8221;1\/2&#8243; animation=&#8221;&#8221;][\/vc_column][vc_column width=&#8221;1\/2&#8243; animation=&#8221;&#8221;][vc_column_text] Ampliando os espa\u00e7os de sua representatividade, na defesa permanente dos interesses do com\u00e9rcio de bens, servi\u00e7os e turismo de Pernambuco, a Fecom\u00e9rcio-PE integra diversos \u00f3rg\u00e3os colegiados, tanto na esfera p\u00fablica quanto na privada, tanto nacionais quanto internacionais.<br \/><a href=\"http:\/\/fecomercio-pe.com.br\/site\/a-fecomercio-pe\/representacoes\/\" class=\"more\">Read more<\/a><\/p>\n","protected":false},"author":1,"featured_media":0,"parent":398,"menu_order":0,"comment_status":"open","ping_status":"closed","template":"","meta":{"footnotes":""},"_links":{"self":[{"href":"http:\/\/fecomercio-pe.com.br\/site\/wp-json\/wp\/v2\/pages\/5"}],"collection":[{"href":"http:\/\/fecomercio-pe.com.br\/site\/wp-json\/wp\/v2\/pages"}],"about":[{"href":"http:\/\/fecomercio-pe.com.br\/site\/wp-json\/wp\/v2\/types\/page"}],"author":[{"embeddable":true,"href":"http:\/\/fecomercio-pe.com.br\/site\/wp-json\/wp\/v2\/users\/1"}],"replies":[{"embeddable":true,"href":"http:\/\/fecomercio-pe.com.br\/site\/wp-json\/wp\/v2\/comments?post=5"}],"version-history":[{"count":0,"href":"http:\/\/fecomercio-pe.com.br\/site\/wp-json\/wp\/v2\/pages\/5\/revisions"}],"up":[{"embeddable":true,"href":"http:\/\/fecomercio-pe.com.br\/site\/wp-json\/wp\/v2\/pages\/398"}],"wp:attachment":[{"href":"http:\/\/fecomercio-pe.com.br\/site\/wp-json\/wp\/v2\/media?parent=5"}],"curies":[{"name":"wp","href":"https:\/\/api.w.org\/{rel}","templated":true}]}}