{"id":45,"date":"2015-08-20T01:01:16","date_gmt":"2015-08-20T01:01:16","guid":{"rendered":"http:\/\/fecomercio-pe.com.br\/site\/?page_id=45"},"modified":"2017-02-08T19:09:29","modified_gmt":"2017-02-08T19:09:29","slug":"nf-e","status":"publish","type":"page","link":"http:\/\/fecomercio-pe.com.br\/site\/servicos\/certificacao-digital\/nf-e\/","title":{"rendered":"NF-e"},"content":{"rendered":"<p>[vc_row][vc_column width=&#8221;1\/2&#8243;][vc_custom_heading text=&#8221;Criado especialmente para emitir notas fiscais eletr\u00f4nicas (garantindo sua conformidade na Lei) e atribuir ao funcion\u00e1rio respons\u00e1vel de sua organiza\u00e7\u00e3o a al\u00e7ada necess\u00e1ria e restrita para emiss\u00e3o e gerenciamento de NF-e.&#8221; font_container=&#8221;tag:h3|text_align:left&#8221; google_fonts=&#8221;font_family:Montserrat%3Aregular%2C700|font_style:400%20regular%3A400%3Anormal&#8221;][vc_column_text]Com este documento digital \u00e9 poss\u00edvel realizar consultas e atualizar os cadastros de contribuinte pessoa jur\u00eddica, obter certid\u00f5es da Receita Federal, cadastrar procura\u00e7\u00f5es e acompanhar processos tribut\u00e1rios atrav\u00e9s da Internet sem a necessidade de ir munido de diversos documentos at\u00e9 um posto de atendimento.<\/p>\n<h2>Informa\u00e7\u00f5es do Produto<\/h2>\n<p>A NF-e tem validade fiscal e jur\u00eddica garantida pela assinatura do emitente realizada com o uso de um certificado digital no padr\u00e3o ICP-Brasil. \u00c9 o certificado, portanto, que garante \u00e0 Nota Fiscal Eletr\u00f4nica a certeza de integridade e autoria.<\/p>\n<p>Para manter a seguran\u00e7a e a garantia de identidade digital da sua empresa e ao mesmo tempo permitir que a tecnologia de certifica\u00e7\u00e3o seja utilizada na sua forma mais ampla &#8211; automatizando processos com seguran\u00e7a &#8211; a Certisign criou o produto Certificado Digital NF-e.<\/p>\n<p>Para emitir uma nota fiscal eletr\u00f4nica, o emissor deve dispor de um certificado digital, emitido sob a ICP-Brasil, que contenha o seu respectivo CNPJ.<\/p>\n<p>Este tipo de certificado digital foi criado especialmente para emitir as notas fiscais eletr\u00f4nicas (garantindo a conformidade estabelecida pela ICP-Brasil, Receita Federal e Secretarias Fazend\u00e1rias dos Estados) e atribuir ao funcion\u00e1rio respons\u00e1vel de sua organiza\u00e7\u00e3o a al\u00e7ada necess\u00e1ria e restrita para emiss\u00e3o e gerenciamento das notas fiscais eletr\u00f4nicas.<\/p>\n<p>Uma caracter\u00edstica importante deste certificado \u00e9 que \u00e9 permitido \u00e0 empresa possuir mais de um certificado NF-e, porque o respons\u00e1vel pelo certificado digital, diferente do que ocorre com um e-CNPJ, pode ser qualquer funcion\u00e1rio da organiza\u00e7\u00e3o. Dessa forma, se um dos funcion\u00e1rios estiver ausente, a empresa n\u00e3o deixa de assinar as solicita\u00e7\u00f5es para emiss\u00e3o de nota fiscal eletr\u00f4nica.[\/vc_column_text][\/vc_column][vc_column width=&#8221;1\/2&#8243;][vc_column_text]<img loading=\"lazy\" decoding=\"async\" class=\"size-medium wp-image-1078 alignright\" src=\"http:\/\/fecomercio-pe.com.br\/site\/wp-content\/uploads\/2015\/08\/cert_e-nfe-300x225.jpg\" alt=\"cert_e-nfe\" width=\"300\" height=\"225\" srcset=\"http:\/\/fecomercio-pe.com.br\/site\/wp-content\/uploads\/2015\/08\/cert_e-nfe-300x225.jpg 300w, http:\/\/fecomercio-pe.com.br\/site\/wp-content\/uploads\/2015\/08\/cert_e-nfe-24x18.jpg 24w, http:\/\/fecomercio-pe.com.br\/site\/wp-content\/uploads\/2015\/08\/cert_e-nfe-36x27.jpg 36w, http:\/\/fecomercio-pe.com.br\/site\/wp-content\/uploads\/2015\/08\/cert_e-nfe-48x36.jpg 48w, http:\/\/fecomercio-pe.com.br\/site\/wp-content\/uploads\/2015\/08\/cert_e-nfe.jpg 380w\" sizes=\"(max-width: 300px) 100vw, 300px\" \/>Um outro diferencial \u00e9 que este certificado utiliza uma estrutura robusta de funcionamento. A cada comunica\u00e7\u00e3o com a Secretaria da Fazenda, \u00e9 realizada uma verifica\u00e7\u00e3o da validade e conte\u00fado deste certificado. Mesmo assim, a resposta \u00e9 mais r\u00e1pida, gerando uma otimiza\u00e7\u00e3o do processo como um todo.<\/p>\n<p>N\u00e3o deixe de utilizar este certificado em sua empresa. Com ele, voc\u00ea ter\u00e1 um otimiza\u00e7\u00e3o e evolu\u00e7\u00e3o do processo de emiss\u00e3o de notas fiscais eletr\u00f4nicas.<\/p>\n<p><strong>ATEN\u00c7\u00c3O: escolha correta do tipo de certificado digital para NF-e<br \/>\n<\/strong><\/p>\n<p>Antes de adquirir um certificado digital para NF-e, consulte o fornecedor do seu sistema de emiss\u00e3o de Notas Fiscais Eletr\u00f4nicas sobre a compatibilidade do mesmo com certificados dos tipos A1 ou A3. Cada sistema possui caracter\u00edsticas t\u00e9cnicas diferentes e requer um certificado para NF-e espec\u00edfico.<\/p>\n<p>N\u00e3o ser\u00e1 poss\u00edvel alterar o tipo do seu certificado digital ou efetuar reembolso ap\u00f3s a aquisi\u00e7\u00e3o\/valida\u00e7\u00e3o presencial. Se o tipo do certificado escolhido n\u00e3o for compat\u00edvel com a sua aplica\u00e7\u00e3o, a Certisign n\u00e3o poder\u00e1 ajust\u00e1-lo nem substitu\u00ed-lo.<\/p>\n<p>Essa consulta ao seu fornecedor de sistema para emiss\u00e3o de NF-e ir\u00e1 evitar futuros contratempos que poder\u00e3o surgir com a aquisi\u00e7\u00e3o do produto incorreto.[\/vc_column_text][\/vc_column][\/vc_row][vc_row][vc_column width=&#8221;1\/4&#8243;][vc_column_text]<\/p>\n<h3>A1<\/h3>\n<ul>\n<li>1 Ano<\/li>\n<li>R$ 365,00<\/li>\n<li><a href=\"https:\/\/gestaoar.certisign.com.br\/GestaoAR\/cliente\/produto\/inicio?produto=ACMA1PJNFEHV2&amp;grupo=ACMVR&amp;cliente_AR=ACMVR&amp;origem=1&amp;cod_rev=32112\" target=\"_blank\">COMPRE AQUI<\/a><\/li>\n<\/ul>\n<p>[\/vc_column_text][vc_column_text css=&#8221;.vc_custom_1486580958286{padding-top: 10px !important;padding-right: 10px !important;padding-bottom: 10px !important;padding-left: 10px !important;background-color: #f9f9f9 !important;}&#8221;]<\/p>\n<h3>A3<\/h3>\n<ul>\n<li>3 Anos<\/li>\n<li>p\/ HSM (gera CSR)<\/li>\n<li>R$ 1.340,00<\/li>\n<li><a href=\"https:\/\/gestaoar.certisign.com.br\/GestaoAR\/cliente\/produto\/inicio?produto=ACMA3PJNFECSRHV2&amp;grupo=ACMVR&amp;cliente_AR=ACMVR&amp;origem=1&amp;cod_rev=32112\" target=\"_blank\">COMPRE AQUI<\/a><\/li>\n<\/ul>\n<p>[\/vc_column_text][\/vc_column][vc_column width=&#8221;1\/4&#8243;][vc_column_text css=&#8221;.vc_custom_1486580387081{padding-top: 10px !important;padding-right: 10px !important;padding-bottom: 10px !important;padding-left: 10px !important;background-color: #f9f9f9 !important;}&#8221;]<\/p>\n<h3>A3<\/h3>\n<ul>\n<li>3\u00a0Anos<\/li>\n<li>Com smart card + leitora<\/li>\n<li>R$ 785,00<\/li>\n<li><a href=\"https:\/\/gestaoar.certisign.com.br\/GestaoAR\/cliente\/produto\/inicio?produto=ACMA3PJSLNFEHV2&amp;grupo=ACMVR&amp;cliente_AR=ACMVR&amp;origem=1&amp;cod_rev=32112\" target=\"_blank\">COMPRE AQUI<\/a><\/li>\n<\/ul>\n<p>[\/vc_column_text][vc_column_text]<\/p>\n<h3>A3<\/h3>\n<ul>\n<li>3\u00a0Anos<\/li>\n<li>S\u00f3 certificado<\/li>\n<li>R$ 585,00<\/li>\n<li><a href=\"https:\/\/gestaoar.certisign.com.br\/GestaoAR\/cliente\/produto\/inicio?produto=ACMA3PJSCNFEHV2&amp;grupo=ACMVR&amp;cliente_AR=ACMVR&amp;origem=1&amp;cod_rev=32112\" target=\"_blank\">COMPRE AQUI<\/a><\/li>\n<\/ul>\n<p>[\/vc_column_text][\/vc_column][vc_column width=&#8221;1\/4&#8243;][vc_column_text]<\/p>\n<h3>A3<\/h3>\n<ul>\n<li>3\u00a0Anos<\/li>\n<li>Com smart card<\/li>\n<li>R$ 635,00<\/li>\n<li><a href=\"https:\/\/gestaoar.certisign.com.br\/GestaoAR\/cliente\/produto\/inicio?produto=ACMA3PJSMNFEHV2&amp;grupo=ACMVR&amp;cliente_AR=ACMVR&amp;origem=1&amp;cod_rev=32112\" target=\"_blank\">COMPRE AQUI<\/a><\/li>\n<\/ul>\n<p>[\/vc_column_text][vc_column_text css=&#8221;.vc_custom_1486580412968{padding-top: 10px !important;padding-right: 10px !important;padding-bottom: 10px !important;padding-left: 10px !important;background-color: #f9f9f9 !important;}&#8221;]<\/p>\n<h3>A3<\/h3>\n<ul>\n<li>3 Anos<\/li>\n<li>Com token<\/li>\n<li>R$ 785,00<\/li>\n<li><a href=\"https:\/\/gestaoar.certisign.com.br\/GestaoAR\/cliente\/produto\/inicio?produto=ACMA3PJTONFEHV2&amp;grupo=ACMVR&amp;cliente_AR=ACMVR&amp;origem=1&amp;cod_rev=32112\" target=\"_blank\">COMPRE AQUI<\/a><\/li>\n<\/ul>\n<p>[\/vc_column_text][\/vc_column][vc_column width=&#8221;1\/4&#8243;][vc_column_text css=&#8221;.vc_custom_1469470125085{padding-top: 10px !important;padding-right: 10px !important;padding-bottom: 10px !important;padding-left: 10px !important;background-color: #f9f9f9 !important;}&#8221;]<\/p>\n<h3>A3<\/h3>\n<ul>\n<li><a href=\"https:\/\/gestaoar.certisign.com.br\/GestaoAR\/cliente\/produto\/inicio?produto=ACMA3PJNFEHSMHV2&amp;grupo=ACMVR&amp;cliente_AR=ACMVR&amp;origem=1&amp;cod_rev=21880\" target=\"_blank\">3\u00a0Anos<\/a><\/li>\n<li><a href=\"https:\/\/gestaoar.certisign.com.br\/GestaoAR\/cliente\/produto\/inicio?produto=ACMA3PJNFEHSMHV2&amp;grupo=ACMVR&amp;cliente_AR=ACMVR&amp;origem=1&amp;cod_rev=21880\" target=\"_blank\">p\/HSM (n\u00e3o gera CSR)<\/a><\/li>\n<li><a href=\"https:\/\/gestaoar.certisign.com.br\/GestaoAR\/cliente\/produto\/inicio?produto=ACMA3PJNFEHSMHV2&amp;grupo=ACMVR&amp;cliente_AR=ACMVR&amp;origem=1&amp;cod_rev=21880\" target=\"_blank\">R$ 1.210,00<\/a><\/li>\n<li><a href=\"https:\/\/gestaoar.certisign.com.br\/GestaoAR\/cliente\/produto\/inicio?produto=ACMA3PJNFEHSMHV2&amp;grupo=ACMVR&amp;cliente_AR=ACMVR&amp;origem=1&amp;cod_rev=21880\" target=\"_blank\">COMPRE AQUI<\/a><\/li>\n<\/ul>\n<p>[\/vc_column_text][\/vc_column][\/vc_row]<\/p>\n","protected":false},"excerpt":{"rendered":"<p>[vc_row][vc_column width=&#8221;1\/2&#8243;][vc_custom_heading text=&#8221;Criado especialmente para emitir notas fiscais eletr\u00f4nicas (garantindo sua conformidade na Lei) e atribuir ao funcion\u00e1rio respons\u00e1vel de sua organiza\u00e7\u00e3o a al\u00e7ada necess\u00e1ria e restrita para emiss\u00e3o e gerenciamento de NF-e.&#8221; font_container=&#8221;tag:h3|text_align:left&#8221; google_fonts=&#8221;font_family:Montserrat%3Aregular%2C700|font_style:400%20regular%3A400%3Anormal&#8221;][vc_column_text]Com este documento digital \u00e9 poss\u00edvel realizar consultas e atualizar os cadastros de contribuinte pessoa jur\u00eddica, obter certid\u00f5es da Receita Federal,<br \/><a href=\"http:\/\/fecomercio-pe.com.br\/site\/servicos\/certificacao-digital\/nf-e\/\" class=\"more\">Read more<\/a><\/p>\n","protected":false},"author":1,"featured_media":0,"parent":38,"menu_order":0,"comment_status":"open","ping_status":"open","template":"","meta":{"footnotes":""},"_links":{"self":[{"href":"http:\/\/fecomercio-pe.com.br\/site\/wp-json\/wp\/v2\/pages\/45"}],"collection":[{"href":"http:\/\/fecomercio-pe.com.br\/site\/wp-json\/wp\/v2\/pages"}],"about":[{"href":"http:\/\/fecomercio-pe.com.br\/site\/wp-json\/wp\/v2\/types\/page"}],"author":[{"embeddable":true,"href":"http:\/\/fecomercio-pe.com.br\/site\/wp-json\/wp\/v2\/users\/1"}],"replies":[{"embeddable":true,"href":"http:\/\/fecomercio-pe.com.br\/site\/wp-json\/wp\/v2\/comments?post=45"}],"version-history":[{"count":15,"href":"http:\/\/fecomercio-pe.com.br\/site\/wp-json\/wp\/v2\/pages\/45\/revisions"}],"predecessor-version":[{"id":3537,"href":"http:\/\/fecomercio-pe.com.br\/site\/wp-json\/wp\/v2\/pages\/45\/revisions\/3537"}],"up":[{"embeddable":true,"href":"http:\/\/fecomercio-pe.com.br\/site\/wp-json\/wp\/v2\/pages\/38"}],"wp:attachment":[{"href":"http:\/\/fecomercio-pe.com.br\/site\/wp-json\/wp\/v2\/media?parent=45"}],"curies":[{"name":"wp","href":"https:\/\/api.w.org\/{rel}","templated":true}]}}