{"id":43,"date":"2015-08-20T01:00:51","date_gmt":"2015-08-20T01:00:51","guid":{"rendered":"http:\/\/fecomercio-pe.com.br\/site\/?page_id=43"},"modified":"2017-05-24T11:19:15","modified_gmt":"2017-05-24T11:19:15","slug":"e-cnpj","status":"publish","type":"page","link":"http:\/\/fecomercio-pe.com.br\/site\/servicos\/certificacao-digital\/e-cnpj\/","title":{"rendered":"e-CNPJ"},"content":{"rendered":"<p>[vc_row][vc_column width=&#8221;1\/2&#8243;][vc_custom_heading text=&#8221;e-CNPJ \u00e9 a vers\u00e3o eletr\u00f4nica do CNPJ, que garante a autenticidade e a integridade nas transa\u00e7\u00f5es eletr\u00f4nicas de pessoas jur\u00eddicas.&#8221; font_container=&#8221;tag:h3|text_align:left&#8221; google_fonts=&#8221;font_family:Montserrat%3Aregular%2C700|font_style:400%20regular%3A400%3Anormal&#8221;][vc_column_text]Com este documento digital \u00e9 poss\u00edvel realizar consultas e atualizar os cadastros de contribuinte pessoa jur\u00eddica, obter certid\u00f5es da Receita Federal, cadastrar procura\u00e7\u00f5es e acompanhar processos tribut\u00e1rios atrav\u00e9s da Internet sem a necessidade de ir munido de diversos documentos at\u00e9 um posto de atendimento.<\/p>\n<h2>Informa\u00e7\u00f5es do Produto<\/h2>\n<p>O e-CNPJ \u00e9 um documento eletr\u00f4nico em forma de certificado digital, que garante a autenticidade e a integridade na comunica\u00e7\u00e3o entre pessoas jur\u00eddicas e a Receita Federal do Brasil (RFB), funcionando exatamente como uma vers\u00e3o digital do CNPJ.<\/p>\n<p>[\/vc_column_text][\/vc_column][vc_column width=&#8221;1\/2&#8243;][vc_column_text]<\/p>\n<h3>e-CNPJ tipo A3<a href=\"http:\/\/fecomercio-pe.com.br\/site\/wp-content\/uploads\/2015\/08\/cert_e-cnpj.jpg\"><img loading=\"lazy\" decoding=\"async\" class=\"alignright size-medium wp-image-1076\" src=\"http:\/\/fecomercio-pe.com.br\/site\/wp-content\/uploads\/2015\/08\/cert_e-cnpj-300x225.jpg\" alt=\"cert_e-cnpj\" width=\"300\" height=\"225\" srcset=\"http:\/\/fecomercio-pe.com.br\/site\/wp-content\/uploads\/2015\/08\/cert_e-cnpj-300x225.jpg 300w, http:\/\/fecomercio-pe.com.br\/site\/wp-content\/uploads\/2015\/08\/cert_e-cnpj-24x18.jpg 24w, http:\/\/fecomercio-pe.com.br\/site\/wp-content\/uploads\/2015\/08\/cert_e-cnpj-36x27.jpg 36w, http:\/\/fecomercio-pe.com.br\/site\/wp-content\/uploads\/2015\/08\/cert_e-cnpj-48x36.jpg 48w, http:\/\/fecomercio-pe.com.br\/site\/wp-content\/uploads\/2015\/08\/cert_e-cnpj.jpg 380w\" sizes=\"(max-width: 300px) 100vw, 300px\" \/><\/a><\/h3>\n<p>O e-CNPJ Tipo A3 oferece maior seguran\u00e7a porque seus dados s\u00e3o gerados, armazenados e processados em um cart\u00e3o inteligente ou token, permanencendo inviol\u00e1veis e \u00fanicos. Apenas o detentor da senha de acesso do cart\u00e3o ou do token pode utiliz\u00e1-lo. Este certificado digital possui validade de at\u00e9 3 anos.<\/p>\n<h3>e-CNPJ tipo A1<\/h3>\n<p>O e-CNPJ tipo A1 \u00e9 gerado e armazenado em seu computador pessoal, dispensando o uso de cart\u00f5es inteligentes ou tokens. Para maior seguran\u00e7a, no momento da emiss\u00e3o do certificado, deve-se optar por proteg\u00ea-lo com uma senha de acesso. Adicionalmente, recomenda-se que um \u00fanico computador armazene seu e-CPF e que seja criada apenas uma c\u00f3pia de seguran\u00e7a. Este certificado digital possui validade de 1 ano.[\/vc_column_text][\/vc_column][\/vc_row][vc_row][vc_column width=&#8221;1\/4&#8243;][vc_column_text css=&#8221;.vc_custom_1486580003386{padding-top: 10px !important;padding-right: 10px !important;padding-bottom: 10px !important;padding-left: 10px !important;background-color: #f9f9f9 !important;}&#8221;]<\/p>\n<h3>A1<\/h3>\n<ul>\n<li>1 ANO<\/li>\n<li>R$ 255,00<\/li>\n<li><a href=\"https:\/\/gestaoar.certisign.com.br\/GestaoAR\/cliente\/produto\/inicio?produto=SRFA1PJHV2&amp;grupo=PUBLI&amp;cliente_AR=CRSNT&amp;origem=1&amp;cod_rev=32112\" target=\"_blank\">COMPRE AQUI<\/a><\/li>\n<\/ul>\n<p>[\/vc_column_text][vc_column_text]<\/p>\n<h3>A3<\/h3>\n<ul>\n<li>3\u00a0Anos<\/li>\n<li>S\u00f3 certificado<\/li>\n<li>R$ 380,00<\/li>\n<li><a href=\"https:\/\/gestaoar.certisign.com.br\/GestaoAR\/cliente\/produto\/inicio?produto=SRFA3PJSCHV2&amp;grupo=PUBLI&amp;cliente_AR=CRSNT&amp;origem=1&amp;cod_rev=32112\" target=\"_blank\">COMPRE AQUI<\/a><\/li>\n<\/ul>\n<p>[\/vc_column_text][\/vc_column][vc_column width=&#8221;1\/4&#8243;][vc_column_text]<\/p>\n<h3>A3<\/h3>\n<ul>\n<li>1 Ano<\/li>\n<li>S\u00f3 certificado<\/li>\n<li>R$ 255,00<\/li>\n<li><a href=\"https:\/\/gestaoar.certisign.com.br\/GestaoAR\/cliente\/produto\/inicio?produto=SRFA3PJSC1AHV5&amp;grupo=PUBLI&amp;cliente_AR=CRSNT&amp;origem=1&amp;cod_rev=32112\" target=\"_blank\">COMPRE AQUI<\/a><\/li>\n<\/ul>\n<p>[\/vc_column_text][vc_column_text css=&#8221;.vc_custom_1486580246857{padding-top: 10px !important;padding-right: 10px !important;padding-bottom: 10px !important;padding-left: 10px !important;background-color: #f9f9f9 !important;}&#8221;]<\/p>\n<h3>A3<\/h3>\n<ul>\n<li>3\u00a0Anos<\/li>\n<li>Com smart card<\/li>\n<li>R$ 430,00<\/li>\n<li><a href=\"https:\/\/gestaoar.certisign.com.br\/GestaoAR\/cliente\/produto\/inicio?produto=SRFA3PJSMHV2&amp;grupo=PUBLI&amp;cliente_AR=CRSNT&amp;origem=1&amp;cod_rev=32112\">COMPRE AQUI<\/a><\/li>\n<\/ul>\n<p>[\/vc_column_text][\/vc_column][vc_column width=&#8221;1\/4&#8243;][vc_column_text css=&#8221;.vc_custom_1486580060345{padding-top: 10px !important;padding-right: 10px !important;padding-bottom: 10px !important;padding-left: 10px !important;background-color: #f9f9f9 !important;}&#8221;]<\/p>\n<h3>A3<\/h3>\n<ul>\n<li>1 Ano<\/li>\n<li>Com smart card<\/li>\n<li>R$ 305,00<\/li>\n<li><a href=\"https:\/\/gestaoar.certisign.com.br\/GestaoAR\/cliente\/produto\/inicio?produto=SRFA3PJSM1AHV5&amp;grupo=PUBLI&amp;cliente_AR=CRSNT&amp;origem=1&amp;cod_rev=32112\" target=\"_blank\">COMPRE AQUI<\/a><\/li>\n<\/ul>\n<p>[\/vc_column_text][vc_column_text]<\/p>\n<h3>A3<\/h3>\n<ul>\n<li>3\u00a0Anos<\/li>\n<li>Com smart card + Leitora<\/li>\n<li>R$ 580,00<\/li>\n<li><a href=\"https:\/\/gestaoar.certisign.com.br\/GestaoAR\/cliente\/produto\/inicio?produto=SRFA3PJSLHV2&amp;grupo=PUBLI&amp;cliente_AR=CRSNT&amp;origem=1&amp;cod_rev=32112\" target=\"_blank\">COMPRE AQUI<\/a><\/li>\n<\/ul>\n<p>[\/vc_column_text][\/vc_column][vc_column width=&#8221;1\/4&#8243;][vc_column_text]<\/p>\n<h3>A3<\/h3>\n<ul>\n<li>3\u00a0Anos<\/li>\n<li>Com token<\/li>\n<li>R$ 580,00<\/li>\n<li><a href=\"https:\/\/gestaoar.certisign.com.br\/GestaoAR\/cliente\/produto\/inicio?produto=SRFA3PJTOHV2&amp;grupo=PUBLI&amp;cliente_AR=CRSNT&amp;origem=1&amp;cod_rev=32112\" target=\"_blank\">COMPRE AQUI<\/a><\/li>\n<\/ul>\n<p>[\/vc_column_text][vc_column_text css=&#8221;.vc_custom_1486580102785{padding-top: 10px !important;padding-right: 10px !important;padding-bottom: 10px !important;padding-left: 10px !important;background-color: #f9f9f9 !important;}&#8221;]<\/p>\n<h3>A3<\/h3>\n<ul>\n<li>1\u00a0Ano<\/li>\n<li>Com smart card + Leitora<\/li>\n<li>R$ 455,00<\/li>\n<li><a href=\"https:\/\/gestaoar.certisign.com.br\/GestaoAR\/cliente\/produto\/inicio?produto=SRFA3PJSL1AHV5&amp;grupo=PUBLI&amp;cliente_AR=CRSNT&amp;origem=1&amp;cod_rev=32112\" target=\"_blank\">COMPRE AQUI<\/a><\/li>\n<\/ul>\n<p>[\/vc_column_text][\/vc_column][\/vc_row]<\/p>\n","protected":false},"excerpt":{"rendered":"<p>[vc_row][vc_column width=&#8221;1\/2&#8243;][vc_custom_heading text=&#8221;e-CNPJ \u00e9 a vers\u00e3o eletr\u00f4nica do CNPJ, que garante a autenticidade e a integridade nas transa\u00e7\u00f5es eletr\u00f4nicas de pessoas jur\u00eddicas.&#8221; font_container=&#8221;tag:h3|text_align:left&#8221; google_fonts=&#8221;font_family:Montserrat%3Aregular%2C700|font_style:400%20regular%3A400%3Anormal&#8221;][vc_column_text]Com este documento digital \u00e9 poss\u00edvel realizar consultas e atualizar os cadastros de contribuinte pessoa jur\u00eddica, obter certid\u00f5es da Receita Federal, cadastrar procura\u00e7\u00f5es e acompanhar processos tribut\u00e1rios atrav\u00e9s da Internet sem a<br \/><a href=\"http:\/\/fecomercio-pe.com.br\/site\/servicos\/certificacao-digital\/e-cnpj\/\" class=\"more\">Read more<\/a><\/p>\n","protected":false},"author":1,"featured_media":0,"parent":38,"menu_order":0,"comment_status":"open","ping_status":"open","template":"","meta":{"footnotes":""},"_links":{"self":[{"href":"http:\/\/fecomercio-pe.com.br\/site\/wp-json\/wp\/v2\/pages\/43"}],"collection":[{"href":"http:\/\/fecomercio-pe.com.br\/site\/wp-json\/wp\/v2\/pages"}],"about":[{"href":"http:\/\/fecomercio-pe.com.br\/site\/wp-json\/wp\/v2\/types\/page"}],"author":[{"embeddable":true,"href":"http:\/\/fecomercio-pe.com.br\/site\/wp-json\/wp\/v2\/users\/1"}],"replies":[{"embeddable":true,"href":"http:\/\/fecomercio-pe.com.br\/site\/wp-json\/wp\/v2\/comments?post=43"}],"version-history":[{"count":13,"href":"http:\/\/fecomercio-pe.com.br\/site\/wp-json\/wp\/v2\/pages\/43\/revisions"}],"predecessor-version":[{"id":4007,"href":"http:\/\/fecomercio-pe.com.br\/site\/wp-json\/wp\/v2\/pages\/43\/revisions\/4007"}],"up":[{"embeddable":true,"href":"http:\/\/fecomercio-pe.com.br\/site\/wp-json\/wp\/v2\/pages\/38"}],"wp:attachment":[{"href":"http:\/\/fecomercio-pe.com.br\/site\/wp-json\/wp\/v2\/media?parent=43"}],"curies":[{"name":"wp","href":"https:\/\/api.w.org\/{rel}","templated":true}]}}