{"id":41,"date":"2015-08-20T01:00:40","date_gmt":"2015-08-20T01:00:40","guid":{"rendered":"http:\/\/fecomercio-pe.com.br\/site\/?page_id=41"},"modified":"2017-02-08T18:51:56","modified_gmt":"2017-02-08T18:51:56","slug":"e-cpf","status":"publish","type":"page","link":"http:\/\/fecomercio-pe.com.br\/site\/servicos\/certificacao-digital\/e-cpf\/","title":{"rendered":"e-CPF"},"content":{"rendered":"<p>[vc_row][vc_column width=&#8221;1\/2&#8243;][vc_custom_heading text=&#8221;O e-CPF \u00e9 a vers\u00e3o eletr\u00f4nica do CPF, que garante a autenticidade e a integridade nas transa\u00e7\u00f5es eletr\u00f4nicas de pessoas f\u00edsicas.&#8221; font_container=&#8221;tag:h3|text_align:left&#8221; google_fonts=&#8221;font_family:Montserrat%3Aregular%2C700|font_style:400%20regular%3A400%3Anormal&#8221;][vc_column_text]Com este documento digital \u00e9 poss\u00edvel realizar consultas e atualizar os cadastros de contribuinte pessoa jur\u00eddica, obter certid\u00f5es da Receita Federal, cadastrar procura\u00e7\u00f5es e acompanhar processos tribut\u00e1rios atrav\u00e9s da Internet sem a necessidade de ir munido de diversos documentos at\u00e9 um posto de atendimento.<\/p>\n<h2>Informa\u00e7\u00f5es do Produto<\/h2>\n<p>Tenha acesso a todos os servi\u00e7os oferecidos pelo Governo Federal na Internet utilizando o e-CPF Certisign, o documento utilizado pelo contribuinte para relacionamento com a Receita Federal do Brasil, agora, em formato eletr\u00f4nico.<\/p>\n<p>Com o e-CPF Certisign voc\u00ea pode enviar sua declara\u00e7\u00e3o do Imposto de Renda via Internet, consultar e atualizar seu cadastro como contribuinte pessoa f\u00edsica, recuperar informa\u00e7\u00f5es sobre seu hist\u00f3rico de declara\u00e7\u00f5es e verificar sua situa\u00e7\u00e3o na \u201cmalha fina\u201d. Al\u00e9m disso, voc\u00ea pode obter certid\u00f5es da Receita Federal, cadastrar procura\u00e7\u00f5es e acompanhar processos tribut\u00e1rios eletronicamente, com a conveni\u00eancia de n\u00e3o precisar deslocar-se at\u00e9 um posto de atendimento.<\/p>\n<h2>Tipos de e-CPF<\/h2>\n<p><img loading=\"lazy\" decoding=\"async\" class=\"aligncenter size-medium wp-image-1077\" src=\"http:\/\/fecomercio-pe.com.br\/site\/wp-content\/uploads\/2015\/08\/cert_e-cpf-300x225.jpg\" alt=\"cert_e-cpf\" width=\"300\" height=\"225\" srcset=\"http:\/\/fecomercio-pe.com.br\/site\/wp-content\/uploads\/2015\/08\/cert_e-cpf-300x225.jpg 300w, http:\/\/fecomercio-pe.com.br\/site\/wp-content\/uploads\/2015\/08\/cert_e-cpf-24x18.jpg 24w, http:\/\/fecomercio-pe.com.br\/site\/wp-content\/uploads\/2015\/08\/cert_e-cpf-36x27.jpg 36w, http:\/\/fecomercio-pe.com.br\/site\/wp-content\/uploads\/2015\/08\/cert_e-cpf-48x36.jpg 48w, http:\/\/fecomercio-pe.com.br\/site\/wp-content\/uploads\/2015\/08\/cert_e-cpf.jpg 380w\" sizes=\"(max-width: 300px) 100vw, 300px\" \/><\/p>\n<h3>e-CPF tipo A3<\/h3>\n<p>O e-CPF Tipo A3 oferece maior seguran\u00e7a porque seus dados s\u00e3o gerados, armazenados e processados em um cart\u00e3o inteligente ou token, permanencendo inviol\u00e1veis e \u00fanicos. Apenas o detentor da senha de acesso do cart\u00e3o ou do token pode utiliz\u00e1-lo. Este certificado digital possui validade de at\u00e9 3 anos.<\/p>\n<h3>e-CPF tipo A1<\/h3>\n<p>O e-CPF tipo A1 \u00e9 gerado e armazenado em seu computador pessoal, dispensando o uso de cart\u00f5es inteligentes ou tokens. Para maior seguran\u00e7a, no momento da emiss\u00e3o do certificado, deve-se optar por proteg\u00ea-lo com uma senha de acesso. Adicionalmente, recomenda-se que um \u00fanico computador armazene seu e-CPF e que seja criada apenas uma c\u00f3pia de seguran\u00e7a. Este certificado digital possui validade de 1 ano.[\/vc_column_text][\/vc_column][vc_column width=&#8221;1\/2&#8243;][vc_column_text]O certificado digital \u00e9 um documento eletr\u00f4nico que identifica as pessoas em meio digital, fazendo uso de criptografia, tecnologia que assegura o sigilo e a autenticidade de informa\u00e7\u00f5es.<\/p>\n<p>Al\u00e9m de identificar com seguran\u00e7a pessoas f\u00edsicas, o e-CPF garante confiabilidade, privacidade, integridade e inviolabilidade em mensagens e em diversos tipos de transa\u00e7\u00f5es realizadas via Internet. Al\u00e9m disso, o certificado digital tem validade jur\u00eddica para ser utilizado como assinatura de pr\u00f3prio punho, comprovando que seu propriet\u00e1rio concorda com o documento assinado. Abaixo segue alguns dos benef\u00edcios que o usu\u00e1rio do e-CPF poder\u00e1 usufruir:<\/p>\n<ul>\n<li>Acesso ao Centro Virtual de Atendimento ao Contribuinte \u2013 e-CAC;<\/li>\n<li>Consulta e acompanhamento da Situa\u00e7\u00e3o Fiscal das Pessoas F\u00edsicas e Jur\u00eddicas com o e-CPF do respons\u00e1vel legal perante a Receita Federal;<\/li>\n<li>Ratifica\u00e7\u00e3o dos DARFs recolhidos com dados errados e obten\u00e7\u00e3o de c\u00f3pias dos documentos recolhidos desde 1993;<\/li>\n<li>Obten\u00e7\u00e3o de c\u00f3pias de Declara\u00e7\u00f5es do Imposto de Renda de Pessoas Jur\u00eddicas (DIPJs e PJs), de Declara\u00e7\u00e3o de Cr\u00e9ditos e D\u00e9bitos de Tributos Federais &#8211; DCTFs e Declara\u00e7\u00e3o de Contribui\u00e7\u00f5es Sociais \u2013 DACONs;<\/li>\n<li>Obten\u00e7\u00e3o de c\u00f3pias de Declara\u00e7\u00f5es do Imposto de Renda de Pessoas F\u00edsicas e de Declara\u00e7\u00f5es do Imposto de Renda na Fonte \u2013 DIRFs;<\/li>\n<li>Elabora\u00e7\u00e3o de Procura\u00e7\u00f5es Eletr\u00f4nicas;<\/li>\n<li>Prioriza\u00e7\u00e3o na restitui\u00e7\u00e3o do Imposto de Renda Pessoa F\u00edsica para declara\u00e7\u00f5es entregues com certifica\u00e7\u00e3o digital;<\/li>\n<li>Parcelamento eletr\u00f4nico on-line de d\u00e9bitos Pessoas F\u00edsicas e Jur\u00eddicas;<\/li>\n<li>Agendamento eletr\u00f4nico das Pessoas F\u00edsicas e Jur\u00eddicas, para atendimento no balc\u00e3o do CAC para resolver pend\u00eancias;<\/li>\n<li>Implanta\u00e7\u00e3o do Sistema P\u00fablico de Escritura\u00e7\u00e3o Digital \u2013 SPED;<\/li>\n<li>Apresenta\u00e7\u00e3o de assinatura e firma reconhecida em cart\u00f3rio do Documento B\u00e1sico de Entrada no CNPJ junto a Receita Federal (DBE) \u00e0queles que utilizam a certifica\u00e7\u00e3o digital;<\/li>\n<li>Desburocratiza\u00e7\u00e3o do credenciamento de representante legal das empresas que operam no SIXCOMEX;<\/li>\n<li>Envio eletr\u00f4nico de documentos referentes a processos que tramitam nas Varas do Trabalho dos 24 TRTs e no TST, atrav\u00e9s da Internet, sem a necessidade da apresenta\u00e7\u00e3o posterior dos documentos originais;<\/li>\n<li>Seguran\u00e7a aos correntistas dos bancos ao acessarem suas contas por meio da Internet;<\/li>\n<li>Agilidade na libera\u00e7\u00e3o de contratos de c\u00e2mbio nas Institui\u00e7\u00f5es Financeiras;<\/li>\n<li>Acesso a Compras P\u00fablicas por meio dos Preg\u00f5es Eletr\u00f4nicos;<\/li>\n<li>Transa\u00e7\u00f5es eletr\u00f4nicas seguras melhorando a gest\u00e3o das empresas, desmaterializando processos burocr\u00e1ticos e agilizando procedimentos;<\/li>\n<li>Sa\u00fade Complementar Eletr\u00f4nica;<\/li>\n<li>Autoriza\u00e7\u00e3o de funcionamento para empresas de Seguran\u00e7a, atrav\u00e9s do Sistema de Gest\u00e3o Eletr\u00f4nica de Seguran\u00e7a Privada \u2013 GESP da Pol\u00edcia Federal;<\/li>\n<li>Servi\u00e7os Cartoriais Eletr\u00f4nicos;<\/li>\n<li>Conectividade Social para FGTS \u2013 Permite a simplifica\u00e7\u00e3o do processo de recolhimento do FGTS, a redu\u00e7\u00e3o dos custos operacionais; o aumento da seguran\u00e7a e do sigilo das transa\u00e7\u00f5es com o FGTS e facilita o cumprimento das obriga\u00e7\u00f5es da empresa relativas ao FGTS e \u00e0 Previd\u00eancia Social.<\/li>\n<\/ul>\n<p>[\/vc_column_text][\/vc_column][\/vc_row][vc_row][vc_column width=&#8221;1\/3&#8243;][vc_column_text css=&#8221;.vc_custom_1486579629499{padding-top: 10px !important;padding-right: 10px !important;padding-bottom: 10px !important;padding-left: 10px !important;background-color: #f9f9f9 !important;}&#8221;]<\/p>\n<h3>A1<\/h3>\n<ul>\n<li>1 Ano<\/li>\n<li>R$ 175,00<\/li>\n<li><a href=\"https:\/\/gestaoar.certisign.com.br\/GestaoAR\/cliente\/produto\/inicio?produto=SRFA1PFHV2&amp;grupo=PUBLI&amp;cliente_AR=CRSNT&amp;origem=1&amp;cod_rev=32112\">COMPRE AQUI<\/a><\/li>\n<\/ul>\n<p>[\/vc_column_text][vc_column_text]<\/p>\n<h3>A3<\/h3>\n<ul>\n<li>1 Ano<\/li>\n<li>S\u00f3 certificado<\/li>\n<li>R$ 175,00<\/li>\n<li><a href=\"https:\/\/gestaoar.certisign.com.br\/GestaoAR\/cliente\/produto\/inicio?produto=SRFA3PFSC1AHV5&amp;grupo=PUBLI&amp;cliente_AR=CRSNT&amp;origem=1&amp;cod_rev=32112\" target=\"_blank\">COMPRE AQUI<\/a><\/li>\n<\/ul>\n<p>[\/vc_column_text][vc_column_text css=&#8221;.vc_custom_1486579723980{padding-top: 10px !important;padding-right: 10px !important;padding-bottom: 10px !important;padding-left: 10px !important;background-color: #f9f9f9 !important;}&#8221;]<\/p>\n<h3>A3<\/h3>\n<ul>\n<li>1 Ano<\/li>\n<li>Com \u00a0smart card<\/li>\n<li>R$ 225,00<\/li>\n<li><a href=\"https:\/\/gestaoar.certisign.com.br\/GestaoAR\/cliente\/produto\/inicio?produto=SRFA3PFSM1AHV5&amp;grupo=PUBLI&amp;cliente_AR=CRSNT&amp;origem=1&amp;cod_rev=32112\" target=\"_blank\">COMPRE AQUI<\/a><\/li>\n<\/ul>\n<p>[\/vc_column_text][\/vc_column][vc_column width=&#8221;1\/3&#8243;][vc_column_text]<\/p>\n<h3>A3<\/h3>\n<ul>\n<li>1 Ano<\/li>\n<li>Com smart card + leitora<\/li>\n<li>R$ 375,00<\/li>\n<li><a href=\"https:\/\/gestaoar.certisign.com.br\/GestaoAR\/cliente\/produto\/inicio?produto=SRFA3PFSL1AHV5&amp;grupo=PUBLI&amp;cliente_AR=CRSNT&amp;origem=1&amp;cod_rev=32112\" target=\"_blank\">COMPRE AQUI<\/a><\/li>\n<\/ul>\n<p>[\/vc_column_text][vc_column_text css=&#8221;.vc_custom_1486579879979{padding-top: 10px !important;padding-right: 10px !important;padding-bottom: 10px !important;padding-left: 10px !important;background-color: #f9f9f9 !important;}&#8221;]<\/p>\n<h3>A3<\/h3>\n<ul>\n<li>3\u00a0Anos<\/li>\n<li>Com token<\/li>\n<li>R$ 466,00<\/li>\n<li><a href=\"https:\/\/gestaoar.certisign.com.br\/GestaoAR\/cliente\/produto\/inicio?produto=SRFA3PFTOHV2&amp;grupo=PUBLI&amp;cliente_AR=CRSNT&amp;origem=1&amp;cod_rev=32112\" target=\"_blank\">COMPRE AQUI<\/a><\/li>\n<\/ul>\n<p>[\/vc_column_text][vc_column_text]<\/p>\n<h3>A3<\/h3>\n<ul>\n<li>3\u00a0Anos<\/li>\n<li>S\u00f3 certificado<\/li>\n<li>R$ 266,00<\/li>\n<li><a href=\"https:\/\/gestaoar.certisign.com.br\/GestaoAR\/cliente\/produto\/inicio?produto=SRFA3PFSCHV2&amp;grupo=PUBLI&amp;cliente_AR=CRSNT&amp;origem=1&amp;cod_rev=32112\" target=\"_blank\">COMPRE AQUI<\/a><\/li>\n<\/ul>\n<p>[\/vc_column_text][\/vc_column][vc_column width=&#8221;1\/3&#8243;][vc_column_text css=&#8221;.vc_custom_1486579823844{padding-top: 10px !important;padding-right: 10px !important;padding-bottom: 10px !important;padding-left: 10px !important;background-color: #f9f9f9 !important;}&#8221;]<\/p>\n<h3>A3<\/h3>\n<ul>\n<li>3\u00a0Anos<\/li>\n<li>Com\u00a0smart card<\/li>\n<li>R$ 316,00<\/li>\n<li><a href=\"https:\/\/gestaoar.certisign.com.br\/GestaoAR\/cliente\/produto\/inicio?produto=SRFA3PFSMHV2&amp;grupo=PUBLI&amp;cliente_AR=CRSNT&amp;origem=1&amp;cod_rev=32112\" target=\"_blank\">COMPRE AQUI<\/a><\/li>\n<\/ul>\n<p>[\/vc_column_text][vc_column_text]<\/p>\n<h3>A3<\/h3>\n<ul>\n<li>3\u00a0Anos<\/li>\n<li>Com \u00a0smart card + leitora<\/li>\n<li>R$ 466,00<\/li>\n<li><a href=\"https:\/\/gestaoar.certisign.com.br\/GestaoAR\/cliente\/produto\/inicio?produto=SRFA3PFSLHV2&amp;grupo=PUBLI&amp;cliente_AR=CRSNT&amp;origem=1&amp;cod_rev=32112\" target=\"_blank\">COMPRE AQUI<\/a><\/li>\n<\/ul>\n<p>[\/vc_column_text][\/vc_column][\/vc_row]<\/p>\n","protected":false},"excerpt":{"rendered":"<p>[vc_row][vc_column width=&#8221;1\/2&#8243;][vc_custom_heading text=&#8221;O e-CPF \u00e9 a vers\u00e3o eletr\u00f4nica do CPF, que garante a autenticidade e a integridade nas transa\u00e7\u00f5es eletr\u00f4nicas de pessoas f\u00edsicas.&#8221; font_container=&#8221;tag:h3|text_align:left&#8221; google_fonts=&#8221;font_family:Montserrat%3Aregular%2C700|font_style:400%20regular%3A400%3Anormal&#8221;][vc_column_text]Com este documento digital \u00e9 poss\u00edvel realizar consultas e atualizar os cadastros de contribuinte pessoa jur\u00eddica, obter certid\u00f5es da Receita Federal, cadastrar procura\u00e7\u00f5es e acompanhar processos tribut\u00e1rios atrav\u00e9s da Internet sem<br \/><a href=\"http:\/\/fecomercio-pe.com.br\/site\/servicos\/certificacao-digital\/e-cpf\/\" class=\"more\">Read more<\/a><\/p>\n","protected":false},"author":1,"featured_media":0,"parent":38,"menu_order":0,"comment_status":"open","ping_status":"open","template":"","meta":{"footnotes":""},"_links":{"self":[{"href":"http:\/\/fecomercio-pe.com.br\/site\/wp-json\/wp\/v2\/pages\/41"}],"collection":[{"href":"http:\/\/fecomercio-pe.com.br\/site\/wp-json\/wp\/v2\/pages"}],"about":[{"href":"http:\/\/fecomercio-pe.com.br\/site\/wp-json\/wp\/v2\/types\/page"}],"author":[{"embeddable":true,"href":"http:\/\/fecomercio-pe.com.br\/site\/wp-json\/wp\/v2\/users\/1"}],"replies":[{"embeddable":true,"href":"http:\/\/fecomercio-pe.com.br\/site\/wp-json\/wp\/v2\/comments?post=41"}],"version-history":[{"count":10,"href":"http:\/\/fecomercio-pe.com.br\/site\/wp-json\/wp\/v2\/pages\/41\/revisions"}],"predecessor-version":[{"id":3533,"href":"http:\/\/fecomercio-pe.com.br\/site\/wp-json\/wp\/v2\/pages\/41\/revisions\/3533"}],"up":[{"embeddable":true,"href":"http:\/\/fecomercio-pe.com.br\/site\/wp-json\/wp\/v2\/pages\/38"}],"wp:attachment":[{"href":"http:\/\/fecomercio-pe.com.br\/site\/wp-json\/wp\/v2\/media?parent=41"}],"curies":[{"name":"wp","href":"https:\/\/api.w.org\/{rel}","templated":true}]}}