{"id":398,"date":"2015-08-31T00:49:57","date_gmt":"2015-08-31T00:49:57","guid":{"rendered":"http:\/\/fecomercio-pe.com.br\/site\/?page_id=398"},"modified":"2016-10-25T14:49:50","modified_gmt":"2016-10-25T14:49:50","slug":"a-fecomercio-pe","status":"publish","type":"page","link":"http:\/\/fecomercio-pe.com.br\/site\/a-fecomercio-pe\/","title":{"rendered":"A Fecom\u00e9rcio-PE"},"content":{"rendered":"<p>[vc_row type=&#8221;&#8221; parallax_background=&#8221;&#8221; parallax_type=&#8221;&#8221; video_background=&#8221;&#8221; video_link=&#8221;&#8221; overlay=&#8221;&#8221; overlay_color=&#8221;#ffffff&#8221; i_select=&#8221;&#8221; icon=&#8221;&#8221; i_bg_color=&#8221;#ffffff&#8221; i_color=&#8221;#21c2f8&#8243; a_select=&#8221;&#8221; a_bg_color=&#8221;#ffffff&#8221; full_width=&#8221;&#8221;][vc_column width=&#8221;1\/1&#8243; animation=&#8221;&#8221;][vc_custom_heading text=&#8221;Federa\u00e7\u00e3o do Com\u00e9rcio de Bens, Servi\u00e7os e Turismo do Estado de Pernambuco&#8221; font_container=&#8221;tag:h2|text_align:center&#8221; google_fonts=&#8221;font_family:Montserrat%3Aregular%2C700|font_style:400%20regular%3A400%3Anormal&#8221;][vc_column_text css_animation=&#8221;&#8221;]<\/p>\n<p style=\"text-align: justify;\"><span style=\"color: #000000;\">A Federa\u00e7\u00e3o do Com\u00e9rcio de Bens, Servi\u00e7os e Turismo do Estado de Pernambuco (Fecom\u00e9rcio-PE), criada em 12 de outubro de 1942, sob a denomina\u00e7\u00e3o de Federa\u00e7\u00e3o do Com\u00e9rcio Varejista do Estado de Pernambuco e entidade principal do Sistema Fecom\u00e9rcio\/Senac\/Sesc-PE, \u00e9 uma entidade sindical de grau superior com 20 sindicatos patronais filiados. Integra a Confedera\u00e7\u00e3o Nacional do Com\u00e9rcio de Bens, Servi\u00e7os e Turismo (CNC), que representa, em todo o pa\u00eds, os interesses de 5 milh\u00f5es de empreendedores do com\u00e9rcio e 60% do PIB nacional; disponibiliza 20 milh\u00f5es de empregos diretos e formais e administra todas as unidades do Senac e do Sesc espalhadas por todo o territ\u00f3rio nacional, formando um dos maiores sistemas de desenvolvimento social do mundo. O Sistema Fecom\u00e9rcio-PE \u00e9 respons\u00e1vel pela administra\u00e7\u00e3o regional do Servi\u00e7o Social do Com\u00e9rcio (Sesc) e do Servi\u00e7o Nacional de Aprendizagem Comercial (Senac), institui\u00e7\u00f5es privadas e sem fins lucrativos, sendo o Sesc voltado para atividades sociais e o Senac para a educa\u00e7\u00e3o profissional do trabalhador do com\u00e9rcio. Juntas, Fecom\u00e9rcio, Senac e Sesc formam um \u00fanico Sistema, que \u00e9 mantido pelos empres\u00e1rios do com\u00e9rcio de bens, servi\u00e7os e turismo de Pernambuco, sem \u00f4nus para os comerci\u00e1rios ou para o poder p\u00fablico.<\/span><\/p>\n<p>[\/vc_column_text][\/vc_column][\/vc_row][vc_row type=&#8221;&#8221; parallax_background=&#8221;&#8221; parallax_type=&#8221;&#8221; video_background=&#8221;&#8221; video_link=&#8221;&#8221; overlay=&#8221;&#8221; overlay_color=&#8221;#ffffff&#8221; i_select=&#8221;&#8221; icon=&#8221;&#8221; i_bg_color=&#8221;#ffffff&#8221; i_color=&#8221;#21c2f8&#8243; a_select=&#8221;&#8221; a_bg_color=&#8221;#ffffff&#8221; full_width=&#8221;&#8221;][vc_column width=&#8221;1\/4&#8243; animation=&#8221;&#8221;][vc_column_text]<\/p>\n<h3>O Que Fazemos<\/h3>\n<p>[\/vc_column_text][\/vc_column][vc_column width=&#8221;3\/4&#8243; animation=&#8221;&#8221;][vc_column_text]<\/p>\n<p style=\"text-align: justify;\"><span style=\"color: #000000;\">Como representante legal dos empres\u00e1rios do com\u00e9rcio de bens, servi\u00e7os e turismo do Estado de Pernambuco, a Fecom\u00e9rcio-PE tem como objetivo defender uma economia de mercado livre e promover o desenvolvimento e o fortalecimento da atividade comercial, principalmente das micros e pequenas empresas, que s\u00e3o a maioria do setor.<\/span><\/p>\n<p>[\/vc_column_text][\/vc_column][\/vc_row][vc_row type=&#8221;&#8221; parallax_background=&#8221;&#8221; parallax_type=&#8221;&#8221; video_background=&#8221;&#8221; video_link=&#8221;&#8221; overlay=&#8221;&#8221; overlay_color=&#8221;#ffffff&#8221; i_select=&#8221;&#8221; icon=&#8221;&#8221; i_bg_color=&#8221;#ffffff&#8221; i_color=&#8221;#21c2f8&#8243; a_select=&#8221;&#8221; a_bg_color=&#8221;#ffffff&#8221; full_width=&#8221;&#8221;][vc_column width=&#8221;1\/4&#8243; animation=&#8221;&#8221;][vc_column_text css_animation=&#8221;&#8221;]<\/p>\n<h3>Representa\u00e7\u00e3o<\/h3>\n<p>[\/vc_column_text][vc_column_text css_animation=&#8221;&#8221;]<br \/>\n[\/vc_column_text][\/vc_column][vc_column width=&#8221;3\/4&#8243; animation=&#8221;&#8221;][vc_column_text css_animation=&#8221;&#8221;]<\/p>\n<p style=\"text-align: justify;\"><span style=\"color: #000000;\">Ampliando os espa\u00e7os de sua representatividade, na defesa permanente dos interesses do com\u00e9rcio de bens, servi\u00e7os e turismo de Pernambuco, a Fecom\u00e9rcio-PE integra diversos \u00f3rg\u00e3os colegiados, tanto na esfera p\u00fablica quanto na privada, tanto nacionais quanto internacionais. Dentre estes, destacam-se o Conselho Estadual de Desenvolvimento Econ\u00f4mico e Social de Pernambuco, respons\u00e1vel pela defini\u00e7\u00e3o das pol\u00edticas de desenvolvimento estadual e o F\u00f3rum Estadual das Microempresas e Empresas de Pequeno Porte, incumbido de promover o desenvolvimento desse segmento, que responde por mais da metade dos empregos no Estado.<\/span><\/p>\n<p>[\/vc_column_text][\/vc_column][\/vc_row][vc_row type=&#8221;&#8221; parallax_background=&#8221;&#8221; parallax_type=&#8221;&#8221; video_background=&#8221;&#8221; video_link=&#8221;&#8221; overlay=&#8221;&#8221; overlay_color=&#8221;#ffffff&#8221; i_select=&#8221;&#8221; icon=&#8221;&#8221; i_bg_color=&#8221;#ffffff&#8221; i_color=&#8221;#21c2f8&#8243; a_select=&#8221;&#8221; a_bg_color=&#8221;#ffffff&#8221; full_width=&#8221;&#8221; el_id=&#8221;&#8221;][vc_column width=&#8221;1\/2&#8243; animation=&#8221;&#8221;][vc_custom_heading text=&#8221;MISS\u00c3O&#8221; font_container=&#8221;tag:h3|text_align:left&#8221; google_fonts=&#8221;font_family:Montserrat%3Aregular%2C700|font_style:400%20regular%3A400%3Anormal&#8221;][vc_column_text css_animation=&#8221;&#8221;]<\/p>\n<p><span style=\"color: #000000;\">Assegurar \u00e0s empresas do setor terci\u00e1rio as melhores condi\u00e7\u00f5es para gerar resultados positivos e desenvolver a sociedade.<\/span><\/p>\n<p>[\/vc_column_text][\/vc_column][vc_column width=&#8221;1\/2&#8243; animation=&#8221;&#8221;][vc_custom_heading text=&#8221;VIS\u00c3O&#8221; font_container=&#8221;tag:h3|text_align:left&#8221; google_fonts=&#8221;font_family:Montserrat%3Aregular%2C700|font_style:400%20regular%3A400%3Anormal&#8221;][vc_column_text css_animation=&#8221;&#8221;]<\/p>\n<p style=\"text-align: left;\"><span style=\"color: #000000;\">Ser reconhecida como uma organiza\u00e7\u00e3o sindical de excel\u00eancia para os empres\u00e1rios do com\u00e9rcio de bens, servi\u00e7os e turismo do Estado de Pernambuco, contribuindo para o desenvolvimento do setor.<\/span><\/p>\n<p>[\/vc_column_text][\/vc_column][\/vc_row]<\/p>\n","protected":false},"excerpt":{"rendered":"<p>[vc_row type=&#8221;&#8221; parallax_background=&#8221;&#8221; parallax_type=&#8221;&#8221; video_background=&#8221;&#8221; video_link=&#8221;&#8221; overlay=&#8221;&#8221; overlay_color=&#8221;#ffffff&#8221; i_select=&#8221;&#8221; icon=&#8221;&#8221; i_bg_color=&#8221;#ffffff&#8221; i_color=&#8221;#21c2f8&#8243; a_select=&#8221;&#8221; a_bg_color=&#8221;#ffffff&#8221; full_width=&#8221;&#8221;][vc_column width=&#8221;1\/1&#8243; animation=&#8221;&#8221;][vc_custom_heading text=&#8221;Federa\u00e7\u00e3o do Com\u00e9rcio de Bens, Servi\u00e7os e Turismo do Estado de Pernambuco&#8221; font_container=&#8221;tag:h2|text_align:center&#8221; google_fonts=&#8221;font_family:Montserrat%3Aregular%2C700|font_style:400%20regular%3A400%3Anormal&#8221;][vc_column_text css_animation=&#8221;&#8221;] A Federa\u00e7\u00e3o do Com\u00e9rcio de Bens, Servi\u00e7os e Turismo do Estado de Pernambuco (Fecom\u00e9rcio-PE), criada em 12 de outubro de 1942, sob a<br \/><a href=\"http:\/\/fecomercio-pe.com.br\/site\/a-fecomercio-pe\/\" class=\"more\">Read more<\/a><\/p>\n","protected":false},"author":1,"featured_media":0,"parent":0,"menu_order":10,"comment_status":"closed","ping_status":"closed","template":"","meta":{"footnotes":""},"_links":{"self":[{"href":"http:\/\/fecomercio-pe.com.br\/site\/wp-json\/wp\/v2\/pages\/398"}],"collection":[{"href":"http:\/\/fecomercio-pe.com.br\/site\/wp-json\/wp\/v2\/pages"}],"about":[{"href":"http:\/\/fecomercio-pe.com.br\/site\/wp-json\/wp\/v2\/types\/page"}],"author":[{"embeddable":true,"href":"http:\/\/fecomercio-pe.com.br\/site\/wp-json\/wp\/v2\/users\/1"}],"replies":[{"embeddable":true,"href":"http:\/\/fecomercio-pe.com.br\/site\/wp-json\/wp\/v2\/comments?post=398"}],"version-history":[{"count":3,"href":"http:\/\/fecomercio-pe.com.br\/site\/wp-json\/wp\/v2\/pages\/398\/revisions"}],"predecessor-version":[{"id":2543,"href":"http:\/\/fecomercio-pe.com.br\/site\/wp-json\/wp\/v2\/pages\/398\/revisions\/2543"}],"wp:attachment":[{"href":"http:\/\/fecomercio-pe.com.br\/site\/wp-json\/wp\/v2\/media?parent=398"}],"curies":[{"name":"wp","href":"https:\/\/api.w.org\/{rel}","templated":true}]}}