{"id":30,"date":"2015-08-20T00:47:22","date_gmt":"2015-08-20T00:47:22","guid":{"rendered":"http:\/\/fecomercio-pe.com.br\/site\/?page_id=30"},"modified":"2022-04-29T11:51:21","modified_gmt":"2022-04-29T14:51:21","slug":"assessoria-legislativa","status":"publish","type":"page","link":"http:\/\/fecomercio-pe.com.br\/site\/servicos\/assessoria-legislativa\/","title":{"rendered":"Assessoria Legislativa"},"content":{"rendered":"<p>[vc_row full_width=&#8221;&#8221;][vc_column][vc_column_text css_animation=&#8221;&#8221;]<\/p>\n<p style=\"font-weight: 400;\">A Assessoria Legislativa busca desempenhar seu papel como mediadora na rela\u00e7\u00e3o entre o Poder P\u00fablico e o Setor Terci\u00e1rio do Estado de Pernambuco e \u00e9 respons\u00e1vel pelo recebimento, triagem, acompanhamento e posicionamento das proposi\u00e7\u00f5es legislativas de interesse dos segmentos empresariais do com\u00e9rcio de bens, servi\u00e7os e turismo apresentados na C\u00e2mara Municipal do Recife, Assembleia Legislativa de Pernambuco (ALEPE) e Congresso Nacional (C\u00e2mara dos Deputados e Senado Federal).<\/p>\n<p style=\"font-weight: 400;\">Ap\u00f3s analisados e selecionados, as propostas legislativas s\u00e3o enviadas para conhecimento dos dirigentes dos sindicatos filiados e das entidades do Sistema Fecom\u00e9rcio-PE, a fim de que possam fornecer subs\u00eddios que permitam a Assessoria Legislativa adotar procedimentos e de gest\u00e3o perante ao autor do projeto e demais membros do Poder Legislativo, nas suas respectivas Comiss\u00f5es, por meio de argumentos jur\u00eddicos, econ\u00f4micos e de viabilidade t\u00e9cnica.<\/p>\n<p style=\"font-weight: 400;\">A Assessoria Legislativa atua integrada \u00e0 Rede Nacional de Assessorias Legislativas (Renalegis), coordenada pela Assessoria Parlamentar da Confedera\u00e7\u00e3o Nacional do Com\u00e9rcio de Bens, Servi\u00e7os e Turismo (Apel \u2013 CNC).<\/p>\n<p>[\/vc_column_text][\/vc_column][\/vc_row][vc_row full_width=&#8221;&#8221;][vc_column width=&#8221;1\/2&#8243;][vc_single_image image=&#8221;5871&#8243; img_size=&#8221;large&#8221;][\/vc_column][vc_column width=&#8221;1\/2&#8243;][vc_column_text]<\/p>\n<p style=\"font-weight: 400;\"><strong>Rede Estadual de Acompanhamento Legislativo Pernambuco (Realeg-PE)<\/strong><\/p>\n<p>[\/vc_column_text][vc_column_text css_animation=&#8221;&#8221;]<\/p>\n<p style=\"font-weight: 400;\">A Realeg-PE \u00e9 um f\u00f3rum permanente de trabalho colaborativo com foco na troca de informa\u00e7\u00f5es e posicionamentos legislativos, constitu\u00eddo por representantes das entidades sindicais, Sesc e Senac Pernambuco e associa\u00e7\u00f5es parceiras.<\/p>\n<p style=\"font-weight: 400;\">Sua principal fun\u00e7\u00e3o \u00e9 a de ampliar e fortalecer a base de interlocu\u00e7\u00e3o com os Poderes Legislativos, assegurando resultados positivos na defesa, afirma\u00e7\u00e3o e consolida\u00e7\u00e3o institucional nas esferas municipais, estadual e federal.<\/p>\n<p style=\"font-weight: 400;\">Seu funcionamento est\u00e1 alicer\u00e7ado na realiza\u00e7\u00e3o de encontros peri\u00f3dicos, nos quais sempre estar\u00e3o em pauta propostas legislativas que atingem, direta ou indiretamente, os segmentos empresariais representados pela Fecom\u00e9rcio-PE.<\/p>\n<p>[\/vc_column_text][\/vc_column][\/vc_row][vc_row][vc_column][vc_column_text]<\/p>\n<h1>Atua\u00e7\u00e3o<\/h1>\n<p>[\/vc_column_text][\/vc_column][\/vc_row][vc_row full_width=&#8221;&#8221;][vc_column width=&#8221;1\/3&#8243;][vc_single_image image=&#8221;1843&#8243;][vc_column_text css_animation=&#8221;&#8221;]<\/p>\n<h3><strong>Controle Legislativo Federal<\/strong><\/h3>\n<p>[\/vc_column_text][vc_column_text css_animation=&#8221;&#8221;]<span style=\"color: #000000;\">Em parceria com a CNC participa da Renalegis e atua junto aos seus representantes\u00a0 estaduais no Congresso Nacional.<\/span><\/p>\n<p>[\/vc_column_text][\/vc_column][vc_column width=&#8221;1\/3&#8243;][vc_single_image image=&#8221;1845&#8243;][vc_column_text css_animation=&#8221;&#8221;]<\/p>\n<h3><strong>Controle Legislativo Estadual<\/strong><\/h3>\n<p>[\/vc_column_text][vc_column_text css_animation=&#8221;&#8221;]<\/p>\n<p><span style=\"color: #000000;\">Representa os sindicatos filiados junto \u00e0 Assembleia Legislativa de Pernambuco.<\/span><\/p>\n<p>[\/vc_column_text][\/vc_column][vc_column width=&#8221;1\/3&#8243;][vc_single_image image=&#8221;1844&#8243;][vc_column_text css_animation=&#8221;&#8221;]<\/p>\n<h3><strong>Controle Legislativo <\/strong>Municipal<\/h3>\n<p>[\/vc_column_text][vc_column_text css_animation=&#8221;&#8221;]<\/p>\n<p><span style=\"color: #000000;\">Atua junto aos vereadores da cidade do Recife em prol do interesse das empresas representadas pelos sindicatos filiados.<\/span><\/p>\n<p>[\/vc_column_text][\/vc_column][\/vc_row][vc_row][vc_column width=&#8221;1\/3&#8243;][vc_column_text]<\/p>\n<h1>Publica\u00e7\u00f5es<\/h1>\n<p>[\/vc_column_text][\/vc_column][vc_column width=&#8221;1\/3&#8243;][\/vc_column][vc_column width=&#8221;1\/3&#8243;][\/vc_column][\/vc_row][vc_row full_width=&#8221;&#8221;][vc_column width=&#8221;1\/6&#8243;][vc_column_text]<\/p>\n<h3><strong>Relat\u00f3rio Anual 2021<\/strong><\/h3>\n<p>[\/vc_column_text][vc_single_image image=&#8221;8827&#8243; img_size=&#8221;medium&#8221;][vc_column_text]<strong><a href=\"http:\/\/fecomercio-pe.com.br\/site\/wp-content\/uploads\/2022\/04\/Relatorio-Anual-2021-Dig_compressed-1.pdf\" target=\"_blank\" rel=\"noopener\">PDF<\/a> | <a href=\"https:\/\/issuu.com\/fecomerciope\/docs\/relat_rio_anual_2021_dig\" target=\"_blank\" rel=\"noopener\">Online<\/a><\/strong>[\/vc_column_text][\/vc_column][vc_column width=&#8221;1\/6&#8243;][vc_column_text]<\/p>\n<h3><strong>Relat\u00f3rio Anual 2020<\/strong><\/h3>\n<p>[\/vc_column_text][vc_single_image image=&#8221;7846&#8243; img_size=&#8221;medium&#8221;][vc_column_text]<strong><a href=\"http:\/\/fecomercio-pe.com.br\/site\/wp-content\/uploads\/2020\/12\/Relat\u00f3rio-Anual-2020.pdf\" target=\"_blank\" rel=\"noopener\">PDF<\/a> | <a href=\"https:\/\/issuu.com\/fecomerciope\/docs\/relat_rio_anual_2020\" target=\"_blank\" rel=\"noopener\">Online<\/a><\/strong>[\/vc_column_text][\/vc_column][vc_column width=&#8221;1\/6&#8243;][vc_column_text]<\/p>\n<h3><strong>Relat\u00f3rio Anual 2019<\/strong><\/h3>\n<p>[\/vc_column_text][vc_single_image image=&#8221;6798&#8243; img_size=&#8221;medium&#8221;][vc_column_text]<strong><a href=\"http:\/\/fecomercio-pe.com.br\/site\/wp-content\/uploads\/2019\/12\/RA-2019-Assessoria-Legislativa_baixa.pdf\">PDF<\/a> | <a href=\"https:\/\/issuu.com\/fecomerciope\/docs\/ra_2019_-_assessoria_legislativa\">Online<\/a><\/strong>[\/vc_column_text][\/vc_column][vc_column width=&#8221;1\/6&#8243;][vc_column_text]<\/p>\n<h3><strong>Relat\u00f3rio Anual 2018<\/strong><\/h3>\n<p>[\/vc_column_text][vc_single_image image=&#8221;6540&#8243; img_size=&#8221;medium&#8221;][vc_column_text]<strong><a href=\"http:\/\/fecomercio-pe.com.br\/site\/wp-content\/uploads\/2019\/08\/Leg_Relatorio_Anual_2018.pdf\">PDF<\/a> | <a href=\"https:\/\/issuu.com\/fecomerciope\/docs\/leg_relatorio_anual_2018\">Online<\/a><\/strong>[\/vc_column_text][\/vc_column][vc_column width=&#8221;1\/6&#8243;][vc_column_text css_animation=&#8221;&#8221;]<\/p>\n<h3><strong>Relat\u00f3rio Anual 2017<\/strong><\/h3>\n<p>[\/vc_column_text][vc_single_image image=&#8221;4843&#8243; img_size=&#8221;medium&#8221;][vc_column_text css_animation=&#8221;&#8221;]<strong><a href=\"http:\/\/fecomercio-pe.com.br\/site\/wp-content\/uploads\/2018\/01\/Relat\u00f3rio-Anual-2017.pdf\">PDF<\/a> | <a href=\"https:\/\/issuu.com\/fecomerciope\/docs\/relat__rio_anual_2017\">Online<\/a><\/strong>[\/vc_column_text][\/vc_column][vc_column width=&#8221;1\/6&#8243;][vc_column_text css_animation=&#8221;&#8221;]<\/p>\n<h3><strong>Relat\u00f3rio Anual 2016<\/strong><\/h3>\n<p>[\/vc_column_text][vc_single_image image=&#8221;4842&#8243; img_size=&#8221;medium&#8221;][vc_column_text css_animation=&#8221;&#8221;]<strong><a href=\"http:\/\/fecomercio-pe.com.br\/site\/wp-content\/uploads\/2018\/01\/Relat\u00f3rio-Anual-2016.pdf\">PDF<\/a> | <a href=\"https:\/\/issuu.com\/fecomerciope\/docs\/relat__rio_anual_2016\">Online<\/a><\/strong>[\/vc_column_text][\/vc_column][\/vc_row][vc_row full_width=&#8221;&#8221;][vc_column width=&#8221;1\/3&#8243;][vc_column_text css_animation=&#8221;&#8221;]<\/p>\n<h3><strong>Raio X | Elei\u00e7\u00f5es 2020<\/strong><\/h3>\n<p>[\/vc_column_text][vc_single_image image=&#8221;7991&#8243; img_size=&#8221;medium&#8221;][vc_column_text css_animation=&#8221;&#8221;]<strong><a href=\"http:\/\/www.fecomercio-pe.com.br\/download\/raio-x-eleicoes-2020.pdf\" target=\"_blank\" rel=\"noopener\">PDF<\/a> | <a href=\"https:\/\/issuu.com\/fecomerciope\/docs\/raio_x_das_elei__es_2020\" target=\"_blank\" rel=\"noopener\">Online<\/a><\/strong>[\/vc_column_text][\/vc_column][vc_column width=&#8221;1\/3&#8243;][vc_column_text css_animation=&#8221;&#8221;]<\/p>\n<h3><strong>Raio X | Elei\u00e7\u00f5es 2018<\/strong><\/h3>\n<p>[\/vc_column_text][vc_single_image image=&#8221;5868&#8243; img_size=&#8221;medium&#8221;][vc_column_text css_animation=&#8221;&#8221;]<strong><a href=\"http:\/\/fecomercio-pe.com.br\/site\/wp-content\/uploads\/2018\/11\/Raio-X-Elei\u00e7\u00f5es-2018.pdf\" target=\"_blank\" rel=\"noopener\">PDF<\/a> | <a href=\"https:\/\/issuu.com\/fecomerciope\/docs\/raio_x_-_elei__es_2018\" target=\"_blank\" rel=\"noopener\">Online<\/a><\/strong>[\/vc_column_text][\/vc_column][\/vc_row][vc_row][vc_column][vc_column_text]<\/p>\n<h1>Links \u00fateis<\/h1>\n<div>a)\u00a0<a href=\"http:\/\/renalegis.cnc.org.br\" target=\"_blank\" rel=\"noopener\" data-saferedirecturl=\"https:\/\/www.google.com\/url?hl=pt-BR&amp;q=http:\/\/renalegis.cnc.org.br\/renalegis\/fecomerciope&amp;source=gmail&amp;ust=1480589886719000&amp;usg=AFQjCNHFEdMCMRFjyrYdpVIX8o6AJNy9TQ\">Sistema Renalegis<\/a><\/div>\n<div>b) <a href=\"https:\/\/legislacao.planalto.gov.br\/legisla\/legislacao.nsf\/fraWeb?OpenFrameSet&amp;Frame=frmWeb2&amp;Src=\/legisla\/legislacao.nsf%2FFrmConsultaWeb1%3FOpenForm%26AutoFramed\" target=\"_blank\" rel=\"noopener\" data-saferedirecturl=\"https:\/\/www.google.com\/url?hl=pt-BR&amp;q=https:\/\/legislacao.planalto.gov.br\/legisla\/legislacao.nsf\/fraWeb?OpenFrameSet%26Frame%3DfrmWeb2%26Src%3D\/legisla\/legislacao.nsf%252FFrmConsultaWeb1%253FOpenForm%2526AutoFramed&amp;source=gmail&amp;ust=1480589886720000&amp;usg=AFQjCNF-_8GfYkZ7fb5Qah-jmKA8na79hQ\">Legisla\u00e7\u00e3o Federal &#8211; Portal da Legisla\u00e7\u00e3o<\/a><\/div>\n<div>c) <a href=\"http:\/\/legis.alepe.pe.gov.br\/\" target=\"_blank\" rel=\"noopener\" data-saferedirecturl=\"https:\/\/www.google.com\/url?hl=pt-BR&amp;q=http:\/\/legis.alepe.pe.gov.br\/&amp;source=gmail&amp;ust=1480589886720000&amp;usg=AFQjCNEgrByI6vXHoz_tpaT7kY63MWi07w\">Legisla\u00e7\u00e3o Estadual &#8211; Alepe Legis<\/a><\/div>\n<div>d) <a href=\"https:\/\/leismunicipais.com.br\/legislacao-municipal\/2880\/leis-de-recife\" target=\"_blank\" rel=\"noopener\">Leis municipais &#8211; Recife<\/a><\/div>\n<div>e) <a href=\"http:\/\/senado.gov.br\/\" target=\"_blank\" rel=\"noopener\">Senado Federal<\/a><\/div>\n<div>f) <a href=\"http:\/\/www2.camara.leg.br\/\" target=\"_blank\" rel=\"noopener\">C\u00e2mara dos Deputados <\/a><\/div>\n<div>g) <a href=\"http:\/\/www.alepe.pe.gov.br\/\" target=\"_blank\" rel=\"noopener\">Assembleia Legislativa de Pernambuco<\/a><\/div>\n<div>h) <a href=\"http:\/\/www.recife.pe.leg.br\/\" target=\"_blank\" rel=\"noopener\">C\u00e2mara Municipal do Recife<\/a><\/div>\n<p>[\/vc_column_text][vc_column_text css_animation=&#8221;&#8221;]<strong><span style=\"color: #000000;\">Assessoria Legislativa da Fecom\u00e9rcio-PE<\/span><\/strong><\/p>\n<p><span style=\"color: #000000;\">Telefone: (81)\u00a03231-6175 \/ 3231-5670<\/span>[\/vc_column_text][\/vc_column][\/vc_row]<\/p>\n","protected":false},"excerpt":{"rendered":"<p>[vc_row full_width=&#8221;&#8221;][vc_column][vc_column_text css_animation=&#8221;&#8221;] A Assessoria Legislativa busca desempenhar seu papel como mediadora na rela\u00e7\u00e3o entre o Poder P\u00fablico e o Setor Terci\u00e1rio do Estado de Pernambuco e \u00e9 respons\u00e1vel pelo recebimento, triagem, acompanhamento e posicionamento das proposi\u00e7\u00f5es legislativas de interesse dos segmentos empresariais do com\u00e9rcio de bens, servi\u00e7os e turismo apresentados na C\u00e2mara Municipal do<br \/><a href=\"http:\/\/fecomercio-pe.com.br\/site\/servicos\/assessoria-legislativa\/\" class=\"more\">Read more<\/a><\/p>\n","protected":false},"author":1,"featured_media":0,"parent":28,"menu_order":0,"comment_status":"open","ping_status":"open","template":"","meta":{"footnotes":""},"_links":{"self":[{"href":"http:\/\/fecomercio-pe.com.br\/site\/wp-json\/wp\/v2\/pages\/30"}],"collection":[{"href":"http:\/\/fecomercio-pe.com.br\/site\/wp-json\/wp\/v2\/pages"}],"about":[{"href":"http:\/\/fecomercio-pe.com.br\/site\/wp-json\/wp\/v2\/types\/page"}],"author":[{"embeddable":true,"href":"http:\/\/fecomercio-pe.com.br\/site\/wp-json\/wp\/v2\/users\/1"}],"replies":[{"embeddable":true,"href":"http:\/\/fecomercio-pe.com.br\/site\/wp-json\/wp\/v2\/comments?post=30"}],"version-history":[{"count":54,"href":"http:\/\/fecomercio-pe.com.br\/site\/wp-json\/wp\/v2\/pages\/30\/revisions"}],"predecessor-version":[{"id":8833,"href":"http:\/\/fecomercio-pe.com.br\/site\/wp-json\/wp\/v2\/pages\/30\/revisions\/8833"}],"up":[{"embeddable":true,"href":"http:\/\/fecomercio-pe.com.br\/site\/wp-json\/wp\/v2\/pages\/28"}],"wp:attachment":[{"href":"http:\/\/fecomercio-pe.com.br\/site\/wp-json\/wp\/v2\/media?parent=30"}],"curies":[{"name":"wp","href":"https:\/\/api.w.org\/{rel}","templated":true}]}}