{"id":2104,"date":"2016-07-07T11:21:30","date_gmt":"2016-07-07T11:21:30","guid":{"rendered":"http:\/\/fecomercio-pe.com.br\/site\/?page_id=2104"},"modified":"2016-07-29T12:27:34","modified_gmt":"2016-07-29T12:27:34","slug":"inscricoes-para-contadores","status":"publish","type":"page","link":"http:\/\/fecomercio-pe.com.br\/site\/servicos\/inscricoes-para-contadores\/","title":{"rendered":"Inscri\u00e7\u00f5es para Contadores"},"content":{"rendered":"<p>[vc_row parallax_background=&#8221;&#8221; video_background=&#8221;&#8221; overlay=&#8221;&#8221; overlay_color=&#8221;#ffffff&#8221; i_select=&#8221;&#8221; i_bg_color=&#8221;#ffffff&#8221; i_color=&#8221;#21c2f8&#8243; a_select=&#8221;&#8221; a_bg_color=&#8221;#ffffff&#8221; css=&#8221;.vc_custom_1467890699527{padding-top: 40px !important;}&#8221;][vc_column width=&#8221;1\/2&#8243; animation=&#8221;&#8221;][vc_custom_heading text=&#8221;Termos e Condi\u00e7\u00f5es&#8221; font_container=&#8221;tag:h2|text_align:left&#8221; google_fonts=&#8221;font_family:Montserrat%3Aregular%2C700|font_style:400%20regular%3A400%3Anormal&#8221;][vc_column_text]1<span style=\"color: #000000;\">. OBJETIVO<\/span><\/p>\n<p><span style=\"color: #000000;\">1.1 O presente termo tem por objeto formalizar a ades\u00e3o de contabilista \u00e0 \u201cCampanha do contador\u201d, bem como regulamentar o pagamento de comiss\u00e3o nas distribui\u00e7\u00f5es de certificados digitais\/hardwares realizados por sua indica\u00e7\u00e3o.<\/span><\/p>\n<p><span style=\"color: #000000;\">2. DO CADASTRAMENTO DO CONTADOR<\/span><\/p>\n<p><span style=\"color: #000000;\">2.1 O contador ser\u00e1 cadastrado pela a AR FECOM\u00c9RCIO-PE e receber\u00e1, ap\u00f3s 05(cinco) dias \u00fateis, um c\u00f3digo URL especifico emitido pela CERTISIGN, o qual servir\u00e1 para identificar as distribui\u00e7\u00f5es de certificados digitais\/hardwares realizados por sua indica\u00e7\u00e3o.<\/span><br \/>\n<span style=\"color: #000000;\"> 2.2 Os clientes do contador dever\u00e3o efetuar suas compras, exclusivamente, por meio do c\u00f3digo URL mencionado na cl\u00e1usula 2.1.<\/span><br \/>\n<span style=\"color: #000000;\"> 2.3 O c\u00e1lculo da comiss\u00e3o referida na cl\u00e1usula 3.1 ser\u00e1 realizado com base nas opera\u00e7\u00f5es realizadas por meio da respectiva URL.<\/span><\/p>\n<p><span style=\"color: #000000;\">3. DO PAGAMENTO DE COMISS\u00c3O<\/span><\/p>\n<p><span style=\"color: #000000;\">3.1 O contador receber\u00e1 pelos certificados \/hardwares distribu\u00eddos por sua indica\u00e7\u00e3o, 10% do valor faturado, desde que, obrigatoriamente, validados pela AR FECOM\u00c9RCIO-PE e os Pontos existentes nas entidades sindicais filiadas.<\/span><\/p>\n<p><span style=\"color: #000000;\">3.2 Somente haver\u00e1 pagamento de comiss\u00e3o na distribui\u00e7\u00e3o de certificados digitais\/hardwares de 1 (um) e 3 (tr\u00eas) anos, pois a presente campanha n\u00e3o alcan\u00e7a a modalidade de certificados com condi\u00e7\u00f5es especiais para Microempresa (ME) e Empresa de Pequeno Porte (EPP).<\/span><\/p>\n<p><span style=\"color: #000000;\">3.3 A comiss\u00e3o pela distribui\u00e7\u00e3o de certificados digitais\/hardwares nos termos das cl\u00e1usulas 2.1 e 3.1 somente ser\u00e1 devida sobre os valores efetivamente recebidos pela CERTISIGN por comercializa\u00e7\u00e3o de certificados digitais\/hardwares por indica\u00e7\u00e3o do contador.<\/span><\/p>\n<p><span style=\"color: #000000;\">3.4 O pagamento da comiss\u00e3o ser\u00e1 realizado, at\u00e9 o dia 30 do m\u00eas subsequente ao da emiss\u00e3o na AR FECOM\u00c9RCIO-PE do certificado\/hardwares por indica\u00e7\u00e3o do contador, conforme presta\u00e7\u00e3o de contas e emiss\u00e3o de recibo, conforme cadastro bancario abaixo.<\/span><\/p>\n<p><span style=\"color: #000000;\">4. DA DURA\u00c7\u00c3O E EXTIN\u00c7\u00c3O<\/span><\/p>\n<p><span style=\"color: #000000;\">4.1 A \u201cCampanha do Contador\u201d vigorar\u00e1 por prazo indeterminado, podendo ser suspensa ou extinta a qualquer momento, mediante notifica\u00e7\u00e3o escrita ao(\u00e0) contador.<\/span><\/p>\n<p><span style=\"color: #000000;\">4.2 O contador reconhece inexistir qualquer obriga\u00e7\u00e3o de continuidade de referida campanha, na hip\u00f3tese do que trata a cl\u00e1usula 4.1.<\/span><\/p>\n<p><span style=\"color: #000000;\">5. DAS DISPOSI\u00c7\u00d5ES GERAIS<\/span><\/p>\n<p><span style=\"color: #000000;\">5.1 A n\u00e3o valida\u00e7\u00e3o dos certificados digitais\/hardwares na AR FECOM\u00c9RCIO-PE importar\u00e1 em exclus\u00e3o do contador da campanha em comento<\/span>.[\/vc_column_text][\/vc_column][vc_column width=&#8221;1\/2&#8243; animation=&#8221;&#8221;]<style type=\"text\/css\" >#rd_taj31qjizk2vj7x46lcm .wpcf7 input[type=submit]{font-size:15px; font-weight:900; border-radius:2px; padding:11px 15px; letter-spacing: 0.5px; margin-top:3px;}#rd_taj31qjizk2vj7x46lcm .wpcf7 input[type=submit]:hover {background:#2396e6; color:#ffffff !important;}#rd_taj31qjizk2vj7x46lcm .wpcf7 input:not([type=submit]):not([type=checkbox]),#rd_taj31qjizk2vj7x46lcm textarea,#rd_taj31qjizk2vj7x46lcm .wpcf7 select{border-radius:0px;}#rd_taj31qjizk2vj7x46lcm .wpcf7 input:not([type=submit]),#rd_taj31qjizk2vj7x46lcm textarea,#rd_taj31qjizk2vj7x46lcm .wpcf7 input[type=submit],#rd_taj31qjizk2vj7x46lcm .wpcf7 select{margin-top:3px;}#rd_taj31qjizk2vj7x46lcm p{margin-bottom:23px;}#rd_taj31qjizk2vj7x46lcm .wpcf7 input:not([type=submit]):not([type=checkbox]),#rd_taj31qjizk2vj7x46lcm .wpcf7  textarea,#rd_taj31qjizk2vj7x46lcm .wpcf7 select{border:1px solid #ecf0f1; background:#ffffff;}#rd_taj31qjizk2vj7x46lcm .wpcf7 input[type=submit]{background:; color: !important;}<\/style><div id=\"rd_taj31qjizk2vj7x46lcm\" class=\"\">[contact-form-7 id=\"2110\" ]<\/div>[\/vc_column][\/vc_row]<\/p>\n","protected":false},"excerpt":{"rendered":"<p>[vc_row parallax_background=&#8221;&#8221; video_background=&#8221;&#8221; overlay=&#8221;&#8221; overlay_color=&#8221;#ffffff&#8221; i_select=&#8221;&#8221; i_bg_color=&#8221;#ffffff&#8221; i_color=&#8221;#21c2f8&#8243; a_select=&#8221;&#8221; a_bg_color=&#8221;#ffffff&#8221; css=&#8221;.vc_custom_1467890699527{padding-top: 40px !important;}&#8221;][vc_column width=&#8221;1\/2&#8243; animation=&#8221;&#8221;][vc_custom_heading text=&#8221;Termos e Condi\u00e7\u00f5es&#8221; font_container=&#8221;tag:h2|text_align:left&#8221; google_fonts=&#8221;font_family:Montserrat%3Aregular%2C700|font_style:400%20regular%3A400%3Anormal&#8221;][vc_column_text]1. OBJETIVO 1.1 O presente termo tem por objeto formalizar a ades\u00e3o de contabilista \u00e0 \u201cCampanha do contador\u201d, bem como regulamentar o pagamento de comiss\u00e3o nas distribui\u00e7\u00f5es de certificados digitais\/hardwares realizados por sua indica\u00e7\u00e3o. 2. DO<br \/><a href=\"http:\/\/fecomercio-pe.com.br\/site\/servicos\/inscricoes-para-contadores\/\" class=\"more\">Read more<\/a><\/p>\n","protected":false},"author":1,"featured_media":0,"parent":28,"menu_order":0,"comment_status":"closed","ping_status":"closed","template":"","meta":{"footnotes":""},"_links":{"self":[{"href":"http:\/\/fecomercio-pe.com.br\/site\/wp-json\/wp\/v2\/pages\/2104"}],"collection":[{"href":"http:\/\/fecomercio-pe.com.br\/site\/wp-json\/wp\/v2\/pages"}],"about":[{"href":"http:\/\/fecomercio-pe.com.br\/site\/wp-json\/wp\/v2\/types\/page"}],"author":[{"embeddable":true,"href":"http:\/\/fecomercio-pe.com.br\/site\/wp-json\/wp\/v2\/users\/1"}],"replies":[{"embeddable":true,"href":"http:\/\/fecomercio-pe.com.br\/site\/wp-json\/wp\/v2\/comments?post=2104"}],"version-history":[{"count":7,"href":"http:\/\/fecomercio-pe.com.br\/site\/wp-json\/wp\/v2\/pages\/2104\/revisions"}],"predecessor-version":[{"id":2404,"href":"http:\/\/fecomercio-pe.com.br\/site\/wp-json\/wp\/v2\/pages\/2104\/revisions\/2404"}],"up":[{"embeddable":true,"href":"http:\/\/fecomercio-pe.com.br\/site\/wp-json\/wp\/v2\/pages\/28"}],"wp:attachment":[{"href":"http:\/\/fecomercio-pe.com.br\/site\/wp-json\/wp\/v2\/media?parent=2104"}],"curies":[{"name":"wp","href":"https:\/\/api.w.org\/{rel}","templated":true}]}}