{"id":19,"date":"2015-08-19T21:08:08","date_gmt":"2015-08-19T21:08:08","guid":{"rendered":"http:\/\/fecomercio-pe.com.br\/site\/?page_id=19"},"modified":"2025-10-24T10:37:05","modified_gmt":"2025-10-24T13:37:05","slug":"missoes-empresariais","status":"publish","type":"page","link":"http:\/\/fecomercio-pe.com.br\/site\/missoes-empresariais\/","title":{"rendered":"Miss\u00f5es Empresariais"},"content":{"rendered":"<p>[vc_row type=&#8221;full-width-section&#8221; css=&#8221;.vc_custom_1432393713637{margin-bottom: 0px !important;border-top-width: 1px !important;border-bottom-width: 1px !important;padding-top: 95px !important;padding-bottom: 40px !important;background-color: #f9fafb !important;border-top-color: #ecf0f1 !important;border-top-style: solid !important;border-bottom-color: #ecf0f1 !important;border-bottom-style: solid !important;}&#8221;][vc_column][vc_row_inner][vc_column_inner width=&#8221;1\/3&#8243;][vc_column_text]<\/p>\n<h2 class=\"wpb_heading wpb_singleimage_heading\">Revista Informe Fecom\u00e9rcio PE &#8211; Miss\u00f5es<\/h2>\n<p>[\/vc_column_text][vc_column_text]<\/p>\n<p class=\"art-postheader\" style=\"text-align: justify;\">A Fecom\u00e9rcio-PE vem se preocupando tamb\u00e9m com a conquista de novos mercados para os empres\u00e1rios de Pernambuco e do Nordeste do Brasil, j\u00e1 tendo realizado 20 miss\u00f5es empresariais ao exterior, entre 1996 e 2025: It\u00e1lia (quatro visitas); Fran\u00e7a (duas visitas); Espanha, Portugal, R\u00fassia, Holanda, Alemanha (2005), Pol\u00f4nia (2006), China (2007, 2010 e 2011), \u00cdndia\/Dubai (2008), Angola e \u00c1frica do Sul (2009), B\u00e9lgica e It\u00e1lia (2012), Cuba (2015), e Col\u00f4mbia (2017). E a \u00faltima realizada em 2025, foi com destino ao Jap\u00e3o e \u00e0 China.<\/p>\n<p>[\/vc_column_text][\/vc_column_inner][vc_column_inner width=&#8221;1\/3&#8243;][vc_single_image image=&#8221;11596&#8243; img_size=&#8221;medium&#8221; title=&#8221;Informe Fecom\u00e9rcio PE Miss\u00e3o Empresarial Jap\u00e3o e China 2025&#8243;][vc_column_text]<\/p>\n<h3><a href=\"https:\/\/fecomerciope-my.sharepoint.com\/:b:\/g\/personal\/comunicacao_fecomerciope_onmicrosoft_com\/EXpuWxmzvtxImHN9txLmVNEB8NT6Db7g_lM7I7_HY5S9zQ?e=dt5Tg8\" target=\"_blank\" rel=\"noopener\">Vers\u00e3o PDF<\/a><\/h3>\n<p>[\/vc_column_text][\/vc_column_inner][vc_column_inner width=&#8221;1\/3&#8243;][vc_single_image image=&#8221;11146&#8243; img_size=&#8221;medium&#8221; title=&#8221;Informe Fecom\u00e9rcio PE Miss\u00e3o 2025&#8243;][vc_column_text]<\/p>\n<h3><a href=\"https:\/\/fecomerciope-my.sharepoint.com\/:b:\/g\/personal\/comunicacao_fecomerciope_onmicrosoft_com\/EQybjp5xKTNMgQMJpcAVsogBFZGpB7C0t2fGvMu0Rcx6kA?e=39aVex\" target=\"_blank\" rel=\"noopener\">Vers\u00e3o PDF<\/a><\/h3>\n<p>[\/vc_column_text][\/vc_column_inner][\/vc_row_inner][vc_row_inner][vc_column_inner width=&#8221;1\/4&#8243;][vc_single_image image=&#8221;4886&#8243; img_size=&#8221;medium&#8221; title=&#8221;Informe Fecom\u00e9rcio PE Miss\u00e3o 2017&#8243;][vc_column_text]<\/p>\n<h3><a href=\"https:\/\/issuu.com\/fecomerciope\/docs\/informe_fecom__rcio_col__mbia\" target=\"_blank\" rel=\"noopener\">Vers\u00e3o Online<\/a> |\u00a0<a href=\"http:\/\/fecomercio-pe.com.br\/site\/wp-content\/uploads\/2018\/01\/Informe-Fecom\u00e9rcio-Col\u00f4mbia2.pdf\" target=\"_blank\" rel=\"noopener\">Vers\u00e3o PDF<\/a><\/h3>\n<p>[\/vc_column_text][\/vc_column_inner][vc_column_inner width=&#8221;1\/4&#8243;][vc_single_image image=&#8221;2118&#8243; img_size=&#8221;medium&#8221; title=&#8221;Informe Fecom\u00e9rcio PE Miss\u00e3o 2015&#8243;][vc_column_text]<\/p>\n<h3><a href=\"https:\/\/issuu.com\/fecomerciope\/docs\/revista_informe_fecom__rcio_especia\" target=\"_blank\" rel=\"noopener\">Vers\u00e3o Online<\/a> |\u00a0<a href=\"http:\/\/fecomercio-pe.com.br\/site\/wp-content\/uploads\/2016\/07\/Revista-informe-Fecom\u00e9rcio-Especial-CUBA-0.pdf\" target=\"_blank\" rel=\"noopener\">Vers\u00e3o PDF<\/a><\/h3>\n<p>[\/vc_column_text][\/vc_column_inner][vc_column_inner width=&#8221;1\/4&#8243;][vc_single_image image=&#8221;1552&#8243; img_size=&#8221;medium&#8221; title=&#8221;Informe Fecom\u00e9rcio PE Miss\u00e3o 2010&#8243;][vc_column_text]<\/p>\n<h3><a href=\"https:\/\/issuu.com\/fecomerciope\/docs\/informe-especial-missao-2010\" target=\"_blank\" rel=\"noopener\">Vers\u00e3o Online<\/a> |\u00a0<a href=\"http:\/\/fecomercio-pe.com.br\/site\/wp-content\/uploads\/2015\/12\/informe-especial-missao-2010.pdf\" target=\"_blank\" rel=\"noopener\">Vers\u00e3o PDF<\/a><\/h3>\n<p>[\/vc_column_text][\/vc_column_inner][vc_column_inner width=&#8221;1\/4&#8243;][vc_single_image image=&#8221;493&#8243; img_size=&#8221;medium&#8221; title=&#8221;Informe Fecom\u00e9rcio PE Miss\u00e3o 2012&#8243;][vc_column_text]<\/p>\n<h3><a href=\"http:\/\/issuu.com\/fecomerciope\/docs\/revista_miss_o2012\" target=\"_blank\" rel=\"noopener\">Vers\u00e3o Online<\/a> |\u00a0<a href=\"http:\/\/fecomercio-pe.com.br\/site\/wp-content\/uploads\/2016\/07\/m12.pdf\" target=\"_blank\" rel=\"noopener\">Vers\u00e3o PDF<\/a><\/h3>\n<p>[\/vc_column_text][\/vc_column_inner][\/vc_row_inner][vc_row_inner][vc_column_inner width=&#8221;1\/4&#8243;][vc_single_image image=&#8221;1549&#8243; img_size=&#8221;medium&#8221; title=&#8221;Informe Fecom\u00e9rcio PE Miss\u00e3o 2011&#8243;][vc_column_text]<\/p>\n<h3><a href=\"https:\/\/issuu.com\/fecomerciope\/docs\/rev_fecomercio_missao2011\" target=\"_blank\" rel=\"noopener\">Vers\u00e3o Online<\/a> |\u00a0<a href=\"http:\/\/fecomercio-pe.com.br\/site\/wp-content\/uploads\/2015\/12\/rev_Fecomercio_Missao2011.pdf\" target=\"_blank\" rel=\"noopener\">Vers\u00e3o PDF<\/a><\/h3>\n<p>[\/vc_column_text][\/vc_column_inner][vc_column_inner width=&#8221;1\/4&#8243;][vc_single_image image=&#8221;1553&#8243; img_size=&#8221;medium&#8221; alignment=&#8221;&#8221; title=&#8221;Informe Fecom\u00e9rcio PE Miss\u00e3o 2009&#8243;][vc_column_text]<\/p>\n<h3><a href=\"https:\/\/issuu.com\/fecomerciope\/docs\/informe-especial-missao-africa-2009\" target=\"_blank\" rel=\"noopener\">Vers\u00e3o Online<\/a> |\u00a0<a href=\"http:\/\/fecomercio-pe.com.br\/site\/wp-content\/uploads\/2015\/12\/informe-especial-missao-africa-2009.pdf\" target=\"_blank\" rel=\"noopener\">Vers\u00e3o PDF<\/a><\/h3>\n<p>[\/vc_column_text][\/vc_column_inner][vc_column_inner width=&#8221;1\/4&#8243;][vc_single_image image=&#8221;1554&#8243; img_size=&#8221;medium&#8221; title=&#8221;Informe Fecom\u00e9rcio PE Miss\u00e3o 2008&#8243;][vc_column_text]<\/p>\n<h3><a href=\"https:\/\/issuu.com\/fecomerciope\/docs\/informe-especial-missao-india-2008\" target=\"_blank\" rel=\"noopener\">Vers\u00e3o Online<\/a> |\u00a0<a href=\"http:\/\/fecomercio-pe.com.br\/site\/wp-content\/uploads\/2015\/12\/informe-especial-missao-india-2008.pdf\" target=\"_blank\" rel=\"noopener\">Vers\u00e3o PDF<\/a><\/h3>\n<p>[\/vc_column_text][\/vc_column_inner][vc_column_inner width=&#8221;1\/4&#8243;][vc_single_image image=&#8221;1551&#8243; img_size=&#8221;medium&#8221; title=&#8221;Informe Fecom\u00e9rcio PE Miss\u00e3o 2007&#8243;][vc_column_text]<\/p>\n<h3><a href=\"https:\/\/issuu.com\/fecomerciope\/docs\/informe_especial2007\" target=\"_blank\" rel=\"noopener\">Vers\u00e3o Online<\/a> |\u00a0<a href=\"http:\/\/fecomercio-pe.com.br\/site\/wp-content\/uploads\/2015\/12\/informe_especial2007.pdf\" target=\"_blank\" rel=\"noopener\">Vers\u00e3o PDF<\/a><\/h3>\n<p>[\/vc_column_text][\/vc_column_inner][\/vc_row_inner][vc_row_inner][vc_column_inner width=&#8221;1\/4&#8243;][vc_single_image image=&#8221;1550&#8243; img_size=&#8221;medium&#8221; alignment=&#8221;&#8221; title=&#8221;Informe Fecom\u00e9rcio PE Miss\u00e3o 2006&#8243;][vc_column_text]<\/p>\n<h3><a href=\"https:\/\/issuu.com\/fecomerciope\/docs\/informe_especial_missao2006\" target=\"_blank\" rel=\"noopener\">Vers\u00e3o Online<\/a> |\u00a0<a href=\"http:\/\/fecomercio-pe.com.br\/site\/wp-content\/uploads\/2015\/12\/informe_especial_missao2006.pdf\" target=\"_blank\" rel=\"noopener\">Vers\u00e3o PDF<\/a><\/h3>\n<p>[\/vc_column_text][\/vc_column_inner][vc_column_inner width=&#8221;1\/4&#8243;][\/vc_column_inner][vc_column_inner width=&#8221;1\/4&#8243;][\/vc_column_inner][vc_column_inner width=&#8221;1\/4&#8243;][\/vc_column_inner][\/vc_row_inner][\/vc_column][\/vc_row]<\/p>\n","protected":false},"excerpt":{"rendered":"<p>[vc_row type=&#8221;full-width-section&#8221; css=&#8221;.vc_custom_1432393713637{margin-bottom: 0px !important;border-top-width: 1px !important;border-bottom-width: 1px !important;padding-top: 95px !important;padding-bottom: 40px !important;background-color: #f9fafb !important;border-top-color: #ecf0f1 !important;border-top-style: solid !important;border-bottom-color: #ecf0f1 !important;border-bottom-style: solid !important;}&#8221;][vc_column][vc_row_inner][vc_column_inner width=&#8221;1\/3&#8243;][vc_column_text] Revista Informe Fecom\u00e9rcio PE &#8211; Miss\u00f5es [\/vc_column_text][vc_column_text] A Fecom\u00e9rcio-PE vem se preocupando tamb\u00e9m com a conquista de novos mercados para os empres\u00e1rios de Pernambuco e do Nordeste do Brasil, j\u00e1 tendo<br \/><a href=\"http:\/\/fecomercio-pe.com.br\/site\/missoes-empresariais\/\" class=\"more\">Read more<\/a><\/p>\n","protected":false},"author":1,"featured_media":0,"parent":0,"menu_order":0,"comment_status":"open","ping_status":"closed","template":"","meta":{"footnotes":""},"_links":{"self":[{"href":"http:\/\/fecomercio-pe.com.br\/site\/wp-json\/wp\/v2\/pages\/19"}],"collection":[{"href":"http:\/\/fecomercio-pe.com.br\/site\/wp-json\/wp\/v2\/pages"}],"about":[{"href":"http:\/\/fecomercio-pe.com.br\/site\/wp-json\/wp\/v2\/types\/page"}],"author":[{"embeddable":true,"href":"http:\/\/fecomercio-pe.com.br\/site\/wp-json\/wp\/v2\/users\/1"}],"replies":[{"embeddable":true,"href":"http:\/\/fecomercio-pe.com.br\/site\/wp-json\/wp\/v2\/comments?post=19"}],"version-history":[{"count":30,"href":"http:\/\/fecomercio-pe.com.br\/site\/wp-json\/wp\/v2\/pages\/19\/revisions"}],"predecessor-version":[{"id":11605,"href":"http:\/\/fecomercio-pe.com.br\/site\/wp-json\/wp\/v2\/pages\/19\/revisions\/11605"}],"wp:attachment":[{"href":"http:\/\/fecomercio-pe.com.br\/site\/wp-json\/wp\/v2\/media?parent=19"}],"curies":[{"name":"wp","href":"https:\/\/api.w.org\/{rel}","templated":true}]}}