{"id":1881,"date":"2016-06-03T02:53:57","date_gmt":"2016-06-03T02:53:57","guid":{"rendered":"http:\/\/fecomercio-pe.com.br\/site\/?page_id=1881"},"modified":"2019-02-22T11:45:06","modified_gmt":"2019-02-22T14:45:06","slug":"sintese-economica","status":"publish","type":"page","link":"http:\/\/fecomercio-pe.com.br\/site\/pesquisas\/sintese-economica\/","title":{"rendered":"S\u00edntese Econ\u00f4mica"},"content":{"rendered":"<p>[vc_row][vc_column width=&#8221;1\/3&#8243;][vc_column_text]<\/p>\n<h1>S\u00edntese Econ\u00f4mica 2018<\/h1>\n<p>[\/vc_column_text][vc_column_text]<\/p>\n<p style=\"text-align: justify;\"><strong><span style=\"color: #000000;\">A Fecom\u00e9rcio-PE divulga mensalmente a S\u00edntese Econ\u00f4mica\u00a0do setor do com\u00e9rcio de bens, servi\u00e7os e turismo de Pernambuco.<\/span><\/strong><\/p>\n<p style=\"text-align: justify;\"><span style=\"color: #000000;\">As S\u00ednteses Econ\u00f4micas trazem uma an\u00e1lise da conjuntura atual com bases nos principais indicadores econ\u00f4micos, com o objetivo de identificar a situa\u00e7\u00e3o da economia para aquele m\u00eas e assim nortear os empres\u00e1rios.<\/span><\/p>\n<p>[\/vc_column_text][\/vc_column][vc_column width=&#8221;1\/3&#8243;][vc_column_text]<\/p>\n<h3 style=\"text-align: center;\">Janeiro<\/h3>\n<p>[\/vc_column_text][vc_single_image image=&#8221;4920&#8243; img_size=&#8221;medium&#8221; alignment=&#8221;center&#8221;][vc_column_text]<\/p>\n<h4 style=\"text-align: center;\"><a href=\"https:\/\/issuu.com\/fecomerciope\/docs\/s__ntese_econ__mica_-_janeiro_2018\" target=\"_blank\" rel=\"noopener\">Vers\u00e3o Digital<\/a> \/ <a href=\"http:\/\/fecomercio-pe.com.br\/site\/wp-content\/uploads\/2018\/02\/S\u00edntese-Econ\u00f4mica-Janeiro-2018.pdf\" target=\"_blank\" rel=\"noopener\">Vers\u00e3o PDF<\/a><\/h4>\n<p>[\/vc_column_text][\/vc_column][vc_column width=&#8221;1\/3&#8243;][vc_column_text]<\/p>\n<h3 style=\"text-align: center;\">Fevereiro<\/h3>\n<p>[\/vc_column_text][vc_single_image image=&#8221;5022&#8243; img_size=&#8221;medium&#8221; alignment=&#8221;center&#8221;][vc_column_text]<\/p>\n<h4 style=\"text-align: center;\"><a href=\"https:\/\/issuu.com\/fecomerciope\/docs\/s_ntese_econ_mica_-_fev_2018\" target=\"_blank\" rel=\"noopener\">Vers\u00e3o Digital<\/a> \/ <a href=\"http:\/\/fecomercio-pe.com.br\/site\/wp-content\/uploads\/2018\/03\/S\u00edntese-Econ\u00f4mica-Fev-2018.pdf\" target=\"_blank\" rel=\"noopener\">Vers\u00e3o PDF<\/a><\/h4>\n<p>[\/vc_column_text][\/vc_column][\/vc_row][vc_row][vc_column width=&#8221;1\/3&#8243;][vc_column_text]<\/p>\n<h3 style=\"text-align: center;\">Mar\u00e7o<\/h3>\n<p>[\/vc_column_text][vc_single_image image=&#8221;5126&#8243; img_size=&#8221;medium&#8221; alignment=&#8221;center&#8221;][vc_column_text]<\/p>\n<h4 style=\"text-align: center;\"><a href=\"https:\/\/issuu.com\/fecomerciope\/docs\/s_ntese_econ_mica_-_mar_o_2018\" target=\"_blank\" rel=\"noopener\">Vers\u00e3o Digital<\/a> \/ <a href=\"http:\/\/fecomercio-pe.com.br\/site\/wp-content\/uploads\/2018\/04\/S\u00edntese-Econ\u00f4mica-Mar\u00e7o-2018.pdf\" target=\"_blank\" rel=\"noopener\">Vers\u00e3o PDF<\/a><\/h4>\n<p>[\/vc_column_text][\/vc_column][vc_column width=&#8221;1\/3&#8243;][vc_column_text]<\/p>\n<h3 style=\"text-align: center;\">Abril<\/h3>\n<p>[\/vc_column_text][vc_single_image image=&#8221;5356&#8243; img_size=&#8221;medium&#8221; alignment=&#8221;center&#8221;][vc_column_text]<\/p>\n<h4 style=\"text-align: center;\"><a href=\"https:\/\/issuu.com\/fecomerciope\/docs\/s_ntese_econ_mica_-_abril_2018\" target=\"_blank\" rel=\"noopener\">Vers\u00e3o Digital<\/a> \/ <a href=\"http:\/\/fecomercio-pe.com.br\/site\/wp-content\/uploads\/2018\/06\/S\u00edntese-Econ\u00f4mica-Abril-2018.pdf\" target=\"_blank\" rel=\"noopener\">Vers\u00e3o PDF<\/a><\/h4>\n<p>[\/vc_column_text][\/vc_column][vc_column width=&#8221;1\/3&#8243;][vc_column_text]<\/p>\n<h3 style=\"text-align: center;\">Maio<\/h3>\n<p>[\/vc_column_text][vc_single_image image=&#8221;5358&#8243; img_size=&#8221;medium&#8221; alignment=&#8221;center&#8221;][vc_column_text]<\/p>\n<h4 style=\"text-align: center;\"><a href=\"https:\/\/issuu.com\/fecomerciope\/docs\/s_ntese_econ_mica_-_maio_2018\" target=\"_blank\" rel=\"noopener\">Vers\u00e3o Digital<\/a> \/ <a href=\"http:\/\/fecomercio-pe.com.br\/site\/wp-content\/uploads\/2018\/06\/S\u00edntese-Econ\u00f4mica-Maio-2018.pdf\" target=\"_blank\" rel=\"noopener\">Vers\u00e3o PDF<\/a><\/h4>\n<p>[\/vc_column_text][\/vc_column][\/vc_row][vc_row][vc_column width=&#8221;1\/3&#8243;][vc_column_text]<\/p>\n<h3 style=\"text-align: center;\">Junho<\/h3>\n<p>[\/vc_column_text][vc_single_image image=&#8221;5472&#8243; img_size=&#8221;medium&#8221; alignment=&#8221;center&#8221;][vc_column_text]<\/p>\n<h4 style=\"text-align: center;\"><a href=\"https:\/\/issuu.com\/fecomerciope\/docs\/s_ntese_econ_mica_-_junho_2018\" target=\"_blank\" rel=\"noopener\">Vers\u00e3o Digital<\/a> \/ <a href=\"http:\/\/fecomercio-pe.com.br\/site\/wp-content\/uploads\/2018\/07\/S\u00edntese-Econ\u00f4mica-Junho-2018.pdf\" target=\"_blank\" rel=\"noopener\">Vers\u00e3o PDF<\/a><\/h4>\n<p>[\/vc_column_text][\/vc_column][vc_column width=&#8221;1\/3&#8243;][vc_column_text]<\/p>\n<h3 style=\"text-align: center;\">Julho<\/h3>\n<p>[\/vc_column_text][vc_single_image image=&#8221;5835&#8243; img_size=&#8221;medium&#8221; alignment=&#8221;center&#8221;][vc_column_text]<\/p>\n<h4 style=\"text-align: center;\"><a href=\"https:\/\/issuu.com\/fecomerciope\/docs\/s_ntese_econ_mica_-_julho_2018\" target=\"_blank\" rel=\"noopener\">Vers\u00e3o Digital<\/a> \/ <a href=\"http:\/\/fecomercio-pe.com.br\/site\/wp-content\/uploads\/2018\/11\/S\u00edntese-Econ\u00f4mica-Julho-2018.pdf\" target=\"_blank\" rel=\"noopener\">Vers\u00e3o PDF<\/a><\/h4>\n<p>[\/vc_column_text][\/vc_column][vc_column width=&#8221;1\/3&#8243;][vc_column_text]<\/p>\n<h3 style=\"text-align: center;\">Agosto<\/h3>\n<p>[\/vc_column_text][vc_single_image image=&#8221;5833&#8243; img_size=&#8221;medium&#8221; alignment=&#8221;center&#8221;][vc_column_text]<\/p>\n<h4 style=\"text-align: center;\"><a href=\"https:\/\/issuu.com\/fecomerciope\/docs\/s_ntese_econ_mica_-_agosto_2018\" target=\"_blank\" rel=\"noopener\">Vers\u00e3o Digital<\/a> \/ <a href=\"http:\/\/fecomercio-pe.com.br\/site\/wp-content\/uploads\/2018\/11\/S\u00edntese-Econ\u00f4mica-Agosto-2018-1.pdf\" target=\"_blank\" rel=\"noopener\">Vers\u00e3o PDF<\/a><\/h4>\n<p>[\/vc_column_text][\/vc_column][\/vc_row][vc_row][vc_column width=&#8221;1\/3&#8243;][vc_column_text]<\/p>\n<h3 style=\"text-align: center;\">Setembro<\/h3>\n<p>[\/vc_column_text][vc_single_image image=&#8221;5837&#8243; img_size=&#8221;medium&#8221; alignment=&#8221;center&#8221;][vc_column_text]<\/p>\n<h4 style=\"text-align: center;\"><a href=\"https:\/\/issuu.com\/fecomerciope\/docs\/s_ntese_econ_mica_-_setembro_2018\" target=\"_blank\" rel=\"noopener\">Vers\u00e3o Digital<\/a> \/ <a href=\"http:\/\/fecomercio-pe.com.br\/site\/wp-content\/uploads\/2018\/11\/S\u00edntese-Econ\u00f4mica-Setembro-2018.pdf\" target=\"_blank\" rel=\"noopener\">Vers\u00e3o PDF<\/a><\/h4>\n<p>[\/vc_column_text][\/vc_column][vc_column width=&#8221;1\/3&#8243;][vc_column_text]<\/p>\n<h3 style=\"text-align: center;\">Outubro<\/h3>\n<p>[\/vc_column_text][vc_single_image image=&#8221;6127&#8243; img_size=&#8221;medium&#8221; alignment=&#8221;center&#8221;][vc_column_text]<\/p>\n<h4 style=\"text-align: center;\"><a href=\"https:\/\/issuu.com\/fecomerciope\/docs\/s_ntese_econ_mica_-_outubro_2018\" target=\"_blank\" rel=\"noopener\">Vers\u00e3o Digital<\/a> \/ <a href=\"http:\/\/fecomercio-pe.com.br\/site\/wp-content\/uploads\/2019\/02\/S\u00edntese-Econ\u00f4mica-Outubro-2018.pdf\" target=\"_blank\" rel=\"noopener\">Vers\u00e3o PDF<\/a><\/h4>\n<p>[\/vc_column_text][\/vc_column][vc_column width=&#8221;1\/3&#8243;][vc_column_text]<\/p>\n<h3 style=\"text-align: center;\">Novembro<\/h3>\n<p>[\/vc_column_text][vc_single_image image=&#8221;6125&#8243; img_size=&#8221;medium&#8221; alignment=&#8221;center&#8221;][vc_column_text]<\/p>\n<h4 style=\"text-align: center;\"><a href=\"https:\/\/issuu.com\/fecomerciope\/docs\/s_ntese_econ_mica_-_novembro_2018\" target=\"_blank\" rel=\"noopener\">Vers\u00e3o Digital<\/a> \/ <a href=\"http:\/\/fecomercio-pe.com.br\/site\/wp-content\/uploads\/2019\/02\/S\u00edntese-Econ\u00f4mica-Novembro-2018.pdf\" target=\"_blank\" rel=\"noopener\">Vers\u00e3o PDF<\/a><\/h4>\n<p>[\/vc_column_text][\/vc_column][\/vc_row][vc_row][vc_column width=&#8221;1\/3&#8243;][vc_column_text]<\/p>\n<h3 style=\"text-align: center;\">Dezembro<\/h3>\n<p>[\/vc_column_text][vc_single_image image=&#8221;6130&#8243; img_size=&#8221;medium&#8221; alignment=&#8221;center&#8221;][vc_column_text]<\/p>\n<h4 style=\"text-align: center;\"><a href=\"https:\/\/issuu.com\/fecomerciope\/docs\/s_ntese_econ_mica_-_dezembro_2018\" target=\"_blank\" rel=\"noopener\">Vers\u00e3o Digital<\/a> \/ <a href=\"http:\/\/fecomercio-pe.com.br\/site\/wp-content\/uploads\/2019\/02\/S\u00edntese-Econ\u00f4mica-Dezembro-2018.pdf\" target=\"_blank\" rel=\"noopener\">Vers\u00e3o PDF<\/a><\/h4>\n<p>[\/vc_column_text][\/vc_column][\/vc_row][vc_row][vc_column][vc_empty_space][vc_column_text]<\/p>\n<h1>S\u00edntese Econ\u00f4mica 2017<\/h1>\n<p>[\/vc_column_text][\/vc_column][\/vc_row][vc_row][vc_column width=&#8221;1\/3&#8243;][vc_column_text]<\/p>\n<h3 style=\"text-align: center;\">Janeiro de 2017<\/h3>\n<p>[\/vc_column_text][vc_single_image image=&#8221;3518&#8243; img_size=&#8221;medium&#8221; alignment=&#8221;center&#8221;][vc_column_text]<\/p>\n<h4 style=\"text-align: center;\"><a href=\"https:\/\/issuu.com\/fecomerciope\/docs\/1_-_s__ntese_econ__mica_janeiro\" target=\"_blank\" rel=\"noopener\">Vers\u00e3o Digital<\/a> \/ <a href=\"http:\/\/fecomercio-pe.com.br\/site\/wp-content\/uploads\/2017\/02\/1-S\u00edntese-Econ\u00f4mica-Janeiro.pdf\" target=\"_blank\" rel=\"noopener\">Vers\u00e3o PDF<\/a><\/h4>\n<p>[\/vc_column_text][\/vc_column][vc_column width=&#8221;1\/3&#8243;][vc_column_text]<\/p>\n<h3 style=\"text-align: center;\">Fevereiro\u00a0de 2017<\/h3>\n<p>[\/vc_column_text][vc_single_image image=&#8221;3663&#8243; img_size=&#8221;medium&#8221; alignment=&#8221;center&#8221;][vc_column_text]<\/p>\n<h4 style=\"text-align: center;\"><a href=\"https:\/\/issuu.com\/fecomerciope\/docs\/2_-_s__ntese_econ__mica_fevereiro\" target=\"_blank\" rel=\"noopener\">Vers\u00e3o Digital<\/a> \/ <a href=\"http:\/\/fecomercio-pe.com.br\/site\/wp-content\/uploads\/2017\/03\/2-S\u00edntese-Econ\u00f4mica-Fevereiro.pdf\" target=\"_blank\" rel=\"noopener\">Vers\u00e3o PDF<\/a><\/h4>\n<p>[\/vc_column_text][\/vc_column][vc_column width=&#8221;1\/3&#8243;][vc_column_text]<\/p>\n<h3 style=\"text-align: center;\">Mar\u00e7o\u00a0de 2017<\/h3>\n<p>[\/vc_column_text][vc_single_image image=&#8221;3745&#8243; img_size=&#8221;medium&#8221; alignment=&#8221;center&#8221;][vc_column_text]<\/p>\n<h4 style=\"text-align: center;\"><a href=\"https:\/\/issuu.com\/fecomerciope\/docs\/s__ntese_econ__mica_-_mar__o__2017\" target=\"_blank\" rel=\"noopener\">Vers\u00e3o Digital<\/a> \/ <a href=\"http:\/\/fecomercio-pe.com.br\/site\/wp-content\/uploads\/2017\/04\/S\u00edntese-Econ\u00f4mica-Mar\u00e7o-2017.pdf\" target=\"_blank\" rel=\"noopener\">Vers\u00e3o PDF<\/a><\/h4>\n<p>[\/vc_column_text][\/vc_column][\/vc_row][vc_row][vc_column width=&#8221;1\/3&#8243;][vc_column_text]<\/p>\n<h3 style=\"text-align: center;\">Abril de 2017<\/h3>\n<p>[\/vc_column_text][vc_single_image image=&#8221;3921&#8243; img_size=&#8221;medium&#8221; alignment=&#8221;center&#8221;][vc_column_text]<\/p>\n<h4 style=\"text-align: center;\"><a href=\"https:\/\/issuu.com\/fecomerciope\/docs\/s__ntese_econ__mica_-_abril__2017\" target=\"_blank\" rel=\"noopener\">Vers\u00e3o Digital<\/a> \/ <a href=\"http:\/\/fecomercio-pe.com.br\/site\/wp-content\/uploads\/2017\/05\/S\u00edntese-Econ\u00f4mica-Abril-2017.pdf\" target=\"_blank\" rel=\"noopener\">Vers\u00e3o PDF<\/a><\/h4>\n<p>[\/vc_column_text][\/vc_column][vc_column width=&#8221;1\/3&#8243;][vc_column_text]<\/p>\n<h3 style=\"text-align: center;\">Maio de 2017<\/h3>\n<p>[\/vc_column_text][vc_single_image image=&#8221;4059&#8243; img_size=&#8221;medium&#8221; alignment=&#8221;center&#8221;][vc_column_text]<\/p>\n<h4 style=\"text-align: center;\"><a href=\"https:\/\/issuu.com\/fecomerciope\/docs\/s__ntese_econ__mica_-_maio__2017\" target=\"_blank\" rel=\"noopener\">Vers\u00e3o Digital<\/a> \/ <a href=\"http:\/\/fecomercio-pe.com.br\/site\/wp-content\/uploads\/2017\/06\/S\u00edntese-Econ\u00f4mica-Maio-2017.pdf\" target=\"_blank\" rel=\"noopener\">Vers\u00e3o PDF<\/a><\/h4>\n<p>[\/vc_column_text][\/vc_column][vc_column width=&#8221;1\/3&#8243;][vc_column_text]<\/p>\n<h3 style=\"text-align: center;\">Junho\u00a0de 2017<\/h3>\n<p>[\/vc_column_text][vc_single_image image=&#8221;4152&#8243; img_size=&#8221;medium&#8221; alignment=&#8221;center&#8221;][vc_column_text]<\/p>\n<h4 style=\"text-align: center;\"><a href=\"https:\/\/issuu.com\/fecomerciope\/docs\/s__ntese_econ__mica_-_junho__2017\" target=\"_blank\" rel=\"noopener\">Vers\u00e3o Digital<\/a> \/ <a href=\"http:\/\/fecomercio-pe.com.br\/site\/wp-content\/uploads\/2017\/07\/S\u00edntese-Econ\u00f4mica-Junho-2017.pdf\" target=\"_blank\" rel=\"noopener\">Vers\u00e3o PDF<\/a><\/h4>\n<p>[\/vc_column_text][\/vc_column][\/vc_row][vc_row][vc_column width=&#8221;1\/3&#8243;][vc_column_text]<\/p>\n<h3 style=\"text-align: center;\">Julho\u00a0de 2017<\/h3>\n<p>[\/vc_column_text][vc_single_image image=&#8221;4345&#8243; img_size=&#8221;medium&#8221; alignment=&#8221;center&#8221;][vc_column_text]<\/p>\n<h4 style=\"text-align: center;\"><a href=\"https:\/\/issuu.com\/fecomerciope\/docs\/s__ntese_econ__mica_-_julho__2017\" target=\"_blank\" rel=\"noopener\">Vers\u00e3o Digital<\/a> \/ <a href=\"http:\/\/fecomercio-pe.com.br\/site\/wp-content\/uploads\/2017\/09\/S\u00edntese-Econ\u00f4mica-Julho-2017.pdf\" target=\"_blank\" rel=\"noopener\">Vers\u00e3o PDF<\/a><\/h4>\n<p>[\/vc_column_text][\/vc_column][vc_column width=&#8221;1\/3&#8243;][vc_column_text]<\/p>\n<h3 style=\"text-align: center;\">Agosto\u00a0de 2017<\/h3>\n<p>[\/vc_column_text][vc_single_image image=&#8221;4346&#8243; img_size=&#8221;medium&#8221; alignment=&#8221;center&#8221;][vc_column_text]<\/p>\n<h4 style=\"text-align: center;\"><a href=\"https:\/\/issuu.com\/fecomerciope\/docs\/s__ntese_econ__mica_-_agosto_2017\" target=\"_blank\" rel=\"noopener\">Vers\u00e3o Digital<\/a> \/ <a href=\"http:\/\/fecomercio-pe.com.br\/site\/wp-content\/uploads\/2017\/09\/S\u00edntese-Econ\u00f4mica-Agosto-2017.pdf\" target=\"_blank\" rel=\"noopener\">Vers\u00e3o PDF<\/a><\/h4>\n<p>[\/vc_column_text][\/vc_column][vc_column width=&#8221;1\/3&#8243;][vc_column_text]<\/p>\n<h3 style=\"text-align: center;\">Setembro de 2017<\/h3>\n<p>[\/vc_column_text][vc_single_image image=&#8221;4600&#8243; img_size=&#8221;medium&#8221; alignment=&#8221;center&#8221;][vc_column_text]<\/p>\n<h4 style=\"text-align: center;\"><a href=\"https:\/\/issuu.com\/fecomerciope\/docs\/s_c3_adntese_20econ_c3_b4mica_20-_2_804c3897adbf25\" target=\"_blank\" rel=\"noopener\">Vers\u00e3o Digital<\/a> \/ <a href=\"http:\/\/fecomercio-pe.com.br\/site\/wp-content\/uploads\/2017\/11\/S\u00edntese-Econ\u00f4mica-Setembro-2017.pdf\" target=\"_blank\" rel=\"noopener\">Vers\u00e3o PDF<\/a><\/h4>\n<p>[\/vc_column_text][\/vc_column][\/vc_row][vc_row][vc_column width=&#8221;1\/3&#8243;][vc_column_text]<\/p>\n<h3 style=\"text-align: center;\">Outubro de 2017<\/h3>\n<p>[\/vc_column_text][vc_single_image image=&#8221;4598&#8243; img_size=&#8221;medium&#8221; alignment=&#8221;center&#8221;][vc_column_text]<\/p>\n<h4 style=\"text-align: center;\"><a href=\"https:\/\/issuu.com\/fecomerciope\/docs\/s_c3_adntese_20econ_c3_b4mica_20-_2\" target=\"_blank\" rel=\"noopener\">Vers\u00e3o Digital<\/a> \/ <a href=\"http:\/\/fecomercio-pe.com.br\/site\/wp-content\/uploads\/2017\/11\/S\u00edntese-Econ\u00f4mica-Outubro-2017.pdf\" target=\"_blank\" rel=\"noopener\">Vers\u00e3o PDF<\/a><\/h4>\n<p>[\/vc_column_text][\/vc_column][vc_column width=&#8221;1\/3&#8243;][vc_column_text]<\/p>\n<h3 style=\"text-align: center;\">Novembro de 2017<\/h3>\n<p>[\/vc_column_text][vc_single_image image=&#8221;4738&#8243; img_size=&#8221;medium&#8221; alignment=&#8221;center&#8221;][vc_column_text]<\/p>\n<h4 style=\"text-align: center;\"><a href=\"https:\/\/issuu.com\/fecomerciope\/docs\/s__ntese_econ__mica_-_novembro_2017\" target=\"_blank\" rel=\"noopener\">Vers\u00e3o Digital<\/a> \/ <a href=\"http:\/\/fecomercio-pe.com.br\/site\/wp-content\/uploads\/2017\/12\/S\u00edntese-Econ\u00f4mica-Novembro-2017.pdf\" target=\"_blank\" rel=\"noopener\">Vers\u00e3o PDF<\/a><\/h4>\n<p>[\/vc_column_text][\/vc_column][vc_column width=&#8221;1\/3&#8243;][vc_column_text]<\/p>\n<h3 style=\"text-align: center;\">Dezembro de 2017<\/h3>\n<p>[\/vc_column_text][vc_single_image image=&#8221;4813&#8243; img_size=&#8221;medium&#8221; alignment=&#8221;center&#8221;][vc_column_text]<\/p>\n<h4 style=\"text-align: center;\"><a href=\"https:\/\/issuu.com\/fecomerciope\/docs\/s__ntese_econ__mica_-_dezembro_2017\" target=\"_blank\" rel=\"noopener\">Vers\u00e3o Digital<\/a> \/ <a href=\"http:\/\/fecomercio-pe.com.br\/site\/wp-content\/uploads\/2018\/01\/S\u00edntese-Econ\u00f4mica-Dezembro-2017.pdf\" target=\"_blank\" rel=\"noopener\">Vers\u00e3o PDF<\/a><\/h4>\n<p>[\/vc_column_text][\/vc_column][\/vc_row][vc_row][vc_column][vc_empty_space][vc_column_text]<\/p>\n<h1>S\u00edntese Econ\u00f4mica 2016<\/h1>\n<p>[\/vc_column_text][\/vc_column][\/vc_row][vc_row][vc_column width=&#8221;1\/3&#8243;][vc_column_text]<\/p>\n<h3 style=\"text-align: center;\">Janeiro de 2016<\/h3>\n<p>[\/vc_column_text][vc_single_image image=&#8221;1891&#8243; img_size=&#8221;medium&#8221; alignment=&#8221;center&#8221;][vc_column_text]<\/p>\n<h4 style=\"text-align: center;\"><a href=\"https:\/\/issuu.com\/fecomerciope\/docs\/s__ntese_econ__mica_-_jan_2016_revi\" target=\"_blank\" rel=\"noopener\">Vers\u00e3o Digital<\/a> \/ <a href=\"http:\/\/fecomercio-pe.com.br\/site\/wp-content\/uploads\/2016\/06\/Fecomercio-PE-Sintese-Economica-Jan-2016.pdf\" target=\"_blank\" rel=\"noopener\">Vers\u00e3o PDF<\/a><\/h4>\n<p>[\/vc_column_text][\/vc_column][vc_column width=&#8221;1\/3&#8243;][vc_column_text]<\/p>\n<h3 style=\"text-align: center;\">Fevereiro de 2016<\/h3>\n<p>[\/vc_column_text][vc_single_image image=&#8221;1890&#8243; img_size=&#8221;medium&#8221; alignment=&#8221;center&#8221;][vc_column_text]<\/p>\n<h4 style=\"text-align: center;\"><a href=\"https:\/\/issuu.com\/fecomerciope\/docs\/s__ntese_econ__mica_-_fev_2016\" target=\"_blank\" rel=\"noopener\">Vers\u00e3o Digital<\/a> \/ <a href=\"http:\/\/fecomercio-pe.com.br\/site\/wp-content\/uploads\/2016\/06\/Fecomercio-PE-Sintese-Economica-Fev-2016.pdf\" target=\"_blank\" rel=\"noopener\">Vers\u00e3o PDF<\/a><\/h4>\n<p>[\/vc_column_text][\/vc_column][vc_column width=&#8221;1\/3&#8243;][vc_column_text]<\/p>\n<h3 style=\"text-align: center;\">Mar\u00e7o de 2016<\/h3>\n<p>[\/vc_column_text][vc_single_image image=&#8221;1892&#8243; img_size=&#8221;medium&#8221; alignment=&#8221;center&#8221;][vc_column_text]<\/p>\n<h4 style=\"text-align: center;\"><a href=\"https:\/\/issuu.com\/fecomerciope\/docs\/s__ntese_econ__mica_-_mar_2016\" target=\"_blank\" rel=\"noopener\">Vers\u00e3o Digital<\/a> \/ <a href=\"http:\/\/fecomercio-pe.com.br\/site\/wp-content\/uploads\/2016\/06\/Fecomercio-PE-Sintese-Economica-Mar-2016.pdf\" target=\"_blank\" rel=\"noopener\">Vers\u00e3o PDF<\/a><\/h4>\n<p>[\/vc_column_text][vc_column_text]<br \/>\n[\/vc_column_text][\/vc_column][\/vc_row][vc_row][vc_column width=&#8221;1\/3&#8243;][vc_column_text]<\/p>\n<h3 style=\"text-align: center;\">Abril de 2016<\/h3>\n<p>[\/vc_column_text][vc_single_image image=&#8221;1889&#8243; img_size=&#8221;medium&#8221; alignment=&#8221;center&#8221;][vc_column_text]<\/p>\n<h4 style=\"text-align: center;\"><a href=\"https:\/\/issuu.com\/fecomerciope\/docs\/s__ntese_econ__mica_-_abr_2016\" target=\"_blank\" rel=\"noopener\">Vers\u00e3o Digital<\/a> \/ <a href=\"http:\/\/fecomercio-pe.com.br\/site\/wp-content\/uploads\/2016\/06\/Fecomercio-PE-Sintese-Economica-Abr-2016.pdf\" target=\"_blank\" rel=\"noopener\">Vers\u00e3o PDF<\/a><\/h4>\n<p>[\/vc_column_text][\/vc_column][vc_column width=&#8221;1\/3&#8243;][vc_column_text]<\/p>\n<h3 style=\"text-align: center;\">Maio\u00a0de 2016<\/h3>\n<p>[\/vc_column_text][vc_single_image image=&#8221;2278&#8243; img_size=&#8221;medium&#8221; alignment=&#8221;center&#8221;][vc_column_text]<\/p>\n<h4 style=\"text-align: center;\"><a href=\"http:\/\/issuu.com\/fecomerciope\/docs\/s__ntese_econ__mica_-_maio_2016?workerAddress=\" target=\"_blank\" rel=\"noopener\">Vers\u00e3o Digital<\/a> \/ <a href=\"http:\/\/fecomercio-pe.com.br\/site\/wp-content\/uploads\/2016\/09\/S\u00edntese-Econ\u00f4mica-Maio-2016.pdf\" target=\"_blank\" rel=\"noopener\">Vers\u00e3o PDF<\/a><\/h4>\n<p>[\/vc_column_text][\/vc_column][vc_column width=&#8221;1\/3&#8243;][vc_column_text]<\/p>\n<h3 style=\"text-align: center;\">Junho\u00a0de 2016<\/h3>\n<p>[\/vc_column_text][vc_single_image image=&#8221;2279&#8243; img_size=&#8221;medium&#8221; alignment=&#8221;center&#8221;][vc_column_text]<\/p>\n<h4 style=\"text-align: center;\"><a href=\"http:\/\/issuu.com\/fecomerciope\/docs\/s__ntese_econ__mica_-_junho_2016?workerAddress=\" target=\"_blank\" rel=\"noopener\">Vers\u00e3o Digital <\/a>\/ <a href=\"http:\/\/fecomercio-pe.com.br\/site\/wp-content\/uploads\/2016\/09\/S\u00edntese-Econ\u00f4mica-Junho-2016.pdf\" target=\"_blank\" rel=\"noopener\">Vers\u00e3o PDF<\/a><\/h4>\n<p>[\/vc_column_text][vc_column_text]<br \/>\n[\/vc_column_text][\/vc_column][\/vc_row][vc_row][vc_column width=&#8221;1\/3&#8243;][vc_column_text]<\/p>\n<h3 style=\"text-align: center;\">Julho\u00a0de 2016<\/h3>\n<p>[\/vc_column_text][vc_single_image image=&#8221;2425&#8243; img_size=&#8221;medium&#8221; alignment=&#8221;center&#8221;][vc_column_text]<\/p>\n<h4 style=\"text-align: center;\"><a href=\"https:\/\/issuu.com\/fecomerciope\/docs\/s__ntese_econ__mica_-_julho_2016\" target=\"_blank\" rel=\"noopener\">Vers\u00e3o Digital <\/a>\/ <a href=\"http:\/\/fecomercio-pe.com.br\/site\/wp-content\/uploads\/2016\/09\/S\u00edntese-Econ\u00f4mica-Julho-2016.pdf\" target=\"_blank\" rel=\"noopener\">Vers\u00e3o PDF<\/a><\/h4>\n<p>[\/vc_column_text][\/vc_column][vc_column width=&#8221;1\/3&#8243;][vc_column_text]<\/p>\n<h3 style=\"text-align: center;\">Agosto\u00a0de 2016<\/h3>\n<p>[\/vc_column_text][vc_single_image image=&#8221;2450&#8243; img_size=&#8221;medium&#8221; alignment=&#8221;center&#8221;][vc_column_text]<\/p>\n<h4 style=\"text-align: center;\"><a href=\"https:\/\/issuu.com\/fecomerciope\/docs\/s__ntese_econ__mica_-_agosto_2016\" target=\"_blank\" rel=\"noopener\">Vers\u00e3o Digital <\/a>\/ <a href=\"http:\/\/fecomercio-pe.com.br\/site\/wp-content\/uploads\/2016\/10\/S\u00edntese-Econ\u00f4mica-Agosto-2016.pdf\" target=\"_blank\" rel=\"noopener\">Vers\u00e3o PDF<\/a><\/h4>\n<p>[\/vc_column_text][\/vc_column][vc_column width=&#8221;1\/3&#8243;][vc_column_text]<\/p>\n<h3 style=\"text-align: center;\">Setembro\u00a0de 2016<\/h3>\n<p>[\/vc_column_text][vc_single_image image=&#8221;2514&#8243; img_size=&#8221;medium&#8221; alignment=&#8221;center&#8221;][vc_column_text]<\/p>\n<h4 style=\"text-align: center;\"><a href=\"http:\/\/issuu.com\/fecomerciope\/docs\/s__ntese_econ__mica_-_setembro_2016?workerAddress=\" target=\"_blank\" rel=\"noopener\">Vers\u00e3o Digital <\/a>\/ <a href=\"http:\/\/fecomercio-pe.com.br\/site\/wp-content\/uploads\/2016\/10\/S\u00edntese-Econ\u00f4mica-Setembro-2016.pdf\" target=\"_blank\" rel=\"noopener\">Vers\u00e3o PDF<\/a><\/h4>\n<p>[\/vc_column_text][vc_column_text]<br \/>\n[\/vc_column_text][\/vc_column][\/vc_row][vc_row][vc_column width=&#8221;1\/3&#8243;][vc_column_text]<\/p>\n<h3 style=\"text-align: center;\">Outubro\u00a0de 2016<\/h3>\n<p>[\/vc_column_text][vc_single_image image=&#8221;2738&#8243; img_size=&#8221;medium&#8221; alignment=&#8221;center&#8221;][vc_column_text]<\/p>\n<h4 style=\"text-align: center;\"><a href=\"https:\/\/issuu.com\/fecomerciope\/docs\/s__ntese_econ__mica_-_outubro_2016\" target=\"_blank\" rel=\"noopener\">Vers\u00e3o Digital <\/a>\/ <a href=\"http:\/\/fecomercio-pe.com.br\/site\/wp-content\/uploads\/2016\/11\/S\u00edntese-Econ\u00f4mica-Outubro-2016.pdf\" target=\"_blank\" rel=\"noopener\">Vers\u00e3o PDF<\/a><\/h4>\n<p>[\/vc_column_text][\/vc_column][vc_column width=&#8221;1\/3&#8243;][vc_column_text]<\/p>\n<h3 style=\"text-align: center;\">Novembro\u00a0de 2016<\/h3>\n<p>[\/vc_column_text][vc_single_image image=&#8221;3091&#8243; img_size=&#8221;medium&#8221; alignment=&#8221;center&#8221;][vc_column_text]<\/p>\n<h4 style=\"text-align: center;\"><a href=\"https:\/\/issuu.com\/fecomerciope\/docs\/s__ntese_econ__mica_-_novembro_2016\" target=\"_blank\" rel=\"noopener\">Vers\u00e3o Digital <\/a>\/ <a href=\"http:\/\/fecomercio-pe.com.br\/site\/wp-content\/uploads\/2016\/12\/S\u00edntese-Econ\u00f4mica-Novembro-2016.pdf\" target=\"_blank\" rel=\"noopener\">Vers\u00e3o PDF<\/a><\/h4>\n<p>[\/vc_column_text][\/vc_column][vc_column width=&#8221;1\/3&#8243;][vc_column_text]<\/p>\n<h3 style=\"text-align: center;\">Dezembro\u00a0de 2016<\/h3>\n<p>[\/vc_column_text][vc_single_image image=&#8221;3312&#8243; img_size=&#8221;medium&#8221; alignment=&#8221;center&#8221;][vc_column_text]<\/p>\n<h4 style=\"text-align: center;\"><a href=\"https:\/\/issuu.com\/fecomerciope\/docs\/s__ntese_econ__mica_-_dezembro_2016\" target=\"_blank\" rel=\"noopener\">Vers\u00e3o Digital <\/a>\/ <a href=\"http:\/\/fecomercio-pe.com.br\/site\/wp-content\/uploads\/2017\/01\/S\u00edntese-Econ\u00f4mica-Dezembro-2016.pdf\" target=\"_blank\" rel=\"noopener\">Vers\u00e3o PDF<\/a><\/h4>\n<p>[\/vc_column_text][vc_column_text]<br \/>\n[\/vc_column_text][\/vc_column][\/vc_row]<\/p>\n","protected":false},"excerpt":{"rendered":"<p>[vc_row][vc_column width=&#8221;1\/3&#8243;][vc_column_text] S\u00edntese Econ\u00f4mica 2018 [\/vc_column_text][vc_column_text] A Fecom\u00e9rcio-PE divulga mensalmente a S\u00edntese Econ\u00f4mica\u00a0do setor do com\u00e9rcio de bens, servi\u00e7os e turismo de Pernambuco. As S\u00ednteses Econ\u00f4micas trazem uma an\u00e1lise da conjuntura atual com bases nos principais indicadores econ\u00f4micos, com o objetivo de identificar a situa\u00e7\u00e3o da economia para aquele m\u00eas e assim nortear os empres\u00e1rios.<br \/><a href=\"http:\/\/fecomercio-pe.com.br\/site\/pesquisas\/sintese-economica\/\" class=\"more\">Read more<\/a><\/p>\n","protected":false},"author":1,"featured_media":0,"parent":994,"menu_order":0,"comment_status":"closed","ping_status":"closed","template":"","meta":{"footnotes":""},"_links":{"self":[{"href":"http:\/\/fecomercio-pe.com.br\/site\/wp-json\/wp\/v2\/pages\/1881"}],"collection":[{"href":"http:\/\/fecomercio-pe.com.br\/site\/wp-json\/wp\/v2\/pages"}],"about":[{"href":"http:\/\/fecomercio-pe.com.br\/site\/wp-json\/wp\/v2\/types\/page"}],"author":[{"embeddable":true,"href":"http:\/\/fecomercio-pe.com.br\/site\/wp-json\/wp\/v2\/users\/1"}],"replies":[{"embeddable":true,"href":"http:\/\/fecomercio-pe.com.br\/site\/wp-json\/wp\/v2\/comments?post=1881"}],"version-history":[{"count":51,"href":"http:\/\/fecomercio-pe.com.br\/site\/wp-json\/wp\/v2\/pages\/1881\/revisions"}],"predecessor-version":[{"id":6132,"href":"http:\/\/fecomercio-pe.com.br\/site\/wp-json\/wp\/v2\/pages\/1881\/revisions\/6132"}],"up":[{"embeddable":true,"href":"http:\/\/fecomercio-pe.com.br\/site\/wp-json\/wp\/v2\/pages\/994"}],"wp:attachment":[{"href":"http:\/\/fecomercio-pe.com.br\/site\/wp-json\/wp\/v2\/media?parent=1881"}],"curies":[{"name":"wp","href":"https:\/\/api.w.org\/{rel}","templated":true}]}}