{"id":1702,"date":"2015-12-15T11:53:11","date_gmt":"2015-12-15T11:53:11","guid":{"rendered":"http:\/\/fecomercio-pe.com.br\/site\/?page_id=1702"},"modified":"2025-09-30T16:37:45","modified_gmt":"2025-09-30T19:37:45","slug":"corpo-tecnico","status":"publish","type":"page","link":"http:\/\/fecomercio-pe.com.br\/site\/transparencia-na-gestao\/corpo-tecnico\/","title":{"rendered":"Corpo T\u00e9cnico"},"content":{"rendered":"<p>[vc_row][vc_column width=&#8221;1\/4&#8243;][vc_column_text]<br \/>\n[\/vc_column_text][\/vc_column][vc_column width=&#8221;3\/4&#8243;][vc_column_text]<\/p>\n<ul>\n<li><span style=\"color: #000000;\">Alyne Desirre\u00ea de Lira Carvalho <\/span><\/li>\n<li><span style=\"color: #000000;\">Cleide Moreira Pimentel<\/span><\/li>\n<li><span style=\"color: #000000;\">Diego Nelson\u00a0da Silva<\/span><\/li>\n<li><span style=\"color: #000000;\">Izabella Viana de Oliveira<\/span><\/li>\n<li><span style=\"color: #000000;\">Jandira Paula da Silva Flor\u00eancio<\/span><\/li>\n<li><span style=\"color: #000000;\">Kalina Aureliano de Ara\u00fajo<\/span><\/li>\n<li><span style=\"color: #000000;\">Luiz David de Albuquerque Pereira Oliveira<\/span><\/li>\n<li><span style=\"color: #000000;\">Nilo Monteiro Ara\u00fajo dos Santos <\/span><\/li>\n<li><span style=\"color: #000000;\">Rafael Lima Souza<\/span><\/li>\n<li><span style=\"color: #000000;\">Ricardo Marques de Oliveira<\/span><\/li>\n<li><span style=\"color: #000000;\">Risonete Cosmo da Silva<\/span><\/li>\n<li><span style=\"color: #000000;\">Rosangela Barbosa Amorim de Moura<\/span><\/li>\n<li><span style=\"color: #000000;\">Rosely de Oliveira Silva <\/span><\/li>\n<li><span style=\"color: #000000;\">Victor dos Santos Madureira<\/span><\/li>\n<li><span style=\"color: #000000;\">Vit\u00f3ria R\u00e9gia Bezerra de Carvalho<\/span><\/li>\n<li><span style=\"color: #000000;\">Wilma Nunes Fonseca de S\u00e1 Camelo<\/span><\/li>\n<\/ul>\n<p>[\/vc_column_text][\/vc_column][\/vc_row]<\/p>\n","protected":false},"excerpt":{"rendered":"<p>[vc_row][vc_column width=&#8221;1\/4&#8243;][vc_column_text] [\/vc_column_text][\/vc_column][vc_column width=&#8221;3\/4&#8243;][vc_column_text] Alyne Desirre\u00ea de Lira Carvalho Cleide Moreira Pimentel Diego Nelson\u00a0da Silva Izabella Viana de Oliveira Jandira Paula da Silva Flor\u00eancio Kalina Aureliano de Ara\u00fajo Luiz David de Albuquerque Pereira Oliveira Nilo Monteiro Ara\u00fajo dos Santos Rafael Lima Souza Ricardo Marques de Oliveira Risonete Cosmo da Silva Rosangela Barbosa Amorim de Moura<br \/><a href=\"http:\/\/fecomercio-pe.com.br\/site\/transparencia-na-gestao\/corpo-tecnico\/\" class=\"more\">Read more<\/a><\/p>\n","protected":false},"author":1,"featured_media":0,"parent":1710,"menu_order":0,"comment_status":"closed","ping_status":"closed","template":"","meta":{"footnotes":""},"_links":{"self":[{"href":"http:\/\/fecomercio-pe.com.br\/site\/wp-json\/wp\/v2\/pages\/1702"}],"collection":[{"href":"http:\/\/fecomercio-pe.com.br\/site\/wp-json\/wp\/v2\/pages"}],"about":[{"href":"http:\/\/fecomercio-pe.com.br\/site\/wp-json\/wp\/v2\/types\/page"}],"author":[{"embeddable":true,"href":"http:\/\/fecomercio-pe.com.br\/site\/wp-json\/wp\/v2\/users\/1"}],"replies":[{"embeddable":true,"href":"http:\/\/fecomercio-pe.com.br\/site\/wp-json\/wp\/v2\/comments?post=1702"}],"version-history":[{"count":36,"href":"http:\/\/fecomercio-pe.com.br\/site\/wp-json\/wp\/v2\/pages\/1702\/revisions"}],"predecessor-version":[{"id":11322,"href":"http:\/\/fecomercio-pe.com.br\/site\/wp-json\/wp\/v2\/pages\/1702\/revisions\/11322"}],"up":[{"embeddable":true,"href":"http:\/\/fecomercio-pe.com.br\/site\/wp-json\/wp\/v2\/pages\/1710"}],"wp:attachment":[{"href":"http:\/\/fecomercio-pe.com.br\/site\/wp-json\/wp\/v2\/media?parent=1702"}],"curies":[{"name":"wp","href":"https:\/\/api.w.org\/{rel}","templated":true}]}}