{"id":15,"date":"2015-08-19T21:07:13","date_gmt":"2015-08-19T21:07:13","guid":{"rendered":"http:\/\/fecomercio-pe.com.br\/site\/?page_id=15"},"modified":"2016-09-13T11:17:24","modified_gmt":"2016-09-13T11:17:24","slug":"segs-sistema-de-excelencia-em-gestao-sindical","status":"publish","type":"page","link":"http:\/\/fecomercio-pe.com.br\/site\/servicos\/segs-sistema-de-excelencia-em-gestao-sindical\/","title":{"rendered":"SEGS &#8211; Sistema de Excel\u00eancia em Gest\u00e3o Sindical"},"content":{"rendered":"<p>[vc_row type=&#8221;&#8221; parallax_background=&#8221;&#8221; parallax_type=&#8221;&#8221; video_background=&#8221;&#8221; video_link=&#8221;&#8221; overlay=&#8221;&#8221; overlay_color=&#8221;#ffffff&#8221; i_select=&#8221;&#8221; icon=&#8221;&#8221; i_bg_color=&#8221;#ffffff&#8221; i_color=&#8221;#21c2f8&#8243; a_select=&#8221;&#8221; a_bg_color=&#8221;#ffffff&#8221; full_width=&#8221;&#8221;][vc_column width=&#8221;2\/3&#8243; animation=&#8221;&#8221;][vc_column_text css_animation=&#8221;&#8221;]<span style=\"color: #000000;\">O Sistema de Excel\u00eancia em Gest\u00e3o Sindical (Segs) \u00e9 um programa que incentiva o desenvolvimento da excel\u00eancia na gest\u00e3o das Federa\u00e7\u00f5es Estaduais do Com\u00e9rcio e de seus sindicatos filiados, por meio de crit\u00e9rios baseados nos fundamentos do Pr\u00eamio Nacional de Qualidade (PNQ). O objetivo do Segs \u00e9 permitir \u00e0s entidades sindicais identificar o grau de desenvolvimento (maturidade) da sua gest\u00e3o nos quesitos associativismo, representatividade, estrutura diretiva, gest\u00e3o financeira e produtos e servi\u00e7os oferecidos.<\/span><\/p>\n<p><span style=\"color: #000000;\">Al\u00e9m disso, o programa visa capacitar seus l\u00edderes em pr\u00e1ticas gerenciais de reconhecida excel\u00eancia, que possibilitem incrementar a atua\u00e7\u00e3o dos sindicatos e das Federa\u00e7\u00f5es do Com\u00e9rcio de Bens, Servi\u00e7os e Turismo. Possibilita tamb\u00e9m o compartilhamento de pr\u00e1ticas gerenciais de sucesso (benchmarking) e proporciona o crescimento individual dos l\u00edderes e executivos sindicais e, conseq\u00fcentemente, das entidades e das empresas representadas.<\/span><\/p>\n<p><span style=\"color: #000000;\">Com a implanta\u00e7\u00e3o do Segs, os l\u00edderes e executivos sindicais ter\u00e3o uma ferramenta para auxiliar na elabora\u00e7\u00e3o e no acompanhamento do planejamento estrat\u00e9gico de suas entidades; na implanta\u00e7\u00e3o de planos de a\u00e7\u00e3o e na constru\u00e7\u00e3o de indicadores de desempenho estrat\u00e9gicos e gerenciais dos processos-chave; na realiza\u00e7\u00e3o de ampla avalia\u00e7\u00e3o gerencial do sindicato, analisando e aperfei\u00e7oando as pr\u00e1ticas de gest\u00e3o da entidade; e na disponibiliza\u00e7\u00e3o de produtos e de servi\u00e7os compat\u00edveis com as necessidades das empresas representadas.<\/span><\/p>\n<p><span style=\"color: #000000;\">Em Pernambuco, a Fecom\u00e9rcio implantou o programa em 2008 e, desde ent\u00e3o, vem realizando cursos de capacita\u00e7\u00e3o com os seus sindicatos filiados.<\/span>[\/vc_column_text][\/vc_column][vc_column width=&#8221;1\/3&#8243; animation=&#8221;&#8221;][vc_single_image image=&#8221;1035&#8243; alignment=&#8221;&#8221; style=&#8221;&#8221; border_color=&#8221;grey&#8221; img_link_large=&#8221;&#8221; img_link_target=&#8221;_self&#8221; hover_effect=&#8221;&#8221; animation=&#8221;&#8221; css_animation=&#8221;&#8221; img_size=&#8221;full&#8221;][\/vc_column][\/vc_row]<\/p>\n","protected":false},"excerpt":{"rendered":"<p>[vc_row type=&#8221;&#8221; parallax_background=&#8221;&#8221; parallax_type=&#8221;&#8221; video_background=&#8221;&#8221; video_link=&#8221;&#8221; overlay=&#8221;&#8221; overlay_color=&#8221;#ffffff&#8221; i_select=&#8221;&#8221; icon=&#8221;&#8221; i_bg_color=&#8221;#ffffff&#8221; i_color=&#8221;#21c2f8&#8243; a_select=&#8221;&#8221; a_bg_color=&#8221;#ffffff&#8221; full_width=&#8221;&#8221;][vc_column width=&#8221;2\/3&#8243; animation=&#8221;&#8221;][vc_column_text css_animation=&#8221;&#8221;]O Sistema de Excel\u00eancia em Gest\u00e3o Sindical (Segs) \u00e9 um programa que incentiva o desenvolvimento da excel\u00eancia na gest\u00e3o das Federa\u00e7\u00f5es Estaduais do Com\u00e9rcio e de seus sindicatos filiados, por meio de crit\u00e9rios baseados nos fundamentos do Pr\u00eamio<br \/><a href=\"http:\/\/fecomercio-pe.com.br\/site\/servicos\/segs-sistema-de-excelencia-em-gestao-sindical\/\" class=\"more\">Read more<\/a><\/p>\n","protected":false},"author":1,"featured_media":0,"parent":28,"menu_order":0,"comment_status":"open","ping_status":"closed","template":"","meta":{"footnotes":""},"_links":{"self":[{"href":"http:\/\/fecomercio-pe.com.br\/site\/wp-json\/wp\/v2\/pages\/15"}],"collection":[{"href":"http:\/\/fecomercio-pe.com.br\/site\/wp-json\/wp\/v2\/pages"}],"about":[{"href":"http:\/\/fecomercio-pe.com.br\/site\/wp-json\/wp\/v2\/types\/page"}],"author":[{"embeddable":true,"href":"http:\/\/fecomercio-pe.com.br\/site\/wp-json\/wp\/v2\/users\/1"}],"replies":[{"embeddable":true,"href":"http:\/\/fecomercio-pe.com.br\/site\/wp-json\/wp\/v2\/comments?post=15"}],"version-history":[{"count":9,"href":"http:\/\/fecomercio-pe.com.br\/site\/wp-json\/wp\/v2\/pages\/15\/revisions"}],"predecessor-version":[{"id":1762,"href":"http:\/\/fecomercio-pe.com.br\/site\/wp-json\/wp\/v2\/pages\/15\/revisions\/1762"}],"up":[{"embeddable":true,"href":"http:\/\/fecomercio-pe.com.br\/site\/wp-json\/wp\/v2\/pages\/28"}],"wp:attachment":[{"href":"http:\/\/fecomercio-pe.com.br\/site\/wp-json\/wp\/v2\/media?parent=15"}],"curies":[{"name":"wp","href":"https:\/\/api.w.org\/{rel}","templated":true}]}}