{"id":1048,"date":"2015-10-16T18:42:09","date_gmt":"2015-10-16T18:42:09","guid":{"rendered":"http:\/\/fecomercio-pe.com.br\/site\/?page_id=1048"},"modified":"2021-02-15T12:04:29","modified_gmt":"2021-02-15T15:04:29","slug":"assessoria-juridica","status":"publish","type":"page","link":"http:\/\/fecomercio-pe.com.br\/site\/servicos\/assessoria-juridica\/","title":{"rendered":"Assessoria Jur\u00eddica"},"content":{"rendered":"<p><span style=\"color: #000000;\">A\u00a0 Assessoria Jur\u00eddica da Fecom\u00e9rcio-PE atua de forma consultiva, proporcionando aos sindicatos ligados \u00e0 entidade e aos empres\u00e1rios do segmento do com\u00e9rcio de bens, servi\u00e7os e turismo a an\u00e1lise jur\u00eddica de pontos relevantes para o setor, dirimindo d\u00favidas e esclarecendo quest\u00f5es do \u00e2mbito legal, principalmente, das \u00e1reas trabalhista e tribut\u00e1ria.<\/span><\/p>\n<p><span style=\"color: #000000;\">O objetivo \u00e9 oferecer uma interpreta\u00e7\u00e3o do texto legal, capaz de munir os representantes do segmento com informa\u00e7\u00f5es que dar\u00e3o base para tomadas de decis\u00e3o, resolu\u00e7\u00e3o de problemas e a\u00e7\u00f5es voltadas para o desenvolvimento dos neg\u00f3cios.<\/span><\/p>\n<h4><span style=\"color: #000000;\">Contato<\/span><\/h4>\n<p><span style=\"color: #000000;\">Thomas Albuquerque \u2013 Assessor Jur\u00eddico da Fecom\u00e9rcio-PE<\/span><\/p>\n<p><span style=\"color: #000000;\">e-mail :\u00a0juridico@fecomercio-pe.com<\/span><\/p>\n<p>&nbsp;<\/p>\n<p>&nbsp;<\/p>\n","protected":false},"excerpt":{"rendered":"<p>A\u00a0 Assessoria Jur\u00eddica da Fecom\u00e9rcio-PE atua de forma consultiva, proporcionando aos sindicatos ligados \u00e0 entidade e aos empres\u00e1rios do segmento do com\u00e9rcio de bens, servi\u00e7os e turismo a an\u00e1lise jur\u00eddica de pontos relevantes para o setor, dirimindo d\u00favidas e esclarecendo quest\u00f5es do \u00e2mbito legal, principalmente, das \u00e1reas trabalhista e tribut\u00e1ria. O objetivo \u00e9 oferecer uma<br \/><a href=\"http:\/\/fecomercio-pe.com.br\/site\/servicos\/assessoria-juridica\/\" class=\"more\">Read more<\/a><\/p>\n","protected":false},"author":1,"featured_media":0,"parent":28,"menu_order":0,"comment_status":"closed","ping_status":"closed","template":"","meta":{"footnotes":""},"_links":{"self":[{"href":"http:\/\/fecomercio-pe.com.br\/site\/wp-json\/wp\/v2\/pages\/1048"}],"collection":[{"href":"http:\/\/fecomercio-pe.com.br\/site\/wp-json\/wp\/v2\/pages"}],"about":[{"href":"http:\/\/fecomercio-pe.com.br\/site\/wp-json\/wp\/v2\/types\/page"}],"author":[{"embeddable":true,"href":"http:\/\/fecomercio-pe.com.br\/site\/wp-json\/wp\/v2\/users\/1"}],"replies":[{"embeddable":true,"href":"http:\/\/fecomercio-pe.com.br\/site\/wp-json\/wp\/v2\/comments?post=1048"}],"version-history":[{"count":8,"href":"http:\/\/fecomercio-pe.com.br\/site\/wp-json\/wp\/v2\/pages\/1048\/revisions"}],"predecessor-version":[{"id":7931,"href":"http:\/\/fecomercio-pe.com.br\/site\/wp-json\/wp\/v2\/pages\/1048\/revisions\/7931"}],"up":[{"embeddable":true,"href":"http:\/\/fecomercio-pe.com.br\/site\/wp-json\/wp\/v2\/pages\/28"}],"wp:attachment":[{"href":"http:\/\/fecomercio-pe.com.br\/site\/wp-json\/wp\/v2\/media?parent=1048"}],"curies":[{"name":"wp","href":"https:\/\/api.w.org\/{rel}","templated":true}]}}