{"id":1004,"date":"2015-10-16T15:53:22","date_gmt":"2015-10-16T15:53:22","guid":{"rendered":"http:\/\/fecomercio-pe.com.br\/site\/?page_id=1004"},"modified":"2025-12-11T12:15:39","modified_gmt":"2025-12-11T15:15:39","slug":"pesquisa-goiana-pe","status":"publish","type":"page","link":"http:\/\/fecomercio-pe.com.br\/site\/pesquisa-goiana-pe\/","title":{"rendered":"Pesquisas Especiais"},"content":{"rendered":"<p>[vc_row][vc_column][vc_column_text]<br \/>\n[\/vc_column_text][vc_column_text]<\/p>\n<h1 style=\"text-align: center;\"><strong>Pesquisas Especiais | 2025<\/strong><\/h1>\n<p>[\/vc_column_text][\/vc_column][\/vc_row][vc_row][vc_column width=&#8221;1\/3&#8243;][vc_column_text]<\/p>\n<h3 style=\"text-align: center;\"><strong>Proje\u00e7\u00f5es Natal 2025<\/strong><\/h3>\n<p>&nbsp;<\/p>\n<p>[\/vc_column_text][vc_single_image image=&#8221;11673&#8243; img_size=&#8221;medium&#8221; alignment=&#8221;center&#8221; style=&#8221;vc_box_outline&#8221;][vc_column_text]<\/p>\n<p style=\"text-align: center;\"><a href=\"http:\/\/fecomercio-pe.com.br\/site\/wp-content\/uploads\/2025\/12\/Estudo-Natal.pdf\" target=\"_blank\" rel=\"noopener\">Vers\u00e3o PDF<\/a><\/p>\n<p>[\/vc_column_text][\/vc_column][vc_column width=&#8221;1\/3&#8243;][vc_column_text]<\/p>\n<h3 style=\"text-align: center;\"><strong>Estudo Black Friday 2025<\/strong><\/h3>\n<p>&nbsp;<\/p>\n<p>[\/vc_column_text][vc_single_image image=&#8221;11623&#8243; img_size=&#8221;medium&#8221; alignment=&#8221;center&#8221; style=&#8221;vc_box_outline&#8221;][vc_column_text]<\/p>\n<p style=\"text-align: center;\"><a href=\"http:\/\/fecomercio-pe.com.br\/site\/wp-content\/uploads\/2025\/11\/Estudo-black-friday-25.pdf\">Vers\u00e3o PDF<\/a><\/p>\n<p>[\/vc_column_text][\/vc_column][vc_column width=&#8221;1\/3&#8243;][vc_column_text]<\/p>\n<h3 class=\"wpb_heading wpb_singleimage_heading\" style=\"text-align: center;\" data-normal-size=\"24\">Pesquisa Especial Academias<\/h3>\n<p>&nbsp;<\/p>\n<p>[\/vc_column_text][vc_single_image image=&#8221;11612&#8243; img_size=&#8221;medium&#8221; alignment=&#8221;center&#8221; style=&#8221;vc_box_outline&#8221;][vc_column_text]<\/p>\n<h3 style=\"text-align: center;\"><a href=\"http:\/\/fecomercio-pe.com.br\/site\/wp-content\/uploads\/2025\/10\/Pesquisa-especial.pdf\" target=\"_blank\" rel=\"noopener\">\u00a0Vers\u00e3o PDF<\/a><\/h3>\n<p>[\/vc_column_text][\/vc_column][\/vc_row][vc_row][vc_column width=&#8221;1\/3&#8243;][vc_column_text]<\/p>\n<h3 class=\"wpb_heading wpb_singleimage_heading\" style=\"text-align: center;\" data-normal-size=\"24\">Perspectivas e Oportunidades Econ\u00f4micas Jaboat\u00e3o dos Guararapes 2025<\/h3>\n<p>[\/vc_column_text][vc_single_image image=&#8221;10990&#8243; img_size=&#8221;medium&#8221; alignment=&#8221;center&#8221; style=&#8221;vc_box_outline&#8221;][vc_column_text]<\/p>\n<h3 style=\"text-align: center;\"><a href=\"https:\/\/fecomerciope-my.sharepoint.com\/:b:\/g\/personal\/comunicacao_fecomerciope_onmicrosoft_com\/Ebi0LuNDDk1DjtIcaT8-PY8BLYXocVkGOa49jirmZ6bOfw?e=bKIS5z\" target=\"_blank\" rel=\"noopener\">\u00a0Vers\u00e3o PDF<\/a><\/h3>\n<p>[\/vc_column_text][\/vc_column][vc_column width=&#8221;1\/3&#8243;][vc_column_text]<\/p>\n<h3 class=\"wpb_heading wpb_singleimage_heading\" style=\"text-align: center;\" data-normal-size=\"24\">Avalia\u00e7\u00e3o de impacto das tarifas norte-americanas em PE<\/h3>\n<p>&nbsp;<\/p>\n<p>[\/vc_column_text][vc_single_image image=&#8221;11456&#8243; img_size=&#8221;medium&#8221; alignment=&#8221;center&#8221; style=&#8221;vc_box_outline&#8221;][vc_column_text]<\/p>\n<h3 style=\"text-align: center;\"><a href=\"http:\/\/fecomercio-pe.com.br\/site\/wp-content\/uploads\/2025\/08\/Avaliacao-de-impacto-das-tarifas-norte-americanas-em-PE.pdf\" target=\"_blank\" rel=\"noopener\">\u00a0Vers\u00e3o PDF<\/a><\/h3>\n<p>[\/vc_column_text][\/vc_column][vc_column width=&#8221;1\/3&#8243;][vc_column_text]<\/p>\n<h3 class=\"wpb_heading wpb_singleimage_heading\" style=\"text-align: center;\" data-normal-size=\"24\">Perspectivas e Oportunidades Econ\u00f4micas Munic\u00edpios de Paulista, Abreu e Lima, Igarassu, Itapissuma e Ilha de Itamarac\u00e1 2025<\/h3>\n<p>[\/vc_column_text][vc_single_image image=&#8221;11066&#8243; img_size=&#8221;medium&#8221; alignment=&#8221;center&#8221; style=&#8221;vc_box_outline&#8221;][vc_column_text]<\/p>\n<h3 style=\"text-align: center;\"><a href=\"https:\/\/fecomerciope-my.sharepoint.com\/:b:\/g\/personal\/comunicacao_fecomerciope_onmicrosoft_com\/EVOEJ9lMUMVPmhVcg7DzZ-EBWozuDZiaExEoh9Gf84cLyA?e=cmgcdR\" target=\"_blank\" rel=\"noopener\">\u00a0Vers\u00e3o PDF<\/a><\/h3>\n<p>[\/vc_column_text][\/vc_column][\/vc_row][vc_row][vc_column][vc_column_text]<br \/>\n[\/vc_column_text][vc_column_text]<\/p>\n<h1 style=\"text-align: center;\"><strong>Pesquisas Especiais | 2024<\/strong><\/h1>\n<p>[\/vc_column_text][\/vc_column][\/vc_row][vc_row][vc_column width=&#8221;1\/2&#8243;][vc_column_text]<\/p>\n<h3 class=\"wpb_heading wpb_singleimage_heading\" style=\"text-align: center;\" data-normal-size=\"24\">Perspectivas e Oportunidades Econ\u00f4micas do Centro do Recife 2024<\/h3>\n<p>&nbsp;<\/p>\n<p>[\/vc_column_text][vc_single_image image=&#8221;10310&#8243; img_size=&#8221;medium&#8221; alignment=&#8221;center&#8221; style=&#8221;vc_box_outline&#8221;][vc_column_text]<\/p>\n<h3 style=\"text-align: center;\"><a href=\"https:\/\/fecomerciope-my.sharepoint.com\/:b:\/g\/personal\/comunicacao_fecomerciope_onmicrosoft_com\/EbEgbtQbyNZEqY9vSizq6z4B9o0ENC4kQJlWXaQW3P2r0A?e=nmC4fI\" target=\"_blank\" rel=\"noopener\">\u00a0Vers\u00e3o PDF<\/a><\/h3>\n<p>[\/vc_column_text][\/vc_column][vc_column width=&#8221;1\/2&#8243;][vc_column_text]<\/p>\n<h3 class=\"wpb_heading wpb_singleimage_heading\" style=\"text-align: center;\" data-normal-size=\"24\">Perspectivas e Oportunidades Econ\u00f4micas nos Munic\u00edpios de Caruaru, Santa Cruz do Capibaribe<br \/>\ne Toritama 2024<\/h3>\n<p>[\/vc_column_text][vc_single_image image=&#8221;10327&#8243; img_size=&#8221;medium&#8221; alignment=&#8221;center&#8221; style=&#8221;vc_box_outline&#8221;][vc_column_text]<\/p>\n<h3 style=\"text-align: center;\"><a href=\"https:\/\/www.fecomercio-pe.com.br\/download\/Pesquisa-2023-Caruaru.pdf\" target=\"_blank\" rel=\"noopener\">\u00a0Vers\u00e3o PDF<\/a><\/h3>\n<p>[\/vc_column_text][\/vc_column][\/vc_row][vc_row][vc_column][vc_column_text]<br \/>\n[\/vc_column_text][vc_column_text]<\/p>\n<h1 style=\"text-align: center;\"><strong>Pesquisas Especiais | 2023<\/strong><\/h1>\n<p>[\/vc_column_text][\/vc_column][\/vc_row][vc_row][vc_column][vc_column_text]<\/p>\n<h3 class=\"wpb_heading wpb_singleimage_heading\" style=\"text-align: center;\" data-normal-size=\"24\">Com\u00e9rcio Eletr\u00f4nico: Consumidores e<br \/>\nVarejistas de Pernambuco | 2023<\/h3>\n<p>[\/vc_column_text][vc_single_image image=&#8221;9653&#8243; img_size=&#8221;medium&#8221; alignment=&#8221;center&#8221; style=&#8221;vc_box_outline&#8221;][vc_column_text]<\/p>\n<h3 style=\"text-align: center;\">\u00a0<a href=\"http:\/\/fecomercio-pe.com.br\/site\/wp-content\/uploads\/2023\/08\/pesquisa-especial-2023.pdf\" target=\"_blank\" rel=\"noopener\">Vers\u00e3o PDF<\/a><\/h3>\n<p>[\/vc_column_text][\/vc_column][\/vc_row][vc_row][vc_column][vc_column_text]<\/p>\n<h1 style=\"text-align: center;\"><strong>Pesquisas Especiais | 2021<\/strong><\/h1>\n<p>[\/vc_column_text][\/vc_column][\/vc_row][vc_row][vc_column width=&#8221;1\/3&#8243;][vc_column_text]<\/p>\n<h3 class=\"wpb_heading wpb_singleimage_heading\" style=\"text-align: center;\" data-normal-size=\"24\">Pesquisa Especial Consumidor Ecommerce 2021<\/h3>\n<p>[\/vc_column_text][vc_single_image image=&#8221;8551&#8243; img_size=&#8221;medium&#8221; alignment=&#8221;center&#8221; style=&#8221;vc_box_outline&#8221;][vc_column_text]<\/p>\n<h3 style=\"text-align: center;\"><a href=\"https:\/\/issuu.com\/fecomerciope\/docs\/pesquisa_especial_consumidor_ecommerce_2021\" target=\"_blank\" rel=\"noopener\">Vers\u00e3o Online<\/a>\u00a0| <a href=\"http:\/\/fecomercio-pe.com.br\/site\/wp-content\/uploads\/2021\/11\/Pesquisa-Especial-Consumidor-Ecommerce-2021.pdf\" target=\"_blank\" rel=\"noopener\">Vers\u00e3o PDF<\/a><\/h3>\n<p>[\/vc_column_text][\/vc_column][vc_column width=&#8221;1\/3&#8243;][vc_column_text]<\/p>\n<h3 class=\"wpb_heading wpb_singleimage_heading\" style=\"text-align: center;\" data-normal-size=\"24\">Pesquisa Especial Varejo Ecommerce 2021<\/h3>\n<p>[\/vc_column_text][vc_single_image image=&#8221;8553&#8243; img_size=&#8221;medium&#8221; alignment=&#8221;center&#8221; style=&#8221;vc_box_outline&#8221;][vc_column_text]<\/p>\n<h3 style=\"text-align: center;\"><a href=\"https:\/\/issuu.com\/fecomerciope\/docs\/pesquisa_especial_varejo_ecommerce_2021\" target=\"_blank\" rel=\"noopener\">Vers\u00e3o Online<\/a>\u00a0| <a href=\"http:\/\/fecomercio-pe.com.br\/site\/wp-content\/uploads\/2021\/11\/Pesquisa-Especial-Varejo-Ecommerce-2021.pdf\" target=\"_blank\" rel=\"noopener\">Vers\u00e3o PDF<\/a><\/h3>\n<p>[\/vc_column_text][\/vc_column][vc_column width=&#8221;1\/3&#8243;][vc_column_text]<\/p>\n<h3 class=\"wpb_heading wpb_singleimage_heading\" style=\"text-align: center;\" data-normal-size=\"24\">Estudo Serra Talhada 2021<\/h3>\n<p>[\/vc_column_text][vc_single_image image=&#8221;8392&#8243; img_size=&#8221;medium&#8221; alignment=&#8221;center&#8221; style=&#8221;vc_box_outline&#8221;][vc_column_text]<\/p>\n<h3 style=\"text-align: center;\"><a href=\"https:\/\/issuu.com\/fecomerciope\/docs\/estudo-serra-talhada_2021\" target=\"_blank\" rel=\"noopener\">Vers\u00e3o Online<\/a>\u00a0| <a href=\"http:\/\/fecomercio-pe.com.br\/site\/wp-content\/uploads\/2021\/08\/estudo-serra-talhada_2021.pdf\" target=\"_blank\" rel=\"noopener\">Vers\u00e3o PDF<\/a><\/h3>\n<p>[\/vc_column_text][\/vc_column][\/vc_row][vc_row][vc_column][vc_column_text]<\/p>\n<h1 style=\"text-align: center;\"><strong>Pesquisas Especiais | 2020<\/strong><\/h1>\n<p>[\/vc_column_text][\/vc_column][\/vc_row][vc_row][vc_column width=&#8221;1\/3&#8243;][\/vc_column][vc_column width=&#8221;1\/3&#8243;][vc_column_text]<\/p>\n<h3 class=\"wpb_heading wpb_singleimage_heading\" style=\"text-align: center;\" data-normal-size=\"24\">Perfil do usu\u00e1rio do transporte p\u00fablico da RMR na pandemia<\/h3>\n<p>[\/vc_column_text][vc_single_image image=&#8221;7571&#8243; img_size=&#8221;medium&#8221; alignment=&#8221;center&#8221; style=&#8221;vc_box_outline&#8221;][vc_column_text]<\/p>\n<h3 style=\"text-align: center;\"><a href=\"https:\/\/issuu.com\/fecomerciope\/docs\/pesquisa_transporte_p_blico\" target=\"_blank\" rel=\"noopener\">Vers\u00e3o Online<\/a> |\u00a0<a href=\"http:\/\/fecomercio-pe.com.br\/site\/wp-content\/uploads\/2020\/09\/Pesquisa-Transporte-P\u00fablico.pdf\" target=\"_blank\" rel=\"noopener\">Vers\u00e3o PDF<\/a><\/h3>\n<p>[\/vc_column_text][\/vc_column][vc_column width=&#8221;1\/3&#8243;][\/vc_column][\/vc_row][vc_row][vc_column][vc_column_text]<\/p>\n<h1 style=\"text-align: center;\"><strong>Pesquisas Especiais | 2018<\/strong><\/h1>\n<p>[\/vc_column_text][\/vc_column][\/vc_row][vc_row][vc_column width=&#8221;1\/3&#8243;][\/vc_column][vc_column width=&#8221;1\/3&#8243;][vc_single_image image=&#8221;5325&#8243; img_size=&#8221;medium&#8221; alignment=&#8221;center&#8221; style=&#8221;vc_box_outline&#8221;][vc_column_text]<\/p>\n<h3 style=\"text-align: center;\"><a href=\"https:\/\/issuu.com\/fecomerciope\/docs\/sondagem_especial_dia_dos_namorados\" target=\"_blank\" rel=\"noopener\">Vers\u00e3o Online<\/a> |\u00a0<a href=\"http:\/\/fecomercio-pe.com.br\/site\/wp-content\/uploads\/2018\/06\/Sondagem-Especial-Dia-dos-Namorados.pdf\" target=\"_blank\" rel=\"noopener\">Vers\u00e3o PDF<\/a><\/h3>\n<p>[\/vc_column_text][\/vc_column][vc_column width=&#8221;1\/3&#8243;][\/vc_column][\/vc_row][vc_row][vc_column][vc_column_text]<\/p>\n<h1 style=\"text-align: center;\"><strong>Pesquisas Especiais | 2017<\/strong><\/h1>\n<p>[\/vc_column_text][\/vc_column][\/vc_row][vc_row][vc_column width=&#8221;1\/3&#8243;][vc_column_text]<\/p>\n<h3 class=\"wpb_heading wpb_singleimage_heading\" style=\"text-align: center;\" data-normal-size=\"24\"><strong>Oportunidade de Feiras e Eventos <\/strong><\/h3>\n<h3 class=\"wpb_heading wpb_singleimage_heading\" style=\"text-align: center;\" data-normal-size=\"24\"><strong>de Neg\u00f3cios em Pernambuco<\/strong><\/h3>\n<p>[\/vc_column_text][vc_column_text]O Instituto Fecom\u00e9rcio-PE lan\u00e7ou, em parceria com o Sebrae-PE e a Ceplan Consultoria, o estudo in\u00e9dito<strong>\u00a0Oportunidade de Feiras e Eventos de Neg\u00f3cios em Pernambuco.<\/strong> O levantamento traz\u00a0um panorama do mercado de eventos de neg\u00f3cios no Estado de Pernambuco e\u00a0aponta os segmentos de bebidas, tecnologia da informa\u00e7\u00e3o e da comunica\u00e7\u00e3o e economia criativa como algumas das \u00e1reas promissoras.<\/p>\n<p><strong>\u00a0<\/strong>[\/vc_column_text][\/vc_column][vc_column width=&#8221;1\/3&#8243;][vc_single_image image=&#8221;4178&#8243; img_size=&#8221;medium&#8221; alignment=&#8221;center&#8221; style=&#8221;vc_box_outline&#8221;][vc_column_text]<\/p>\n<h3 style=\"text-align: center;\"><a href=\"https:\/\/issuu.com\/fecomerciope\/docs\/pesquisa_de_opini__o_-_sondagem_esp\" target=\"_blank\" rel=\"noopener\">Vers\u00e3o Online<\/a> |\u00a0<a href=\"http:\/\/fecomercio-pe.com.br\/site\/wp-content\/uploads\/2017\/07\/Pesquisa-de-Opini%C3%A3o-Sondagem-Especial-Feiras-de-Neg%C3%B3cios.pdf\" target=\"_blank\" rel=\"noopener\">Vers\u00e3o PDF<\/a><\/h3>\n<p>[\/vc_column_text][\/vc_column][vc_column width=&#8221;1\/3&#8243;][\/vc_column][\/vc_row][vc_row][\/vc_row][vc_row][vc_column][\/vc_column][\/vc_row][vc_row][vc_column]<style type=\"text\/css\" >#l_qtk8ba39gqiu09yo650f.sc_line ,#l_qtk8ba39gqiu09yo650f .sc_line { height:1px; background:;}#l_qtk8ba39gqiu09yo650f {margin:0px 0 0px 0; padding:0;}<\/style><div class=\"clearfix\"><\/div><div id=\"l_qtk8ba39gqiu09yo650f\"  class=\"sc_line rd_line_normal\" ><\/div>[\/vc_column][\/vc_row][vc_row][vc_column][vc_column_text]<\/p>\n<h1 class=\"wpb_heading wpb_singleimage_heading\" style=\"text-align: center;\" data-normal-size=\"24\">Pesquisas Especiais | 2015<\/h1>\n<p>[\/vc_column_text][\/vc_column][\/vc_row][vc_row][vc_column width=&#8221;1\/3&#8243;][vc_column_text]<\/p>\n<h4 class=\"wpb_heading wpb_singleimage_heading\" style=\"text-align: center;\" data-normal-size=\"24\"><strong>Perspectivas de desenvolvimento e oportunidades do setor terci\u00e1rio\u00a0<\/strong><strong>para o polo de desenvolvimento de Goiana<\/strong><\/h4>\n<p>[\/vc_column_text][vc_column_text]Os\u00a0estudos mapearam as oportunidades de neg\u00f3cio e requisitos de contrata\u00e7\u00e3o inerentes ao processo produtivo das grandes empresas do Polo de Goiana, bem como a cria\u00e7\u00e3o de subs\u00eddios para a formula\u00e7\u00e3o de pol\u00edticas, programas e projetos pelos agentes que atuam na regi\u00e3o.<\/p>\n<p><strong>\u00a0<\/strong>[\/vc_column_text][\/vc_column][vc_column width=&#8221;1\/3&#8243;][vc_column_text]<\/p>\n<h3 class=\"wpb_heading wpb_singleimage_heading\" style=\"text-align: center;\" data-normal-size=\"24\">Goiana &#8211; Perfil socioecon\u00f4mico do Terr\u00edt\u00f3rio<\/h3>\n<p>[\/vc_column_text][vc_single_image image=&#8221;1008&#8243; img_size=&#8221;medium&#8221; alignment=&#8221;center&#8221; style=&#8221;vc_box_outline&#8221;][vc_column_text]<\/p>\n<h3 style=\"text-align: center;\"><a href=\"http:\/\/issuu.com\/fecomerciope\/docs\/pesquisa_goiana01\" target=\"_blank\" rel=\"noopener\">Vers\u00e3o Online<\/a> |\u00a0<a href=\"http:\/\/fecomercio-pe.com.br\/site\/wp-content\/uploads\/2015\/12\/Pesquisa_goiana01.pdf\" target=\"_blank\" rel=\"noopener\">Vers\u00e3o PDF<\/a><\/h3>\n<p>[\/vc_column_text][\/vc_column][vc_column width=&#8221;1\/3&#8243;][vc_column_text]<\/p>\n<h3 class=\"wpb_heading wpb_singleimage_heading\" style=\"text-align: center;\" data-normal-size=\"24\">Goiana &#8211; Oportunidades de neg\u00f3cios<\/h3>\n<p>[\/vc_column_text][vc_single_image image=&#8221;1009&#8243; img_size=&#8221;medium&#8221; alignment=&#8221;center&#8221; style=&#8221;vc_box_outline&#8221;][vc_column_text]<\/p>\n<h3 style=\"text-align: center;\"><a href=\"http:\/\/issuu.com\/fecomerciope\/docs\/pesquisa_goiana02\" target=\"_blank\" rel=\"noopener\">Vers\u00e3o Online<\/a> |\u00a0<a href=\"http:\/\/fecomercio-pe.com.br\/site\/wp-content\/uploads\/2015\/12\/Pesquisa_goiana02.pdf\" target=\"_blank\" rel=\"noopener\">Vers\u00e3o PDF<\/a><\/h3>\n<p>[\/vc_column_text][\/vc_column][\/vc_row][vc_row][vc_column width=&#8221;1\/3&#8243;][\/vc_column][vc_column width=&#8221;1\/3&#8243;][vc_column_text]<\/p>\n<h3 class=\"wpb_heading wpb_singleimage_heading\" style=\"text-align: center;\" data-normal-size=\"24\">Goiana &#8211; Perfil das empresas locais do setor de com\u00e9rcio e servi\u00e7os<\/h3>\n<p>[\/vc_column_text][vc_single_image image=&#8221;1010&#8243; img_size=&#8221;medium&#8221; alignment=&#8221;center&#8221; style=&#8221;vc_box_outline&#8221;][vc_column_text]<\/p>\n<h3 style=\"text-align: center;\"><a href=\"http:\/\/issuu.com\/fecomerciope\/docs\/pesquisa_goiana03\" target=\"_blank\" rel=\"noopener\">Vers\u00e3o Online<\/a> |\u00a0<a href=\"http:\/\/fecomercio-pe.com.br\/site\/wp-content\/uploads\/2015\/12\/Pesquisa_goiana03.pdf\" target=\"_blank\" rel=\"noopener\">Vers\u00e3o PDF<\/a><\/h3>\n<p>[\/vc_column_text][\/vc_column][vc_column width=&#8221;1\/3&#8243;][vc_column_text]<\/p>\n<h3 class=\"wpb_heading wpb_singleimage_heading\" style=\"text-align: center;\" data-normal-size=\"24\">Goiana &#8211; Diretrizes e recomenda\u00e7\u00f5es para o 3\u00ba setor<\/h3>\n<p>[\/vc_column_text][vc_single_image image=&#8221;1011&#8243; img_size=&#8221;medium&#8221; alignment=&#8221;center&#8221; style=&#8221;vc_box_outline&#8221;][vc_column_text]<\/p>\n<h3 style=\"text-align: center;\"><a href=\"http:\/\/issuu.com\/fecomerciope\/docs\/pesquisa_goiana04\" target=\"_blank\" rel=\"noopener\">Vers\u00e3o Online<\/a> |\u00a0<a href=\"http:\/\/fecomercio-pe.com.br\/site\/wp-content\/uploads\/2015\/12\/Pesquisa_goiana04.pdf\" target=\"_blank\" rel=\"noopener\">Vers\u00e3o PDF<\/a><\/h3>\n<p>[\/vc_column_text][\/vc_column][\/vc_row]<\/p>\n","protected":false},"excerpt":{"rendered":"<p>[vc_row][vc_column][vc_column_text] [\/vc_column_text][vc_column_text] Pesquisas Especiais | 2025 [\/vc_column_text][\/vc_column][\/vc_row][vc_row][vc_column width=&#8221;1\/3&#8243;][vc_column_text] Proje\u00e7\u00f5es Natal 2025 &nbsp; [\/vc_column_text][vc_single_image image=&#8221;11673&#8243; img_size=&#8221;medium&#8221; alignment=&#8221;center&#8221; style=&#8221;vc_box_outline&#8221;][vc_column_text] Vers\u00e3o PDF [\/vc_column_text][\/vc_column][vc_column width=&#8221;1\/3&#8243;][vc_column_text] Estudo Black Friday 2025 &nbsp; [\/vc_column_text][vc_single_image image=&#8221;11623&#8243; img_size=&#8221;medium&#8221; alignment=&#8221;center&#8221; style=&#8221;vc_box_outline&#8221;][vc_column_text] Vers\u00e3o PDF [\/vc_column_text][\/vc_column][vc_column width=&#8221;1\/3&#8243;][vc_column_text] Pesquisa Especial Academias &nbsp; [\/vc_column_text][vc_single_image image=&#8221;11612&#8243; img_size=&#8221;medium&#8221; alignment=&#8221;center&#8221; style=&#8221;vc_box_outline&#8221;][vc_column_text] \u00a0Vers\u00e3o PDF [\/vc_column_text][\/vc_column][\/vc_row][vc_row][vc_column width=&#8221;1\/3&#8243;][vc_column_text] Perspectivas e Oportunidades Econ\u00f4micas Jaboat\u00e3o dos Guararapes<br \/><a href=\"http:\/\/fecomercio-pe.com.br\/site\/pesquisa-goiana-pe\/\" class=\"more\">Read more<\/a><\/p>\n","protected":false},"author":1,"featured_media":0,"parent":0,"menu_order":0,"comment_status":"closed","ping_status":"closed","template":"","meta":{"footnotes":""},"_links":{"self":[{"href":"http:\/\/fecomercio-pe.com.br\/site\/wp-json\/wp\/v2\/pages\/1004"}],"collection":[{"href":"http:\/\/fecomercio-pe.com.br\/site\/wp-json\/wp\/v2\/pages"}],"about":[{"href":"http:\/\/fecomercio-pe.com.br\/site\/wp-json\/wp\/v2\/types\/page"}],"author":[{"embeddable":true,"href":"http:\/\/fecomercio-pe.com.br\/site\/wp-json\/wp\/v2\/users\/1"}],"replies":[{"embeddable":true,"href":"http:\/\/fecomercio-pe.com.br\/site\/wp-json\/wp\/v2\/comments?post=1004"}],"version-history":[{"count":100,"href":"http:\/\/fecomercio-pe.com.br\/site\/wp-json\/wp\/v2\/pages\/1004\/revisions"}],"predecessor-version":[{"id":11675,"href":"http:\/\/fecomercio-pe.com.br\/site\/wp-json\/wp\/v2\/pages\/1004\/revisions\/11675"}],"wp:attachment":[{"href":"http:\/\/fecomercio-pe.com.br\/site\/wp-json\/wp\/v2\/media?parent=1004"}],"curies":[{"name":"wp","href":"https:\/\/api.w.org\/{rel}","templated":true}]}}